{"id":83,"date":"2022-08-03T13:01:33","date_gmt":"2022-08-03T11:01:33","guid":{"rendered":"http:\/\/dgpsycf.cluster030.hosting.ovh.net\/?page_id=83"},"modified":"2022-08-09T17:14:40","modified_gmt":"2022-08-09T15:14:40","slug":"parcours","status":"publish","type":"page","link":"https:\/\/dg-psychologue.com\/index.php\/parcours\/","title":{"rendered":"Parcours"},"content":{"rendered":"\t\t<div data-elementor-type=\"wp-page\" data-elementor-id=\"83\" class=\"elementor elementor-83\">\n\t\t\t\t\t\t<section class=\"elementor-section elementor-top-section elementor-element elementor-element-89b90b4 elementor-section-boxed elementor-section-height-default elementor-section-height-default\" data-id=\"89b90b4\" data-element_type=\"section\" data-e-type=\"section\">\n\t\t\t\t\t\t<div class=\"elementor-container elementor-column-gap-default\">\n\t\t\t\t\t<div class=\"elementor-column elementor-col-100 elementor-top-column elementor-element elementor-element-a9144c4\" data-id=\"a9144c4\" data-element_type=\"column\" data-e-type=\"column\">\n\t\t\t<div class=\"elementor-widget-wrap elementor-element-populated\">\n\t\t\t\t\t\t<div class=\"elementor-element elementor-element-5928cf6 elementor-widget elementor-widget-text-editor\" data-id=\"5928cf6\" data-element_type=\"widget\" data-e-type=\"widget\" data-widget_type=\"text-editor.default\">\n\t\t\t\t<div class=\"elementor-widget-container\">\n\t\t\t\t\t\t\t\t\t<div class=\"wp-block-group\"><div class=\"wp-block-group\"><div class=\"wp-block-group\"><div class=\"wp-block-group\"><div class=\"wp-block-group\"><div class=\"wp-block-group\"><p>Titulaire du titre de psychologue (usage r\u00e9git par l\u2019article 44 de la loi n\u00b085-772 du 25 juillet 1985 et le d\u00e9cret n\u00b090-225 du 22 mars 1990 qui prot\u00e8gent de l\u2019exercice ill\u00e9gal de la profession)<\/p><p><em>Titulaire du titre de psychoth\u00e9rapeute (usage r\u00e8glement\u00e9 par le d\u00e9cret n\u00b02010-534 du 20 mai 2010 qui prot\u00e8ge de l\u2019exercice ill\u00e9gal de la psychoth\u00e9rapie)<\/em><\/p><p>Inscrite au registre d\u00e9partemental ADELI sous le num\u00e9ro\u00a0359316312, qui garantit l\u2019authenticit\u00e9 du dipl\u00f4me de psychologue<\/p><hr \/><p><span style=\"text-indent: 0em; color: var( --e-global-color-text ); text-align: inherit;\"><strong>Master 2 de psycho-criminologie et victimologie, Universit\u00e9 Rennes 2<\/strong> ; rapport de stage et M\u00e9moire autour de la\u00a0vuln\u00e9rabilit\u00e9 et le projet de r\u00e9insertion avec pour directeur de recherche : M. Lo\u00efck M. VILLERBU.<\/span><\/p><ul><li>Passation du TIDC (Test d\u2019Int\u00e9gration Diff\u00e9rentielle des Conflits) sur des personnes plac\u00e9es sous-main de Justice, auteurs\u00a0d&rsquo;infractions \u00e0 caract\u00e8re sexuel.<\/li><li class=\"wp-block-group\"><p>Note de synth\u00e8se (article scientifique) : \u00ab Les \u00e9trangers de l\u2019int\u00e9rieur : Quand la Deuxi\u00e8me g\u00e9n\u00e9ration d\u2019immigration\u00a0maghr\u00e9bine rencontre la radicalisation.\u00bb<\/p><\/li><\/ul><p><span style=\"text-indent: 0em; color: var( --e-global-color-text ); text-align: inherit;\"><strong>Master 1 de Psychologie, option criminologie et victimologie, Universit\u00e9 Rennes 2\u00a0<\/strong>; Rapport de stage; M\u00e9moire \u00abN\u2019\u00eatre\u00a0<\/span><span style=\"text-indent: 0em; color: var( --e-global-color-text ); text-align: inherit;\">Victime\u00bb<\/span><\/p><\/div><ul><li>Passation du test projectif : Rorschach sur des sujets victimes d\u2019abus sexuels durant leurs enfances aboutissant \u00e0 un dossier pour\u00a0le cours pratique de l\u2019examen psychologique avec tests.<\/li><\/ul><p><strong>3\u00b0 ann\u00e9e de licence de psychologie, Universit\u00e9 de Rennes 2<\/strong> ; \u00a0TER \u00ab N\u2019\u00eatre Victime \u00bb<\/p><\/div><ul><li>\u00c9tude sur le harc\u00e8lement en milieu scolaire: \u00abLa loi du silence \u00bb et sur la pratique de l\u2019expertise psychologique en milieu judiciaire.<\/li><\/ul><\/div><div class=\"wp-block-group\"><ul><li>Enseignements Pr\u00e9professionnels : Interventions socio-\u00e9ducatives et judiciaires (Pratiques socio-\u00e9ducatives, Violences, exclusions, d\u00e9linquances, Pratiques socio-judiciaires et p\u00e9nitentiaires).<\/li><\/ul><p><strong>1\u00b0 et 2\u00b0 ann\u00e9e de licence de psychologie, Universit\u00e9 SLHS, Besan\u00e7on<\/strong> ;<\/p><ul><li>Cours Diables et sorcelleries du XVe et XVIe avec les notions de pr\u00e9somptions d&rsquo;innocence et l&rsquo;influence du regard de la soci\u00e9t\u00e9 sur la justice\u00a0<\/li><li>Cours de socio-anthropologie du crime prodigu\u00e9s par le professeur Jean-Michel Bessette avec un dossier su la th\u00e9orie de Lombroso.<\/li><\/ul><\/div><\/div><\/div><\/div>\t\t\t\t\t\t\t\t<\/div>\n\t\t\t\t<\/div>\n\t\t\t\t\t<\/div>\n\t\t<\/div>\n\t\t\t\t\t<\/div>\n\t\t<\/section>\n\t\t\t\t<section class=\"elementor-section elementor-top-section elementor-element elementor-element-c6eaaea elementor-section-boxed elementor-section-height-default elementor-section-height-default\" data-id=\"c6eaaea\" data-element_type=\"section\" data-e-type=\"section\">\n\t\t\t\t\t\t<div class=\"elementor-container elementor-column-gap-default\">\n\t\t\t\t\t<div class=\"elementor-column elementor-col-100 elementor-top-column elementor-element elementor-element-c42e943\" data-id=\"c42e943\" data-element_type=\"column\" data-e-type=\"column\">\n\t\t\t<div class=\"elementor-widget-wrap elementor-element-populated\">\n\t\t\t\t\t\t<div class=\"elementor-element elementor-element-5200229 elementor-widget elementor-widget-image\" data-id=\"5200229\" data-element_type=\"widget\" data-e-type=\"widget\" data-widget_type=\"image.default\">\n\t\t\t\t<div class=\"elementor-widget-container\">\n\t\t\t\t\t\t\t\t\t\t\t\t\t\t\t<img fetchpriority=\"high\" decoding=\"async\" width=\"768\" height=\"1086\" src=\"https:\/\/dg-psychologue.com\/wp-content\/uploads\/2022\/08\/Penser-en-permanence-768x1086.png\" class=\"attachment-medium_large size-medium_large wp-image-287\" alt=\"\" srcset=\"https:\/\/dg-psychologue.com\/wp-content\/uploads\/2022\/08\/Penser-en-permanence-768x1086.png 768w, https:\/\/dg-psychologue.com\/wp-content\/uploads\/2022\/08\/Penser-en-permanence-212x300.png 212w, https:\/\/dg-psychologue.com\/wp-content\/uploads\/2022\/08\/Penser-en-permanence-724x1024.png 724w, https:\/\/dg-psychologue.com\/wp-content\/uploads\/2022\/08\/Penser-en-permanence-1086x1536.png 1086w, https:\/\/dg-psychologue.com\/wp-content\/uploads\/2022\/08\/Penser-en-permanence.png 1414w\" sizes=\"(max-width: 768px) 100vw, 768px\" \/>\t\t\t\t\t\t\t\t\t\t\t\t\t\t\t<\/div>\n\t\t\t\t<\/div>\n\t\t\t\t\t<\/div>\n\t\t<\/div>\n\t\t\t\t\t<\/div>\n\t\t<\/section>\n\t\t\t\t<\/div>\n\t\t","protected":false},"excerpt":{"rendered":"<p>Titulaire du titre de psychologue (usage r\u00e9git par l\u2019article 44 de la loi n\u00b085-772 du 25 juillet 1985 et le d\u00e9cret n\u00b090-225 du 22 mars &hellip;<\/p>\n","protected":false},"author":1,"featured_media":0,"parent":0,"menu_order":0,"comment_status":"closed","ping_status":"closed","template":"","meta":{"footnotes":""},"class_list":["post-83","page","type-page","status-publish","hentry"],"yoast_head":"<!-- This site is optimized with the Yoast SEO plugin v27.4 - https:\/\/yoast.com\/product\/yoast-seo-wordpress\/ -->\n<title>Parcours - Gaume Diphile - Psychologue clinicienne \/ Praticienne EMDR (Calvados, Caen)<\/title>\n<meta name=\"robots\" content=\"index, follow, max-snippet:-1, max-image-preview:large, max-video-preview:-1\" \/>\n<link rel=\"canonical\" href=\"https:\/\/dg-psychologue.com\/index.php\/parcours\/\" \/>\n<meta property=\"og:locale\" content=\"fr_FR\" \/>\n<meta property=\"og:type\" content=\"article\" \/>\n<meta property=\"og:title\" content=\"Parcours - Gaume Diphile - Psychologue clinicienne \/ Praticienne EMDR (Calvados, Caen)\" \/>\n<meta property=\"og:description\" content=\"Titulaire du titre de psychologue (usage r\u00e9git par l\u2019article 44 de la loi n\u00b085-772 du 25 juillet 1985 et le d\u00e9cret n\u00b090-225 du 22 mars &hellip;\" \/>\n<meta property=\"og:url\" content=\"https:\/\/dg-psychologue.com\/index.php\/parcours\/\" \/>\n<meta property=\"og:site_name\" content=\"Gaume Diphile - Psychologue clinicienne \/ Praticienne EMDR (Calvados, Caen)\" \/>\n<meta property=\"article:publisher\" content=\"https:\/\/www.facebook.com\/Diphile-Gaume-Psychologue-Clinicienne-Praticienne-EMDR-101634289317271\/?ref=pages_you_manage\" \/>\n<meta property=\"article:modified_time\" content=\"2022-08-09T15:14:40+00:00\" \/>\n<meta property=\"og:image\" content=\"http:\/\/dgpsycf.cluster030.hosting.ovh.net\/wp-content\/uploads\/2022\/08\/Penser-en-permanence-768x1086.png\" \/>\n<meta name=\"twitter:card\" content=\"summary_large_image\" \/>\n<meta name=\"twitter:label1\" content=\"Dur\u00e9e de lecture estim\u00e9e\" \/>\n\t<meta name=\"twitter:data1\" content=\"2 minutes\" \/>\n<script type=\"application\/ld+json\" class=\"yoast-schema-graph\">{\"@context\":\"https:\\\/\\\/schema.org\",\"@graph\":[{\"@type\":\"WebPage\",\"@id\":\"https:\\\/\\\/dg-psychologue.com\\\/index.php\\\/parcours\\\/\",\"url\":\"https:\\\/\\\/dg-psychologue.com\\\/index.php\\\/parcours\\\/\",\"name\":\"Parcours - Gaume Diphile - Psychologue clinicienne \\\/ Praticienne EMDR (Calvados, Caen)\",\"isPartOf\":{\"@id\":\"https:\\\/\\\/dg-psychologue.com\\\/#website\"},\"primaryImageOfPage\":{\"@id\":\"https:\\\/\\\/dg-psychologue.com\\\/index.php\\\/parcours\\\/#primaryimage\"},\"image\":{\"@id\":\"https:\\\/\\\/dg-psychologue.com\\\/index.php\\\/parcours\\\/#primaryimage\"},\"thumbnailUrl\":\"http:\\\/\\\/dgpsycf.cluster030.hosting.ovh.net\\\/wp-content\\\/uploads\\\/2022\\\/08\\\/Penser-en-permanence-768x1086.png\",\"datePublished\":\"2022-08-03T11:01:33+00:00\",\"dateModified\":\"2022-08-09T15:14:40+00:00\",\"breadcrumb\":{\"@id\":\"https:\\\/\\\/dg-psychologue.com\\\/index.php\\\/parcours\\\/#breadcrumb\"},\"inLanguage\":\"fr-FR\",\"potentialAction\":[{\"@type\":\"ReadAction\",\"target\":[\"https:\\\/\\\/dg-psychologue.com\\\/index.php\\\/parcours\\\/\"]}]},{\"@type\":\"ImageObject\",\"inLanguage\":\"fr-FR\",\"@id\":\"https:\\\/\\\/dg-psychologue.com\\\/index.php\\\/parcours\\\/#primaryimage\",\"url\":\"http:\\\/\\\/dgpsycf.cluster030.hosting.ovh.net\\\/wp-content\\\/uploads\\\/2022\\\/08\\\/Penser-en-permanence-768x1086.png\",\"contentUrl\":\"http:\\\/\\\/dgpsycf.cluster030.hosting.ovh.net\\\/wp-content\\\/uploads\\\/2022\\\/08\\\/Penser-en-permanence-768x1086.png\"},{\"@type\":\"BreadcrumbList\",\"@id\":\"https:\\\/\\\/dg-psychologue.com\\\/index.php\\\/parcours\\\/#breadcrumb\",\"itemListElement\":[{\"@type\":\"ListItem\",\"position\":1,\"name\":\"Accueil\",\"item\":\"https:\\\/\\\/dg-psychologue.com\\\/\"},{\"@type\":\"ListItem\",\"position\":2,\"name\":\"Parcours\"}]},{\"@type\":\"WebSite\",\"@id\":\"https:\\\/\\\/dg-psychologue.com\\\/#website\",\"url\":\"https:\\\/\\\/dg-psychologue.com\\\/\",\"name\":\"Gaume Diphile - Psychologue clinicienne \\\/ Praticienne EMDR (Calvados, Caen)\",\"description\":\"Psychologue clinicienne, sp\u00e9cialis\u00e9e en Psycho-Criminologie et Victimologie. Je suis install\u00e9e en lib\u00e9ral sur Caen \u00e0 partir de Janvier 2023. Je re\u00e7ois les enfants, les adolescents et les adultes en consultation en cabinet, en visioconf\u00e9rence.\",\"publisher\":{\"@id\":\"https:\\\/\\\/dg-psychologue.com\\\/#organization\"},\"potentialAction\":[{\"@type\":\"SearchAction\",\"target\":{\"@type\":\"EntryPoint\",\"urlTemplate\":\"https:\\\/\\\/dg-psychologue.com\\\/?s={search_term_string}\"},\"query-input\":{\"@type\":\"PropertyValueSpecification\",\"valueRequired\":true,\"valueName\":\"search_term_string\"}}],\"inLanguage\":\"fr-FR\"},{\"@type\":\"Organization\",\"@id\":\"https:\\\/\\\/dg-psychologue.com\\\/#organization\",\"name\":\"Gaume Diphile - Psychologue clinicienne \\\/ Praticienne EMDR (Calvados, Caen)\",\"url\":\"https:\\\/\\\/dg-psychologue.com\\\/\",\"logo\":{\"@type\":\"ImageObject\",\"inLanguage\":\"fr-FR\",\"@id\":\"https:\\\/\\\/dg-psychologue.com\\\/#\\\/schema\\\/logo\\\/image\\\/\",\"url\":\"https:\\\/\\\/dg-psychologue.com\\\/wp-content\\\/uploads\\\/2022\\\/08\\\/\u041f\u0438\u043d-\u043e\u0442-\u043f\u043e\u043b\u044c\u0437\u043e\u0432\u0430\u0442\u0435\u043b\u044f-maddie-rae-\u043d\u0430-\u0434\u043e\u0441\u043a\u0435-tatsss-\u041c\u0438\u043b\u044b\u0435-\u0442\u0430\u0442\u0443\u0438\u0440\u043e\u0432\u043a\u0438-\u041c\u0430\u043b\u0435\u043d\u044c\u043a\u0438\u0435-\u0442\u0430\u0442\u0443\u0438\u0440\u043e\u0432\u043a\u0438-\u041b\u0438\u043d\u0435\u0439\u043d\u044b\u0435-\u0447\u0435\u0440\u0442\u0435\u0436\u0438.jpg\",\"contentUrl\":\"https:\\\/\\\/dg-psychologue.com\\\/wp-content\\\/uploads\\\/2022\\\/08\\\/\u041f\u0438\u043d-\u043e\u0442-\u043f\u043e\u043b\u044c\u0437\u043e\u0432\u0430\u0442\u0435\u043b\u044f-maddie-rae-\u043d\u0430-\u0434\u043e\u0441\u043a\u0435-tatsss-\u041c\u0438\u043b\u044b\u0435-\u0442\u0430\u0442\u0443\u0438\u0440\u043e\u0432\u043a\u0438-\u041c\u0430\u043b\u0435\u043d\u044c\u043a\u0438\u0435-\u0442\u0430\u0442\u0443\u0438\u0440\u043e\u0432\u043a\u0438-\u041b\u0438\u043d\u0435\u0439\u043d\u044b\u0435-\u0447\u0435\u0440\u0442\u0435\u0436\u0438.jpg\",\"width\":640,\"height\":640,\"caption\":\"Gaume Diphile - Psychologue clinicienne \\\/ Praticienne EMDR (Calvados, Caen)\"},\"image\":{\"@id\":\"https:\\\/\\\/dg-psychologue.com\\\/#\\\/schema\\\/logo\\\/image\\\/\"},\"sameAs\":[\"https:\\\/\\\/www.facebook.com\\\/Diphile-Gaume-Psychologue-Clinicienne-Praticienne-EMDR-101634289317271\\\/?ref=pages_you_manage\",\"https:\\\/\\\/www.linkedin.com\\\/in\\\/diphile-gaume-2a07a8a1\\\/\"]}]}<\/script>\n<!-- \/ Yoast SEO plugin. -->","yoast_head_json":{"title":"Parcours - Gaume Diphile - Psychologue clinicienne \/ Praticienne EMDR (Calvados, Caen)","robots":{"index":"index","follow":"follow","max-snippet":"max-snippet:-1","max-image-preview":"max-image-preview:large","max-video-preview":"max-video-preview:-1"},"canonical":"https:\/\/dg-psychologue.com\/index.php\/parcours\/","og_locale":"fr_FR","og_type":"article","og_title":"Parcours - Gaume Diphile - Psychologue clinicienne \/ Praticienne EMDR (Calvados, Caen)","og_description":"Titulaire du titre de psychologue (usage r\u00e9git par l\u2019article 44 de la loi n\u00b085-772 du 25 juillet 1985 et le d\u00e9cret n\u00b090-225 du 22 mars &hellip;","og_url":"https:\/\/dg-psychologue.com\/index.php\/parcours\/","og_site_name":"Gaume Diphile - Psychologue clinicienne \/ Praticienne EMDR (Calvados, Caen)","article_publisher":"https:\/\/www.facebook.com\/Diphile-Gaume-Psychologue-Clinicienne-Praticienne-EMDR-101634289317271\/?ref=pages_you_manage","article_modified_time":"2022-08-09T15:14:40+00:00","og_image":[{"url":"http:\/\/dgpsycf.cluster030.hosting.ovh.net\/wp-content\/uploads\/2022\/08\/Penser-en-permanence-768x1086.png","type":"","width":"","height":""}],"twitter_card":"summary_large_image","twitter_misc":{"Dur\u00e9e de lecture estim\u00e9e":"2 minutes"},"schema":{"@context":"https:\/\/schema.org","@graph":[{"@type":"WebPage","@id":"https:\/\/dg-psychologue.com\/index.php\/parcours\/","url":"https:\/\/dg-psychologue.com\/index.php\/parcours\/","name":"Parcours - Gaume Diphile - Psychologue clinicienne \/ Praticienne EMDR (Calvados, Caen)","isPartOf":{"@id":"https:\/\/dg-psychologue.com\/#website"},"primaryImageOfPage":{"@id":"https:\/\/dg-psychologue.com\/index.php\/parcours\/#primaryimage"},"image":{"@id":"https:\/\/dg-psychologue.com\/index.php\/parcours\/#primaryimage"},"thumbnailUrl":"http:\/\/dgpsycf.cluster030.hosting.ovh.net\/wp-content\/uploads\/2022\/08\/Penser-en-permanence-768x1086.png","datePublished":"2022-08-03T11:01:33+00:00","dateModified":"2022-08-09T15:14:40+00:00","breadcrumb":{"@id":"https:\/\/dg-psychologue.com\/index.php\/parcours\/#breadcrumb"},"inLanguage":"fr-FR","potentialAction":[{"@type":"ReadAction","target":["https:\/\/dg-psychologue.com\/index.php\/parcours\/"]}]},{"@type":"ImageObject","inLanguage":"fr-FR","@id":"https:\/\/dg-psychologue.com\/index.php\/parcours\/#primaryimage","url":"http:\/\/dgpsycf.cluster030.hosting.ovh.net\/wp-content\/uploads\/2022\/08\/Penser-en-permanence-768x1086.png","contentUrl":"http:\/\/dgpsycf.cluster030.hosting.ovh.net\/wp-content\/uploads\/2022\/08\/Penser-en-permanence-768x1086.png"},{"@type":"BreadcrumbList","@id":"https:\/\/dg-psychologue.com\/index.php\/parcours\/#breadcrumb","itemListElement":[{"@type":"ListItem","position":1,"name":"Accueil","item":"https:\/\/dg-psychologue.com\/"},{"@type":"ListItem","position":2,"name":"Parcours"}]},{"@type":"WebSite","@id":"https:\/\/dg-psychologue.com\/#website","url":"https:\/\/dg-psychologue.com\/","name":"Gaume Diphile - Psychologue clinicienne \/ Praticienne EMDR (Calvados, Caen)","description":"Psychologue clinicienne, sp\u00e9cialis\u00e9e en Psycho-Criminologie et Victimologie. Je suis install\u00e9e en lib\u00e9ral sur Caen \u00e0 partir de Janvier 2023. Je re\u00e7ois les enfants, les adolescents et les adultes en consultation en cabinet, en visioconf\u00e9rence.","publisher":{"@id":"https:\/\/dg-psychologue.com\/#organization"},"potentialAction":[{"@type":"SearchAction","target":{"@type":"EntryPoint","urlTemplate":"https:\/\/dg-psychologue.com\/?s={search_term_string}"},"query-input":{"@type":"PropertyValueSpecification","valueRequired":true,"valueName":"search_term_string"}}],"inLanguage":"fr-FR"},{"@type":"Organization","@id":"https:\/\/dg-psychologue.com\/#organization","name":"Gaume Diphile - Psychologue clinicienne \/ Praticienne EMDR (Calvados, Caen)","url":"https:\/\/dg-psychologue.com\/","logo":{"@type":"ImageObject","inLanguage":"fr-FR","@id":"https:\/\/dg-psychologue.com\/#\/schema\/logo\/image\/","url":"https:\/\/dg-psychologue.com\/wp-content\/uploads\/2022\/08\/\u041f\u0438\u043d-\u043e\u0442-\u043f\u043e\u043b\u044c\u0437\u043e\u0432\u0430\u0442\u0435\u043b\u044f-maddie-rae-\u043d\u0430-\u0434\u043e\u0441\u043a\u0435-tatsss-\u041c\u0438\u043b\u044b\u0435-\u0442\u0430\u0442\u0443\u0438\u0440\u043e\u0432\u043a\u0438-\u041c\u0430\u043b\u0435\u043d\u044c\u043a\u0438\u0435-\u0442\u0430\u0442\u0443\u0438\u0440\u043e\u0432\u043a\u0438-\u041b\u0438\u043d\u0435\u0439\u043d\u044b\u0435-\u0447\u0435\u0440\u0442\u0435\u0436\u0438.jpg","contentUrl":"https:\/\/dg-psychologue.com\/wp-content\/uploads\/2022\/08\/\u041f\u0438\u043d-\u043e\u0442-\u043f\u043e\u043b\u044c\u0437\u043e\u0432\u0430\u0442\u0435\u043b\u044f-maddie-rae-\u043d\u0430-\u0434\u043e\u0441\u043a\u0435-tatsss-\u041c\u0438\u043b\u044b\u0435-\u0442\u0430\u0442\u0443\u0438\u0440\u043e\u0432\u043a\u0438-\u041c\u0430\u043b\u0435\u043d\u044c\u043a\u0438\u0435-\u0442\u0430\u0442\u0443\u0438\u0440\u043e\u0432\u043a\u0438-\u041b\u0438\u043d\u0435\u0439\u043d\u044b\u0435-\u0447\u0435\u0440\u0442\u0435\u0436\u0438.jpg","width":640,"height":640,"caption":"Gaume Diphile - Psychologue clinicienne \/ Praticienne EMDR (Calvados, Caen)"},"image":{"@id":"https:\/\/dg-psychologue.com\/#\/schema\/logo\/image\/"},"sameAs":["https:\/\/www.facebook.com\/Diphile-Gaume-Psychologue-Clinicienne-Praticienne-EMDR-101634289317271\/?ref=pages_you_manage","https:\/\/www.linkedin.com\/in\/diphile-gaume-2a07a8a1\/"]}]}},"_links":{"self":[{"href":"https:\/\/dg-psychologue.com\/index.php\/wp-json\/wp\/v2\/pages\/83","targetHints":{"allow":["GET"]}}],"collection":[{"href":"https:\/\/dg-psychologue.com\/index.php\/wp-json\/wp\/v2\/pages"}],"about":[{"href":"https:\/\/dg-psychologue.com\/index.php\/wp-json\/wp\/v2\/types\/page"}],"author":[{"embeddable":true,"href":"https:\/\/dg-psychologue.com\/index.php\/wp-json\/wp\/v2\/users\/1"}],"replies":[{"embeddable":true,"href":"https:\/\/dg-psychologue.com\/index.php\/wp-json\/wp\/v2\/comments?post=83"}],"version-history":[{"count":24,"href":"https:\/\/dg-psychologue.com\/index.php\/wp-json\/wp\/v2\/pages\/83\/revisions"}],"predecessor-version":[{"id":290,"href":"https:\/\/dg-psychologue.com\/index.php\/wp-json\/wp\/v2\/pages\/83\/revisions\/290"}],"wp:attachment":[{"href":"https:\/\/dg-psychologue.com\/index.php\/wp-json\/wp\/v2\/media?parent=83"}],"curies":[{"name":"wp","href":"https:\/\/api.w.org\/{rel}","templated":true}]}}