{"id":78,"date":"2022-08-02T20:15:02","date_gmt":"2022-08-02T18:15:02","guid":{"rendered":"http:\/\/dgpsycf.cluster030.hosting.ovh.net\/?page_id=78"},"modified":"2026-01-25T19:42:06","modified_gmt":"2026-01-25T18:42:06","slug":"tarifs-consultation-psychologue","status":"publish","type":"page","link":"https:\/\/dg-psychologue.com\/index.php\/tarifs-consultation-psychologue\/","title":{"rendered":"Honoraires et Horaires"},"content":{"rendered":"\t\t<div data-elementor-type=\"wp-page\" data-elementor-id=\"78\" class=\"elementor elementor-78\">\n\t\t\t\t\t\t<section class=\"elementor-section elementor-top-section elementor-element elementor-element-d5cc8c3 elementor-section-boxed elementor-section-height-default elementor-section-height-default\" data-id=\"d5cc8c3\" data-element_type=\"section\" data-e-type=\"section\">\n\t\t\t\t\t\t<div class=\"elementor-container elementor-column-gap-default\">\n\t\t\t\t\t<div class=\"elementor-column elementor-col-100 elementor-top-column elementor-element elementor-element-4d44a1e\" data-id=\"4d44a1e\" data-element_type=\"column\" data-e-type=\"column\">\n\t\t\t<div class=\"elementor-widget-wrap\">\n\t\t\t\t\t\t\t<\/div>\n\t\t<\/div>\n\t\t\t\t\t<\/div>\n\t\t<\/section>\n\t\t\t\t<section class=\"elementor-section elementor-top-section elementor-element elementor-element-3705e0dd elementor-section-boxed elementor-section-height-default elementor-section-height-default\" data-id=\"3705e0dd\" data-element_type=\"section\" data-e-type=\"section\">\n\t\t\t\t\t\t<div class=\"elementor-container elementor-column-gap-default\">\n\t\t\t\t\t<div class=\"elementor-column elementor-col-100 elementor-top-column elementor-element elementor-element-530d7b53\" data-id=\"530d7b53\" data-element_type=\"column\" data-e-type=\"column\">\n\t\t\t<div class=\"elementor-widget-wrap elementor-element-populated\">\n\t\t\t\t\t\t<div class=\"elementor-element elementor-element-51aab58 elementor-arrows-position-outside elementor-pagination-position-outside elementor-widget elementor-widget-image-carousel\" data-id=\"51aab58\" data-element_type=\"widget\" data-e-type=\"widget\" data-settings=\"{&quot;slides_to_show&quot;:&quot;1&quot;,&quot;navigation&quot;:&quot;both&quot;,&quot;autoplay&quot;:&quot;yes&quot;,&quot;pause_on_hover&quot;:&quot;yes&quot;,&quot;pause_on_interaction&quot;:&quot;yes&quot;,&quot;autoplay_speed&quot;:5000,&quot;infinite&quot;:&quot;yes&quot;,&quot;effect&quot;:&quot;slide&quot;,&quot;speed&quot;:500}\" data-widget_type=\"image-carousel.default\">\n\t\t\t\t<div class=\"elementor-widget-container\">\n\t\t\t\t\t\t\t<div class=\"elementor-image-carousel-wrapper swiper\" role=\"region\" aria-roledescription=\"carousel\" aria-label=\"Carrousel d\u2019images\" dir=\"ltr\">\n\t\t\t<div class=\"elementor-image-carousel swiper-wrapper\" aria-live=\"off\">\n\t\t\t\t\t\t\t\t<div class=\"swiper-slide\" role=\"group\" aria-roledescription=\"slide\" aria-label=\"1 sur 2\"><figure class=\"swiper-slide-inner\"><img decoding=\"async\" class=\"swiper-slide-image\" src=\"https:\/\/dg-psychologue.com\/wp-content\/uploads\/elementor\/thumbs\/tarif-adulte-px8b9i9welcupalhpdcb4kqocvhphkg5wnzq3pua3k.png\" alt=\"tarif adulte\" \/><\/figure><\/div><div class=\"swiper-slide\" role=\"group\" aria-roledescription=\"slide\" aria-label=\"2 sur 2\"><figure class=\"swiper-slide-inner\"><img decoding=\"async\" class=\"swiper-slide-image\" src=\"https:\/\/dg-psychologue.com\/wp-content\/uploads\/elementor\/thumbs\/tarif-Emdr-psq59lp56bc7qh7dnmy4m7qhfgcdu1fni49l7xvzq8.jpg\" alt=\"tarif Emdr\" \/><\/figure><\/div>\t\t\t<\/div>\n\t\t\t\t\t\t\t\t\t\t\t\t<div class=\"elementor-swiper-button elementor-swiper-button-prev\" role=\"button\" tabindex=\"0\">\n\t\t\t\t\t\t<i aria-hidden=\"true\" class=\"fas fa-arrow-alt-circle-left\"><\/i>\t\t\t\t\t<\/div>\n\t\t\t\t\t<div class=\"elementor-swiper-button elementor-swiper-button-next\" role=\"button\" tabindex=\"0\">\n\t\t\t\t\t\t<i aria-hidden=\"true\" class=\"fas fa-arrow-alt-circle-right\"><\/i>\t\t\t\t\t<\/div>\n\t\t\t\t\n\t\t\t\t\t\t\t\t\t<div class=\"swiper-pagination\"><\/div>\n\t\t\t\t\t\t\t\t\t<\/div>\n\t\t\t\t\t\t<\/div>\n\t\t\t\t<\/div>\n\t\t\t\t<div class=\"elementor-element elementor-element-33c98420 elementor-widget elementor-widget-text-editor\" data-id=\"33c98420\" data-element_type=\"widget\" data-e-type=\"widget\" data-widget_type=\"text-editor.default\">\n\t\t\t\t<div class=\"elementor-widget-container\">\n\t\t\t\t\t\t\t\t\t<p>Psychologue clinicienne sp\u00e9cialis\u00e9e en Psycho-criminologie et victimologie (Enfants, adolescents, adultes),\u00a0praticienne EMDR, je \u00a0propose un accompagnement aupr\u00e8s des\u00a0particuliers\u00a0(\u00a0enfants,\u00a0adolescents et adultes)\u00a0et des\u00a0entreprises\u00a0sur diff\u00e9rentes probl\u00e9matiques dans un espace garantissant la confidentialit\u00e9 des \u00e9changes ou en distanciel si le d\u00e9placement au cabinet semble compliqu\u00e9.<\/p><p><!-- \/wp:paragraph --><!-- wp:paragraph --><\/p><h5>Honoraires applicables que cela soit au cabinet ou en visioconf\u00e9rence :<\/h5><p><!-- \/wp:paragraph --><!-- wp:paragraph --><\/p><ul><li><h6><strong>Consultation Psychologique :<\/strong><\/h6><\/li><\/ul><p><!-- \/wp:paragraph --><!-- wp:paragraph --><\/p><p>Le tarif d\u2019une <strong>consultation psychologique est de 60 \u20ac pour 45 \u00e0 60 minutes.<\/strong><\/p><p><!-- \/wp:paragraph --><!-- wp:paragraph --><\/p><p>Consultation <strong>adolescent<\/strong> : <strong>consultation psychologiqu<\/strong>e est de <b>6<\/b><strong>0 \u20ac.\u00a0<\/strong><\/p><p><!-- \/wp:paragraph --><!-- wp:paragraph --><\/p><p><!-- \/wp:paragraph --><!-- wp:paragraph --><\/p><ul><li><h6><strong>Consultation EMDR :\u00a0<\/strong><\/h6><\/li><\/ul><p><!-- \/wp:paragraph --><!-- wp:paragraph --><\/p><p>&gt;La <strong>premi\u00e8re consultation<\/strong> (environ 1H30) avant la mise en place d\u2019une Th\u00e9rapie EMDR est au prix de <b>8<\/b><strong>0\u20ac<\/strong>.<br \/>&gt;Le co\u00fbt <strong>des s\u00e9ances suivantes <\/strong>de d\u00e9sensibilisation \u00a0EMDR est de<strong> 70<\/strong>\u20ac. \u00a0 \u00a0\u00a0<\/p><p><!-- \/wp:paragraph --><!-- wp:paragraph --><\/p><p>Entreprise\/domicile : frais de d\u00e9placement 0,50 \u20ac\/km \u00e0 partir de mon cabinet de consultations.<\/p><ul><li><span style=\"color: #118a8c;\"><strong>Walk and Talk :<\/strong><\/span><\/li><\/ul><p>Le tarif d\u2019une <strong>consultation psychologique est de 60 \u20ac pour 45 \u00e0 60 minutes..<\/strong><\/p><p>La 1\u00e8re s\u00e9ance se fait au cabinet afin de faire le point sur la demande et s\u2019accorder sur l\u2019organisation des s\u00e9ances (lieu, horaire, etc.).<\/p><p>Il faut pr\u00e9voir un tenue adapt\u00e9e \u00e0 la m\u00e9t\u00e9o ainsi que des chaussures adapt\u00e9es \u00e0 la marche.\u00a0<\/p><p><!-- \/wp:paragraph --><!-- wp:paragraph --><!-- \/wp:paragraph --><!-- wp:heading --><\/p><h5><strong>Moyens de paiement ( esp\u00e8ces \/\u00a0<\/strong>ch\u00e8ques ) :<\/h5><p><!-- \/wp:heading --><!-- wp:paragraph --><\/p><p><em>! Je ne fais pas partie du dispositif de remboursement s\u00e9curit\u00e9 sociale 2022 !<\/em><\/p><p>Le paiement des consultations par visioconf\u00e9rence s\u2019effectuent avant la s\u00e9ance par paiement s\u00e9curis\u00e9 via un virement et apr\u00e8s confirmation du rendez-vous par le praticien.<\/p><p><!-- \/wp:paragraph --><!-- wp:paragraph --><\/p><p>Certaines mutuelles ou assurances proposent une prise en charge partielle ou totale des consultations chez une psychologue si celle-ci a le titre de psychologue clinicienne.<\/p><p><!-- \/wp:paragraph --><!-- wp:paragraph --><\/p><p>Renseignez-vous d\u00e8s \u00e0 pr\u00e9sent aupr\u00e8s de votre organisme, afin que les justificatifs dont elle aura besoin vous soient d\u00e9livr\u00e9s par mes soins.<\/p><p><!-- \/wp:paragraph --><!-- wp:paragraph --><\/p><h6><strong>Conditions d\u2019annulation<\/strong><\/h6><p><!-- \/wp:paragraph --><!-- wp:paragraph --><\/p><p>Prendre rendez-vous est un engagement, merci de bien vouloir prendre connaissance des conditions d\u2019annulation.<\/p><p><!-- \/wp:paragraph --><!-- wp:list --><\/p><ul><li>En cas d\u2019emp\u00eachement merci de bien vouloir pr\u00e9venir 48 heures avant votre entretien.<\/li><li>Une consultation\u00a0non honor\u00e9e sera due si celle-ci n\u2019est pas d\u00e9command\u00e9e 48h avant la date pr\u00e9vue.<\/li><\/ul><p><!-- \/wp:list --><!-- wp:paragraph --><\/p><h5>Horaires (sur Rendez-vous):<\/h5><p><!-- \/wp:paragraph --><!-- wp:paragraph --><\/p><p>Lundi : 10h &#8211; 18 h<\/p><p><!-- \/wp:paragraph --><!-- wp:paragraph --><\/p><p>Mardi \u00a0: 10h &#8211; 19h<\/p><p><!-- \/wp:paragraph --><!-- wp:paragraph --><\/p><p>Mercredi : 19h &#8211; 19h<\/p><p><!-- \/wp:paragraph --><!-- wp:paragraph --><\/p><p>Jeudi \u00a0: 10h &#8211; 18h<\/p><p><!-- \/wp:paragraph --><!-- wp:paragraph --><\/p><p>Vendredi : \/<\/p><p><!-- \/wp:paragraph --><!-- wp:paragraph --><\/p><p>Samedi : \/<\/p><p>J\u2019adh\u00e8re au <a href=\"http:\/\/www.codededeontologiedespsychologues.fr\/LE-CODE.html\">code de d\u00e9ontologie des psychologues<\/a><\/p><p><!-- \/wp:paragraph --><\/p>\t\t\t\t\t\t\t\t<\/div>\n\t\t\t\t<\/div>\n\t\t\t\t<div class=\"elementor-element elementor-element-63c3ece elementor-widget elementor-widget-image\" data-id=\"63c3ece\" data-element_type=\"widget\" data-e-type=\"widget\" data-widget_type=\"image.default\">\n\t\t\t\t<div class=\"elementor-widget-container\">\n\t\t\t\t\t\t\t\t\t\t\t\t<figure class=\"wp-caption\">\n\t\t\t\t\t\t\t\t\t\t<img fetchpriority=\"high\" decoding=\"async\" width=\"474\" height=\"612\" src=\"https:\/\/dg-psychologue.com\/wp-content\/uploads\/2022\/08\/7589992337c58e2d8dd98e822d3a7407-iceberg-the-end.jpg\" class=\"attachment-large size-large wp-image-123\" alt=\"\" srcset=\"https:\/\/dg-psychologue.com\/wp-content\/uploads\/2022\/08\/7589992337c58e2d8dd98e822d3a7407-iceberg-the-end.jpg 474w, https:\/\/dg-psychologue.com\/wp-content\/uploads\/2022\/08\/7589992337c58e2d8dd98e822d3a7407-iceberg-the-end-232x300.jpg 232w\" sizes=\"(max-width: 474px) 100vw, 474px\" \/>\t\t\t\t\t\t\t\t\t\t\t<figcaption class=\"widget-image-caption wp-caption-text\">Artiste Paula Bonet <\/figcaption>\n\t\t\t\t\t\t\t\t\t\t<\/figure>\n\t\t\t\t\t\t\t\t\t<\/div>\n\t\t\t\t<\/div>\n\t\t\t\t\t<\/div>\n\t\t<\/div>\n\t\t\t\t\t<\/div>\n\t\t<\/section>\n\t\t\t\t<section class=\"elementor-section elementor-top-section elementor-element elementor-element-680ff60 elementor-section-boxed elementor-section-height-default elementor-section-height-default\" data-id=\"680ff60\" data-element_type=\"section\" data-e-type=\"section\">\n\t\t\t\t\t\t<div class=\"elementor-container elementor-column-gap-default\">\n\t\t\t\t\t<div class=\"elementor-column elementor-col-100 elementor-top-column elementor-element elementor-element-4881480\" data-id=\"4881480\" data-element_type=\"column\" data-e-type=\"column\">\n\t\t\t<div class=\"elementor-widget-wrap\">\n\t\t\t\t\t\t\t<\/div>\n\t\t<\/div>\n\t\t\t\t\t<\/div>\n\t\t<\/section>\n\t\t\t\t<\/div>\n\t\t","protected":false},"excerpt":{"rendered":"<p>Psychologue clinicienne sp\u00e9cialis\u00e9e en Psycho-criminologie et victimologie (Enfants, adolescents, adultes),\u00a0praticienne EMDR, je \u00a0propose un accompagnement aupr\u00e8s des\u00a0particuliers\u00a0(\u00a0enfants,\u00a0adolescents et adultes)\u00a0et des\u00a0entreprises\u00a0sur diff\u00e9rentes probl\u00e9matiques dans un espace &hellip;<\/p>\n","protected":false},"author":1,"featured_media":0,"parent":0,"menu_order":0,"comment_status":"closed","ping_status":"closed","template":"","meta":{"footnotes":""},"class_list":["post-78","page","type-page","status-publish","hentry"],"yoast_head":"<!-- This site is optimized with the Yoast SEO plugin v27.4 - https:\/\/yoast.com\/product\/yoast-seo-wordpress\/ -->\n<title>Honoraires et Horaires - Gaume Diphile - Psychologue clinicienne \/ Praticienne EMDR (Calvados, Caen)<\/title>\n<meta name=\"description\" content=\"Tarif consultation psychologue : adulte 60 euros, Ado 50 euros, enfant 45\/30 euros possibilit\u00e9 domicile \/ visioconf\u00e9rence - consultation EMDR : 70 euros\" \/>\n<meta name=\"robots\" content=\"index, follow, max-snippet:-1, max-image-preview:large, max-video-preview:-1\" \/>\n<link rel=\"canonical\" href=\"https:\/\/dg-psychologue.com\/index.php\/tarifs-consultation-psychologue\/\" \/>\n<meta property=\"og:locale\" content=\"fr_FR\" \/>\n<meta property=\"og:type\" content=\"article\" \/>\n<meta property=\"og:title\" content=\"Honoraires et Horaires - Gaume Diphile - Psychologue clinicienne \/ Praticienne EMDR (Calvados, Caen)\" \/>\n<meta property=\"og:description\" content=\"Tarif consultation psychologue : adulte 60 euros, Ado 50 euros, enfant 45\/30 euros possibilit\u00e9 domicile \/ visioconf\u00e9rence - consultation EMDR : 70 euros\" \/>\n<meta property=\"og:url\" content=\"https:\/\/dg-psychologue.com\/index.php\/tarifs-consultation-psychologue\/\" \/>\n<meta property=\"og:site_name\" content=\"Gaume Diphile - Psychologue clinicienne \/ Praticienne EMDR (Calvados, Caen)\" \/>\n<meta property=\"article:publisher\" content=\"https:\/\/www.facebook.com\/Diphile-Gaume-Psychologue-Clinicienne-Praticienne-EMDR-101634289317271\/?ref=pages_you_manage\" \/>\n<meta property=\"article:modified_time\" content=\"2026-01-25T18:42:06+00:00\" \/>\n<meta property=\"og:image\" content=\"https:\/\/dg-psychologue.com\/wp-content\/uploads\/elementor\/thumbs\/tarif-adulte-px8b9i9welcupalhpdcb4kqocvhphkg5wnzq3pua3k.png\" \/>\n<meta name=\"twitter:card\" content=\"summary_large_image\" \/>\n<meta name=\"twitter:label1\" content=\"Dur\u00e9e de lecture estim\u00e9e\" \/>\n\t<meta name=\"twitter:data1\" content=\"4 minutes\" \/>\n<script type=\"application\/ld+json\" class=\"yoast-schema-graph\">{\"@context\":\"https:\\\/\\\/schema.org\",\"@graph\":[{\"@type\":\"WebPage\",\"@id\":\"https:\\\/\\\/dg-psychologue.com\\\/index.php\\\/tarifs-consultation-psychologue\\\/\",\"url\":\"https:\\\/\\\/dg-psychologue.com\\\/index.php\\\/tarifs-consultation-psychologue\\\/\",\"name\":\"Honoraires et Horaires - Gaume Diphile - Psychologue clinicienne \\\/ Praticienne EMDR (Calvados, Caen)\",\"isPartOf\":{\"@id\":\"https:\\\/\\\/dg-psychologue.com\\\/#website\"},\"primaryImageOfPage\":{\"@id\":\"https:\\\/\\\/dg-psychologue.com\\\/index.php\\\/tarifs-consultation-psychologue\\\/#primaryimage\"},\"image\":{\"@id\":\"https:\\\/\\\/dg-psychologue.com\\\/index.php\\\/tarifs-consultation-psychologue\\\/#primaryimage\"},\"thumbnailUrl\":\"https:\\\/\\\/dg-psychologue.com\\\/wp-content\\\/uploads\\\/elementor\\\/thumbs\\\/tarif-adulte-px8b9i9welcupalhpdcb4kqocvhphkg5wnzq3pua3k.png\",\"datePublished\":\"2022-08-02T18:15:02+00:00\",\"dateModified\":\"2026-01-25T18:42:06+00:00\",\"description\":\"Tarif consultation psychologue : adulte 60 euros, Ado 50 euros, enfant 45\\\/30 euros possibilit\u00e9 domicile \\\/ visioconf\u00e9rence - consultation EMDR : 70 euros\",\"breadcrumb\":{\"@id\":\"https:\\\/\\\/dg-psychologue.com\\\/index.php\\\/tarifs-consultation-psychologue\\\/#breadcrumb\"},\"inLanguage\":\"fr-FR\",\"potentialAction\":[{\"@type\":\"ReadAction\",\"target\":[\"https:\\\/\\\/dg-psychologue.com\\\/index.php\\\/tarifs-consultation-psychologue\\\/\"]}]},{\"@type\":\"ImageObject\",\"inLanguage\":\"fr-FR\",\"@id\":\"https:\\\/\\\/dg-psychologue.com\\\/index.php\\\/tarifs-consultation-psychologue\\\/#primaryimage\",\"url\":\"https:\\\/\\\/dg-psychologue.com\\\/wp-content\\\/uploads\\\/elementor\\\/thumbs\\\/tarif-adulte-px8b9i9welcupalhpdcb4kqocvhphkg5wnzq3pua3k.png\",\"contentUrl\":\"https:\\\/\\\/dg-psychologue.com\\\/wp-content\\\/uploads\\\/elementor\\\/thumbs\\\/tarif-adulte-px8b9i9welcupalhpdcb4kqocvhphkg5wnzq3pua3k.png\"},{\"@type\":\"BreadcrumbList\",\"@id\":\"https:\\\/\\\/dg-psychologue.com\\\/index.php\\\/tarifs-consultation-psychologue\\\/#breadcrumb\",\"itemListElement\":[{\"@type\":\"ListItem\",\"position\":1,\"name\":\"Accueil\",\"item\":\"https:\\\/\\\/dg-psychologue.com\\\/\"},{\"@type\":\"ListItem\",\"position\":2,\"name\":\"Honoraires et Horaires\"}]},{\"@type\":\"WebSite\",\"@id\":\"https:\\\/\\\/dg-psychologue.com\\\/#website\",\"url\":\"https:\\\/\\\/dg-psychologue.com\\\/\",\"name\":\"Gaume Diphile - Psychologue clinicienne \\\/ Praticienne EMDR (Calvados, Caen)\",\"description\":\"Psychologue clinicienne, sp\u00e9cialis\u00e9e en Psycho-Criminologie et Victimologie. Je suis install\u00e9e en lib\u00e9ral sur Caen \u00e0 partir de Janvier 2023. Je re\u00e7ois les enfants, les adolescents et les adultes en consultation en cabinet, en visioconf\u00e9rence.\",\"publisher\":{\"@id\":\"https:\\\/\\\/dg-psychologue.com\\\/#organization\"},\"potentialAction\":[{\"@type\":\"SearchAction\",\"target\":{\"@type\":\"EntryPoint\",\"urlTemplate\":\"https:\\\/\\\/dg-psychologue.com\\\/?s={search_term_string}\"},\"query-input\":{\"@type\":\"PropertyValueSpecification\",\"valueRequired\":true,\"valueName\":\"search_term_string\"}}],\"inLanguage\":\"fr-FR\"},{\"@type\":\"Organization\",\"@id\":\"https:\\\/\\\/dg-psychologue.com\\\/#organization\",\"name\":\"Gaume Diphile - Psychologue clinicienne \\\/ Praticienne EMDR (Calvados, Caen)\",\"url\":\"https:\\\/\\\/dg-psychologue.com\\\/\",\"logo\":{\"@type\":\"ImageObject\",\"inLanguage\":\"fr-FR\",\"@id\":\"https:\\\/\\\/dg-psychologue.com\\\/#\\\/schema\\\/logo\\\/image\\\/\",\"url\":\"https:\\\/\\\/dg-psychologue.com\\\/wp-content\\\/uploads\\\/2022\\\/08\\\/\u041f\u0438\u043d-\u043e\u0442-\u043f\u043e\u043b\u044c\u0437\u043e\u0432\u0430\u0442\u0435\u043b\u044f-maddie-rae-\u043d\u0430-\u0434\u043e\u0441\u043a\u0435-tatsss-\u041c\u0438\u043b\u044b\u0435-\u0442\u0430\u0442\u0443\u0438\u0440\u043e\u0432\u043a\u0438-\u041c\u0430\u043b\u0435\u043d\u044c\u043a\u0438\u0435-\u0442\u0430\u0442\u0443\u0438\u0440\u043e\u0432\u043a\u0438-\u041b\u0438\u043d\u0435\u0439\u043d\u044b\u0435-\u0447\u0435\u0440\u0442\u0435\u0436\u0438.jpg\",\"contentUrl\":\"https:\\\/\\\/dg-psychologue.com\\\/wp-content\\\/uploads\\\/2022\\\/08\\\/\u041f\u0438\u043d-\u043e\u0442-\u043f\u043e\u043b\u044c\u0437\u043e\u0432\u0430\u0442\u0435\u043b\u044f-maddie-rae-\u043d\u0430-\u0434\u043e\u0441\u043a\u0435-tatsss-\u041c\u0438\u043b\u044b\u0435-\u0442\u0430\u0442\u0443\u0438\u0440\u043e\u0432\u043a\u0438-\u041c\u0430\u043b\u0435\u043d\u044c\u043a\u0438\u0435-\u0442\u0430\u0442\u0443\u0438\u0440\u043e\u0432\u043a\u0438-\u041b\u0438\u043d\u0435\u0439\u043d\u044b\u0435-\u0447\u0435\u0440\u0442\u0435\u0436\u0438.jpg\",\"width\":640,\"height\":640,\"caption\":\"Gaume Diphile - Psychologue clinicienne \\\/ Praticienne EMDR (Calvados, Caen)\"},\"image\":{\"@id\":\"https:\\\/\\\/dg-psychologue.com\\\/#\\\/schema\\\/logo\\\/image\\\/\"},\"sameAs\":[\"https:\\\/\\\/www.facebook.com\\\/Diphile-Gaume-Psychologue-Clinicienne-Praticienne-EMDR-101634289317271\\\/?ref=pages_you_manage\",\"https:\\\/\\\/www.linkedin.com\\\/in\\\/diphile-gaume-2a07a8a1\\\/\"]}]}<\/script>\n<!-- \/ Yoast SEO plugin. -->","yoast_head_json":{"title":"Honoraires et Horaires - Gaume Diphile - Psychologue clinicienne \/ Praticienne EMDR (Calvados, Caen)","description":"Tarif consultation psychologue : adulte 60 euros, Ado 50 euros, enfant 45\/30 euros possibilit\u00e9 domicile \/ visioconf\u00e9rence - consultation EMDR : 70 euros","robots":{"index":"index","follow":"follow","max-snippet":"max-snippet:-1","max-image-preview":"max-image-preview:large","max-video-preview":"max-video-preview:-1"},"canonical":"https:\/\/dg-psychologue.com\/index.php\/tarifs-consultation-psychologue\/","og_locale":"fr_FR","og_type":"article","og_title":"Honoraires et Horaires - Gaume Diphile - Psychologue clinicienne \/ Praticienne EMDR (Calvados, Caen)","og_description":"Tarif consultation psychologue : adulte 60 euros, Ado 50 euros, enfant 45\/30 euros possibilit\u00e9 domicile \/ visioconf\u00e9rence - consultation EMDR : 70 euros","og_url":"https:\/\/dg-psychologue.com\/index.php\/tarifs-consultation-psychologue\/","og_site_name":"Gaume Diphile - Psychologue clinicienne \/ Praticienne EMDR (Calvados, Caen)","article_publisher":"https:\/\/www.facebook.com\/Diphile-Gaume-Psychologue-Clinicienne-Praticienne-EMDR-101634289317271\/?ref=pages_you_manage","article_modified_time":"2026-01-25T18:42:06+00:00","og_image":[{"url":"https:\/\/dg-psychologue.com\/wp-content\/uploads\/elementor\/thumbs\/tarif-adulte-px8b9i9welcupalhpdcb4kqocvhphkg5wnzq3pua3k.png","type":"","width":"","height":""}],"twitter_card":"summary_large_image","twitter_misc":{"Dur\u00e9e de lecture estim\u00e9e":"4 minutes"},"schema":{"@context":"https:\/\/schema.org","@graph":[{"@type":"WebPage","@id":"https:\/\/dg-psychologue.com\/index.php\/tarifs-consultation-psychologue\/","url":"https:\/\/dg-psychologue.com\/index.php\/tarifs-consultation-psychologue\/","name":"Honoraires et Horaires - Gaume Diphile - Psychologue clinicienne \/ Praticienne EMDR (Calvados, Caen)","isPartOf":{"@id":"https:\/\/dg-psychologue.com\/#website"},"primaryImageOfPage":{"@id":"https:\/\/dg-psychologue.com\/index.php\/tarifs-consultation-psychologue\/#primaryimage"},"image":{"@id":"https:\/\/dg-psychologue.com\/index.php\/tarifs-consultation-psychologue\/#primaryimage"},"thumbnailUrl":"https:\/\/dg-psychologue.com\/wp-content\/uploads\/elementor\/thumbs\/tarif-adulte-px8b9i9welcupalhpdcb4kqocvhphkg5wnzq3pua3k.png","datePublished":"2022-08-02T18:15:02+00:00","dateModified":"2026-01-25T18:42:06+00:00","description":"Tarif consultation psychologue : adulte 60 euros, Ado 50 euros, enfant 45\/30 euros possibilit\u00e9 domicile \/ visioconf\u00e9rence - consultation EMDR : 70 euros","breadcrumb":{"@id":"https:\/\/dg-psychologue.com\/index.php\/tarifs-consultation-psychologue\/#breadcrumb"},"inLanguage":"fr-FR","potentialAction":[{"@type":"ReadAction","target":["https:\/\/dg-psychologue.com\/index.php\/tarifs-consultation-psychologue\/"]}]},{"@type":"ImageObject","inLanguage":"fr-FR","@id":"https:\/\/dg-psychologue.com\/index.php\/tarifs-consultation-psychologue\/#primaryimage","url":"https:\/\/dg-psychologue.com\/wp-content\/uploads\/elementor\/thumbs\/tarif-adulte-px8b9i9welcupalhpdcb4kqocvhphkg5wnzq3pua3k.png","contentUrl":"https:\/\/dg-psychologue.com\/wp-content\/uploads\/elementor\/thumbs\/tarif-adulte-px8b9i9welcupalhpdcb4kqocvhphkg5wnzq3pua3k.png"},{"@type":"BreadcrumbList","@id":"https:\/\/dg-psychologue.com\/index.php\/tarifs-consultation-psychologue\/#breadcrumb","itemListElement":[{"@type":"ListItem","position":1,"name":"Accueil","item":"https:\/\/dg-psychologue.com\/"},{"@type":"ListItem","position":2,"name":"Honoraires et Horaires"}]},{"@type":"WebSite","@id":"https:\/\/dg-psychologue.com\/#website","url":"https:\/\/dg-psychologue.com\/","name":"Gaume Diphile - Psychologue clinicienne \/ Praticienne EMDR (Calvados, Caen)","description":"Psychologue clinicienne, sp\u00e9cialis\u00e9e en Psycho-Criminologie et Victimologie. Je suis install\u00e9e en lib\u00e9ral sur Caen \u00e0 partir de Janvier 2023. Je re\u00e7ois les enfants, les adolescents et les adultes en consultation en cabinet, en visioconf\u00e9rence.","publisher":{"@id":"https:\/\/dg-psychologue.com\/#organization"},"potentialAction":[{"@type":"SearchAction","target":{"@type":"EntryPoint","urlTemplate":"https:\/\/dg-psychologue.com\/?s={search_term_string}"},"query-input":{"@type":"PropertyValueSpecification","valueRequired":true,"valueName":"search_term_string"}}],"inLanguage":"fr-FR"},{"@type":"Organization","@id":"https:\/\/dg-psychologue.com\/#organization","name":"Gaume Diphile - Psychologue clinicienne \/ Praticienne EMDR (Calvados, Caen)","url":"https:\/\/dg-psychologue.com\/","logo":{"@type":"ImageObject","inLanguage":"fr-FR","@id":"https:\/\/dg-psychologue.com\/#\/schema\/logo\/image\/","url":"https:\/\/dg-psychologue.com\/wp-content\/uploads\/2022\/08\/\u041f\u0438\u043d-\u043e\u0442-\u043f\u043e\u043b\u044c\u0437\u043e\u0432\u0430\u0442\u0435\u043b\u044f-maddie-rae-\u043d\u0430-\u0434\u043e\u0441\u043a\u0435-tatsss-\u041c\u0438\u043b\u044b\u0435-\u0442\u0430\u0442\u0443\u0438\u0440\u043e\u0432\u043a\u0438-\u041c\u0430\u043b\u0435\u043d\u044c\u043a\u0438\u0435-\u0442\u0430\u0442\u0443\u0438\u0440\u043e\u0432\u043a\u0438-\u041b\u0438\u043d\u0435\u0439\u043d\u044b\u0435-\u0447\u0435\u0440\u0442\u0435\u0436\u0438.jpg","contentUrl":"https:\/\/dg-psychologue.com\/wp-content\/uploads\/2022\/08\/\u041f\u0438\u043d-\u043e\u0442-\u043f\u043e\u043b\u044c\u0437\u043e\u0432\u0430\u0442\u0435\u043b\u044f-maddie-rae-\u043d\u0430-\u0434\u043e\u0441\u043a\u0435-tatsss-\u041c\u0438\u043b\u044b\u0435-\u0442\u0430\u0442\u0443\u0438\u0440\u043e\u0432\u043a\u0438-\u041c\u0430\u043b\u0435\u043d\u044c\u043a\u0438\u0435-\u0442\u0430\u0442\u0443\u0438\u0440\u043e\u0432\u043a\u0438-\u041b\u0438\u043d\u0435\u0439\u043d\u044b\u0435-\u0447\u0435\u0440\u0442\u0435\u0436\u0438.jpg","width":640,"height":640,"caption":"Gaume Diphile - Psychologue clinicienne \/ Praticienne EMDR (Calvados, Caen)"},"image":{"@id":"https:\/\/dg-psychologue.com\/#\/schema\/logo\/image\/"},"sameAs":["https:\/\/www.facebook.com\/Diphile-Gaume-Psychologue-Clinicienne-Praticienne-EMDR-101634289317271\/?ref=pages_you_manage","https:\/\/www.linkedin.com\/in\/diphile-gaume-2a07a8a1\/"]}]}},"_links":{"self":[{"href":"https:\/\/dg-psychologue.com\/index.php\/wp-json\/wp\/v2\/pages\/78","targetHints":{"allow":["GET"]}}],"collection":[{"href":"https:\/\/dg-psychologue.com\/index.php\/wp-json\/wp\/v2\/pages"}],"about":[{"href":"https:\/\/dg-psychologue.com\/index.php\/wp-json\/wp\/v2\/types\/page"}],"author":[{"embeddable":true,"href":"https:\/\/dg-psychologue.com\/index.php\/wp-json\/wp\/v2\/users\/1"}],"replies":[{"embeddable":true,"href":"https:\/\/dg-psychologue.com\/index.php\/wp-json\/wp\/v2\/comments?post=78"}],"version-history":[{"count":95,"href":"https:\/\/dg-psychologue.com\/index.php\/wp-json\/wp\/v2\/pages\/78\/revisions"}],"predecessor-version":[{"id":687,"href":"https:\/\/dg-psychologue.com\/index.php\/wp-json\/wp\/v2\/pages\/78\/revisions\/687"}],"wp:attachment":[{"href":"https:\/\/dg-psychologue.com\/index.php\/wp-json\/wp\/v2\/media?parent=78"}],"curies":[{"name":"wp","href":"https:\/\/api.w.org\/{rel}","templated":true}]}}