{"id":428,"date":"2022-08-17T18:50:29","date_gmt":"2022-08-17T16:50:29","guid":{"rendered":"http:\/\/dgpsycf.cluster030.hosting.ovh.net\/?page_id=428"},"modified":"2022-09-21T18:37:48","modified_gmt":"2022-09-21T16:37:48","slug":"walk-and-talk-ou-faire-tomber-les-murs-du-cabinet","status":"publish","type":"page","link":"https:\/\/dg-psychologue.com\/index.php\/walk-and-talk-ou-faire-tomber-les-murs-du-cabinet\/","title":{"rendered":"Walk and Talk ou Faire tomber les murs du cabinet"},"content":{"rendered":"\t\t<div data-elementor-type=\"wp-page\" data-elementor-id=\"428\" class=\"elementor elementor-428\">\n\t\t\t\t\t\t<section class=\"elementor-section elementor-top-section elementor-element elementor-element-547d1daf elementor-section-boxed elementor-section-height-default elementor-section-height-default\" data-id=\"547d1daf\" data-element_type=\"section\" data-e-type=\"section\">\n\t\t\t\t\t\t<div class=\"elementor-container elementor-column-gap-default\">\n\t\t\t\t\t<div class=\"elementor-column elementor-col-100 elementor-top-column elementor-element elementor-element-52699b1f\" data-id=\"52699b1f\" data-element_type=\"column\" data-e-type=\"column\">\n\t\t\t<div class=\"elementor-widget-wrap elementor-element-populated\">\n\t\t\t\t\t\t<div class=\"elementor-element elementor-element-62b442d7 elementor-widget elementor-widget-text-editor\" data-id=\"62b442d7\" data-element_type=\"widget\" data-e-type=\"widget\" data-widget_type=\"text-editor.default\">\n\t\t\t\t<div class=\"elementor-widget-container\">\n\t\t\t\t\t\t\t\t\t<p><\/p>\n<p style=\"text-align: center;\">Comme son nom l\u2019indique, cette approche consiste \u00e0 \u00ab\u00a0marcher et parler\u00a0\u00bb<\/p>\n<p><\/p>\n<p style=\"text-align: center;\">\u00ab\u00a0<em>Si tu n\u2019arrives pas \u00e0 penser, marche. Si tu penses trop, marche. Si tu penses mal, marche encore.<\/em>\u00a0\u00bb \u2013 Jean Giono<\/p>\n<p><\/p>\n<p>Cette th\u00e9rapie vient des \u00c9tat\u00a0Unis, gr\u00e2ce au psychologue am\u00e9ricain Clay Cockrell qui la sugg\u00e9ra \u00e0 ses patients surmen\u00e9s. Il a pris conscience qu\u2019en marchant avec son patient dans un parc, que celui-ci arrivait \u00e0 se livrer plus ouvertement, de mani\u00e8re plus concentr\u00e9e et \u00e9nergique.\u00a0<\/p>\n<p><\/p>\n<p>Elle consiste pour le psychologue \u00e0 mener l<strong>&lsquo;entretien \u00e0 l&rsquo;ext\u00e9rieur<\/strong>, si possible dans un cadre ressour\u00e7ant, la r\u00e9gion Normande nous offre de grandes possibilit\u00e9s: au bord de\u00a0mer, dans les parcs ou encore en\u00a0for\u00eat et sur\u00a0 les voies vertes &#8230;<strong>\u00a0Il s\u2019agit d\u2019un accompagnement professionnel par un psychologue qualifi\u00e9, associant l\u2019\u00e9coute active, la marche et la nature.<\/strong><\/p>\n<p><\/p>\n<p>La mise en mouvement favorise l\u2019\u00e9mergence de la pens\u00e9e et de la parole, permet de lutter contre les ruminations, les id\u00e9es\u00a0obsessionnelles et les monologues st\u00e9riles excessifs en s\u00e9ance.\u00a0En effet, elle aborde les demandes du patient en le mettant en action, en agissant d\u2019abord physiquement, il n\u2019est plus fig\u00e9, il marche et entreprend.\u00a0<\/p>\n<p>Le d\u00e9placement physique traduit symboliquement la volont\u00e9 d&rsquo;atteindre un lieu, un but. Il stimule la zone r\u00e9flexe de la mise en pratique de nos id\u00e9es.<\/p>\n<p><\/p>\n<p>Les scientifiques ont \u00e9tudi\u00e9\u00a0et prouv\u00e9\u00a0que le mouvement de la marche apporte une meilleur oxyg\u00e9nation du cerveau\u00a0et\u00a0stimule nos fonctions c\u00e9r\u00e9brales.<\/p>\n<p><\/p>\n<h6><em>Qu&rsquo;est-ce que la th\u00e9rapie par la marche et la parole\u00a0?<\/em><\/h6>\n<p><\/p>\n<p>Au lieu de la s\u00e9ance dans un cabinet traditionnel, nous nous rencontrons \u00e0 l&rsquo;ext\u00e9rieur et marchons.<\/p>\n<p><\/p>\n<h6><em>Pour qui ?<\/em><\/h6>\n<p><\/p>\n<p>Voici, une liste non-exhaustive des personnes concern\u00e9es\u00a0 :<\/p>\n<p><\/p>\n<ul class=\"wp-block-list\">\n<li>Stress, anxi\u00e9t\u00e9, d\u00e9pression, burn-out, difficult\u00e9s professionnelles ou relationnelles &#8230;<\/li>\n<li>Sentiment de stagnation ou de tourner en rond\u00a0<\/li>\n<li>Besoin de s\u2019accorder un temps hors de son quotidien\u00a0<\/li>\n<li>Besoin d\u2019\u00eatre en contact avec la nature, de s\u2019a\u00e9rer l\u2019esprit, de se ressourcer<\/li>\n<\/ul>\n<p><\/p>\n<h6>\u00a0<em>Qu&rsquo;en est-il du mauvais temps ?<\/em><\/h6>\n<p><\/p>\n<p>Nous vivons en Normandie.\u00a0 G\u00e9n\u00e9ralement, nous prenons simplement un manteau \u00e9pais ou apportons un parapluie.<\/p>\n<p><\/p>\n<h6><em>Est-ce un entra\u00eenement cardio\u00a0?<\/em><\/h6>\n<p><\/p>\n<p>Non, Il s&rsquo;agit d&rsquo;une marche lente \u00e0 mod\u00e9r\u00e9e, pas une course ou une marche rapide. Il n&rsquo;y a rien d&rsquo;\u00e9puisant physiquement dans la s\u00e9ance.<\/p>\n<p><\/p>\n<h6><em>Travaillez-vous en ligne ?<\/em><\/h6>\n<p><\/p>\n<p>Oui, c\u2019est le cas, le mardi et le samedi. Les s\u00e9ances de th\u00e9rapie en ligne sont men\u00e9es via une plateforme Zoom \/ Skype. J\u2019exerce en cabinet \u00e0 Caen, le lundi et le mercredi.<\/p>\n<p><\/p>\n<h6><em>Lieux ?<\/em><\/h6>\n<p><\/p>\n<p>99% des sessions se font \u00e0 Caen ou aux alentours. Cependant, j&rsquo;ai quelques pr\u00e9f\u00e9rences pour la for\u00eat d\u2019H\u00e9rouville, le parc du Biez (2 km ou 5km) et les voies vertes, le long de l\u2019ornes voire le long de la manche. Si jamais vous avez un endroit qui vous inspire plus, n\u2019h\u00e9sitez pas \u00e0 l\u2019\u00e9voquer lors de notre premi\u00e8re rencontre.<\/p>\n<p><\/p>\n<h6><em>Quels sont les bienfaits?\u00a0<\/em><\/h6>\n<p><\/p>\n<p>En plus de ses b\u00e9n\u00e9fices sur le plan physique, la marche dans la nature pr\u00e9sente de nombreux int\u00e9r\u00eats pour notre psychisme :<\/p>\n<p><\/p>\n<ul class=\"wp-block-list\">\n<li>Focus sur soi plus facile\u00a0<\/li>\n<li>Am\u00e9liorant la r\u00e9flexion active, l\u2019introspection, l\u2019expression et la r\u00e9gulation des \u00e9motions\u00a0<\/li>\n<li>Apaisement des ruminations et des pens\u00e9es n\u00e9gatives\u00a0<\/li>\n<li>Stimule la cr\u00e9ativit\u00e9 et favorise l\u2019\u00e9mergence d\u2019id\u00e9es nouvelles\u00a0<\/li>\n<li>Lib\u00e9ration progressivement des tensions (physiques et psychiques) accumul\u00e9es\u00a0<\/li>\n<li>Am\u00e9lioration de la m\u00e9moire ainsi que la concentration, en milieu naturel gr\u00e2ce \u00e0 l\u2019oxyg\u00e9nation du cerveau\u00a0<\/li>\n<li>Diminution du taux de cortisol (hormone du stress)\u00a0<\/li>\n<li>Augmentation de la production d&rsquo;endorphine (hormone du bien-\u00eatre) et de de s\u00e9rotonine (hormone du sommeil)<\/li>\n<li>Am\u00e9lioration du syst\u00e8me immunitaire<\/li>\n<\/ul>\n<p><\/p>\n<h6><em>Le saviez-vous ?<\/em><\/h6>\n<p><\/p>\n<p>En 2015, Gr\u00e9gory Bratman et al., se sont demand\u00e9s pourquoi un environnement naturel prot\u00e8ge de la d\u00e9pression et des troubles anxieux. Ils ont montr\u00e9 qu\u2019une marche d\u20191h30 dans la nature conduit \u00e0 une baisse d\u2019activit\u00e9 du cortex pr\u00e9frontal ventrom\u00e9dian, zone c\u00e9r\u00e9brale associ\u00e9e \u00e0 la r\u00e9flexion et \u00e0 la focalisation sur soi et donc aux ruminations n\u00e9gatives omnipr\u00e9sentes chez les personnes qui traversent un \u00e9pisode d\u00e9pressif.<\/p>\n<p><\/p>\n<p>Les chercheurs ont proc\u00e9d\u00e9 \u00e0 une \u00e9valuation de l\u2019\u00e9tat d\u00e9pressif des sujets gr\u00e2ce \u00e0 des questionnaires psychologiques. Ils ont confirm\u00e9 qu\u2019au niveau clinique les ruminations diminuaient apr\u00e8s cette balade.<\/p>\n<p><\/p>\n<p>\u00catre en relation avec des environnements naturels entra\u00eene une diminution du stress (mesurable notamment, par un ralentissement de la fr\u00e9quence cardiaque et une r\u00e9duction de la pression art\u00e9rielle). En effet, la simple exposition \u00e0 un paysage naturel sur une photographie ou par la fen\u00eatre apaise et suscite un sentiment de bien-\u00eatre l\u00e0 o\u00f9 les sc\u00e8nes urbaines activent les zones c\u00e9r\u00e9brales de l\u2019anxi\u00e9t\u00e9. (Kaplan R., 1993).<\/p>\n<p><\/p>\t\t\t\t\t\t\t\t<\/div>\n\t\t\t\t<\/div>\n\t\t\t\t\t<\/div>\n\t\t<\/div>\n\t\t\t\t\t<\/div>\n\t\t<\/section>\n\t\t\t\t<section class=\"elementor-section elementor-top-section elementor-element elementor-element-b8e8cde elementor-section-boxed elementor-section-height-default elementor-section-height-default\" data-id=\"b8e8cde\" data-element_type=\"section\" data-e-type=\"section\">\n\t\t\t\t\t\t<div class=\"elementor-container elementor-column-gap-default\">\n\t\t\t\t\t<div class=\"elementor-column elementor-col-100 elementor-top-column elementor-element elementor-element-2df413c\" data-id=\"2df413c\" data-element_type=\"column\" data-e-type=\"column\">\n\t\t\t<div class=\"elementor-widget-wrap elementor-element-populated\">\n\t\t\t\t\t\t<div class=\"elementor-element elementor-element-64f9d13 elementor-widget elementor-widget-image\" data-id=\"64f9d13\" data-element_type=\"widget\" data-e-type=\"widget\" data-widget_type=\"image.default\">\n\t\t\t\t<div class=\"elementor-widget-container\">\n\t\t\t\t\t\t\t\t\t\t\t\t\t\t\t<img fetchpriority=\"high\" decoding=\"async\" width=\"678\" height=\"1024\" src=\"https:\/\/dg-psychologue.com\/wp-content\/uploads\/2022\/08\/8-678x1024.jpg\" class=\"attachment-large size-large wp-image-436\" alt=\"\" srcset=\"https:\/\/dg-psychologue.com\/wp-content\/uploads\/2022\/08\/8-678x1024.jpg 678w, https:\/\/dg-psychologue.com\/wp-content\/uploads\/2022\/08\/8-199x300.jpg 199w, https:\/\/dg-psychologue.com\/wp-content\/uploads\/2022\/08\/8-768x1160.jpg 768w, https:\/\/dg-psychologue.com\/wp-content\/uploads\/2022\/08\/8-1017x1536.jpg 1017w, https:\/\/dg-psychologue.com\/wp-content\/uploads\/2022\/08\/8.jpg 1024w\" sizes=\"(max-width: 678px) 100vw, 678px\" \/>\t\t\t\t\t\t\t\t\t\t\t\t\t\t\t<\/div>\n\t\t\t\t<\/div>\n\t\t\t\t\t<\/div>\n\t\t<\/div>\n\t\t\t\t\t<\/div>\n\t\t<\/section>\n\t\t\t\t<\/div>\n\t\t","protected":false},"excerpt":{"rendered":"<p>Comme son nom l\u2019indique, cette approche consiste \u00e0 \u00ab\u00a0marcher et parler\u00a0\u00bb \u00ab\u00a0Si tu n\u2019arrives pas \u00e0 penser, marche. Si tu penses trop, marche. Si tu &hellip;<\/p>\n","protected":false},"author":1,"featured_media":0,"parent":0,"menu_order":0,"comment_status":"closed","ping_status":"closed","template":"","meta":{"footnotes":""},"class_list":["post-428","page","type-page","status-publish","hentry"],"yoast_head":"<!-- This site is optimized with the Yoast SEO plugin v27.4 - https:\/\/yoast.com\/product\/yoast-seo-wordpress\/ -->\n<title>Walk and Talk ou Faire tomber les murs du cabinet - Gaume Diphile - Psychologue clinicienne \/ Praticienne EMDR (Calvados, Caen)<\/title>\n<meta name=\"robots\" content=\"index, follow, max-snippet:-1, max-image-preview:large, max-video-preview:-1\" \/>\n<link rel=\"canonical\" href=\"https:\/\/dg-psychologue.com\/index.php\/walk-and-talk-ou-faire-tomber-les-murs-du-cabinet\/\" \/>\n<meta property=\"og:locale\" content=\"fr_FR\" \/>\n<meta property=\"og:type\" content=\"article\" \/>\n<meta property=\"og:title\" content=\"Walk and Talk ou Faire tomber les murs du cabinet - Gaume Diphile - Psychologue clinicienne \/ Praticienne EMDR (Calvados, Caen)\" \/>\n<meta property=\"og:description\" content=\"Comme son nom l\u2019indique, cette approche consiste \u00e0 \u00ab\u00a0marcher et parler\u00a0\u00bb \u00ab\u00a0Si tu n\u2019arrives pas \u00e0 penser, marche. Si tu penses trop, marche. Si tu &hellip;\" \/>\n<meta property=\"og:url\" content=\"https:\/\/dg-psychologue.com\/index.php\/walk-and-talk-ou-faire-tomber-les-murs-du-cabinet\/\" \/>\n<meta property=\"og:site_name\" content=\"Gaume Diphile - Psychologue clinicienne \/ Praticienne EMDR (Calvados, Caen)\" \/>\n<meta property=\"article:publisher\" content=\"https:\/\/www.facebook.com\/Diphile-Gaume-Psychologue-Clinicienne-Praticienne-EMDR-101634289317271\/?ref=pages_you_manage\" \/>\n<meta property=\"article:modified_time\" content=\"2022-09-21T16:37:48+00:00\" \/>\n<meta property=\"og:image\" content=\"http:\/\/dgpsycf.cluster030.hosting.ovh.net\/wp-content\/uploads\/2022\/08\/8-678x1024.jpg\" \/>\n<meta name=\"twitter:card\" content=\"summary_large_image\" \/>\n<meta name=\"twitter:label1\" content=\"Dur\u00e9e de lecture estim\u00e9e\" \/>\n\t<meta name=\"twitter:data1\" content=\"4 minutes\" \/>\n<script type=\"application\/ld+json\" class=\"yoast-schema-graph\">{\"@context\":\"https:\\\/\\\/schema.org\",\"@graph\":[{\"@type\":\"WebPage\",\"@id\":\"https:\\\/\\\/dg-psychologue.com\\\/index.php\\\/walk-and-talk-ou-faire-tomber-les-murs-du-cabinet\\\/\",\"url\":\"https:\\\/\\\/dg-psychologue.com\\\/index.php\\\/walk-and-talk-ou-faire-tomber-les-murs-du-cabinet\\\/\",\"name\":\"Walk and Talk ou Faire tomber les murs du cabinet - Gaume Diphile - Psychologue clinicienne \\\/ Praticienne EMDR (Calvados, Caen)\",\"isPartOf\":{\"@id\":\"https:\\\/\\\/dg-psychologue.com\\\/#website\"},\"primaryImageOfPage\":{\"@id\":\"https:\\\/\\\/dg-psychologue.com\\\/index.php\\\/walk-and-talk-ou-faire-tomber-les-murs-du-cabinet\\\/#primaryimage\"},\"image\":{\"@id\":\"https:\\\/\\\/dg-psychologue.com\\\/index.php\\\/walk-and-talk-ou-faire-tomber-les-murs-du-cabinet\\\/#primaryimage\"},\"thumbnailUrl\":\"http:\\\/\\\/dgpsycf.cluster030.hosting.ovh.net\\\/wp-content\\\/uploads\\\/2022\\\/08\\\/8-678x1024.jpg\",\"datePublished\":\"2022-08-17T16:50:29+00:00\",\"dateModified\":\"2022-09-21T16:37:48+00:00\",\"breadcrumb\":{\"@id\":\"https:\\\/\\\/dg-psychologue.com\\\/index.php\\\/walk-and-talk-ou-faire-tomber-les-murs-du-cabinet\\\/#breadcrumb\"},\"inLanguage\":\"fr-FR\",\"potentialAction\":[{\"@type\":\"ReadAction\",\"target\":[\"https:\\\/\\\/dg-psychologue.com\\\/index.php\\\/walk-and-talk-ou-faire-tomber-les-murs-du-cabinet\\\/\"]}]},{\"@type\":\"ImageObject\",\"inLanguage\":\"fr-FR\",\"@id\":\"https:\\\/\\\/dg-psychologue.com\\\/index.php\\\/walk-and-talk-ou-faire-tomber-les-murs-du-cabinet\\\/#primaryimage\",\"url\":\"http:\\\/\\\/dgpsycf.cluster030.hosting.ovh.net\\\/wp-content\\\/uploads\\\/2022\\\/08\\\/8-678x1024.jpg\",\"contentUrl\":\"http:\\\/\\\/dgpsycf.cluster030.hosting.ovh.net\\\/wp-content\\\/uploads\\\/2022\\\/08\\\/8-678x1024.jpg\"},{\"@type\":\"BreadcrumbList\",\"@id\":\"https:\\\/\\\/dg-psychologue.com\\\/index.php\\\/walk-and-talk-ou-faire-tomber-les-murs-du-cabinet\\\/#breadcrumb\",\"itemListElement\":[{\"@type\":\"ListItem\",\"position\":1,\"name\":\"Accueil\",\"item\":\"https:\\\/\\\/dg-psychologue.com\\\/\"},{\"@type\":\"ListItem\",\"position\":2,\"name\":\"Walk and Talk ou Faire tomber les murs du cabinet\"}]},{\"@type\":\"WebSite\",\"@id\":\"https:\\\/\\\/dg-psychologue.com\\\/#website\",\"url\":\"https:\\\/\\\/dg-psychologue.com\\\/\",\"name\":\"Gaume Diphile - Psychologue clinicienne \\\/ Praticienne EMDR (Calvados, Caen)\",\"description\":\"Psychologue clinicienne, sp\u00e9cialis\u00e9e en Psycho-Criminologie et Victimologie. Je suis install\u00e9e en lib\u00e9ral sur Caen \u00e0 partir de Janvier 2023. Je re\u00e7ois les enfants, les adolescents et les adultes en consultation en cabinet, en visioconf\u00e9rence.\",\"publisher\":{\"@id\":\"https:\\\/\\\/dg-psychologue.com\\\/#organization\"},\"potentialAction\":[{\"@type\":\"SearchAction\",\"target\":{\"@type\":\"EntryPoint\",\"urlTemplate\":\"https:\\\/\\\/dg-psychologue.com\\\/?s={search_term_string}\"},\"query-input\":{\"@type\":\"PropertyValueSpecification\",\"valueRequired\":true,\"valueName\":\"search_term_string\"}}],\"inLanguage\":\"fr-FR\"},{\"@type\":\"Organization\",\"@id\":\"https:\\\/\\\/dg-psychologue.com\\\/#organization\",\"name\":\"Gaume Diphile - Psychologue clinicienne \\\/ Praticienne EMDR (Calvados, Caen)\",\"url\":\"https:\\\/\\\/dg-psychologue.com\\\/\",\"logo\":{\"@type\":\"ImageObject\",\"inLanguage\":\"fr-FR\",\"@id\":\"https:\\\/\\\/dg-psychologue.com\\\/#\\\/schema\\\/logo\\\/image\\\/\",\"url\":\"https:\\\/\\\/dg-psychologue.com\\\/wp-content\\\/uploads\\\/2022\\\/08\\\/\u041f\u0438\u043d-\u043e\u0442-\u043f\u043e\u043b\u044c\u0437\u043e\u0432\u0430\u0442\u0435\u043b\u044f-maddie-rae-\u043d\u0430-\u0434\u043e\u0441\u043a\u0435-tatsss-\u041c\u0438\u043b\u044b\u0435-\u0442\u0430\u0442\u0443\u0438\u0440\u043e\u0432\u043a\u0438-\u041c\u0430\u043b\u0435\u043d\u044c\u043a\u0438\u0435-\u0442\u0430\u0442\u0443\u0438\u0440\u043e\u0432\u043a\u0438-\u041b\u0438\u043d\u0435\u0439\u043d\u044b\u0435-\u0447\u0435\u0440\u0442\u0435\u0436\u0438.jpg\",\"contentUrl\":\"https:\\\/\\\/dg-psychologue.com\\\/wp-content\\\/uploads\\\/2022\\\/08\\\/\u041f\u0438\u043d-\u043e\u0442-\u043f\u043e\u043b\u044c\u0437\u043e\u0432\u0430\u0442\u0435\u043b\u044f-maddie-rae-\u043d\u0430-\u0434\u043e\u0441\u043a\u0435-tatsss-\u041c\u0438\u043b\u044b\u0435-\u0442\u0430\u0442\u0443\u0438\u0440\u043e\u0432\u043a\u0438-\u041c\u0430\u043b\u0435\u043d\u044c\u043a\u0438\u0435-\u0442\u0430\u0442\u0443\u0438\u0440\u043e\u0432\u043a\u0438-\u041b\u0438\u043d\u0435\u0439\u043d\u044b\u0435-\u0447\u0435\u0440\u0442\u0435\u0436\u0438.jpg\",\"width\":640,\"height\":640,\"caption\":\"Gaume Diphile - Psychologue clinicienne \\\/ Praticienne EMDR (Calvados, Caen)\"},\"image\":{\"@id\":\"https:\\\/\\\/dg-psychologue.com\\\/#\\\/schema\\\/logo\\\/image\\\/\"},\"sameAs\":[\"https:\\\/\\\/www.facebook.com\\\/Diphile-Gaume-Psychologue-Clinicienne-Praticienne-EMDR-101634289317271\\\/?ref=pages_you_manage\",\"https:\\\/\\\/www.linkedin.com\\\/in\\\/diphile-gaume-2a07a8a1\\\/\"]}]}<\/script>\n<!-- \/ Yoast SEO plugin. -->","yoast_head_json":{"title":"Walk and Talk ou Faire tomber les murs du cabinet - Gaume Diphile - Psychologue clinicienne \/ Praticienne EMDR (Calvados, Caen)","robots":{"index":"index","follow":"follow","max-snippet":"max-snippet:-1","max-image-preview":"max-image-preview:large","max-video-preview":"max-video-preview:-1"},"canonical":"https:\/\/dg-psychologue.com\/index.php\/walk-and-talk-ou-faire-tomber-les-murs-du-cabinet\/","og_locale":"fr_FR","og_type":"article","og_title":"Walk and Talk ou Faire tomber les murs du cabinet - Gaume Diphile - Psychologue clinicienne \/ Praticienne EMDR (Calvados, Caen)","og_description":"Comme son nom l\u2019indique, cette approche consiste \u00e0 \u00ab\u00a0marcher et parler\u00a0\u00bb \u00ab\u00a0Si tu n\u2019arrives pas \u00e0 penser, marche. Si tu penses trop, marche. Si tu &hellip;","og_url":"https:\/\/dg-psychologue.com\/index.php\/walk-and-talk-ou-faire-tomber-les-murs-du-cabinet\/","og_site_name":"Gaume Diphile - Psychologue clinicienne \/ Praticienne EMDR (Calvados, Caen)","article_publisher":"https:\/\/www.facebook.com\/Diphile-Gaume-Psychologue-Clinicienne-Praticienne-EMDR-101634289317271\/?ref=pages_you_manage","article_modified_time":"2022-09-21T16:37:48+00:00","og_image":[{"url":"http:\/\/dgpsycf.cluster030.hosting.ovh.net\/wp-content\/uploads\/2022\/08\/8-678x1024.jpg","type":"","width":"","height":""}],"twitter_card":"summary_large_image","twitter_misc":{"Dur\u00e9e de lecture estim\u00e9e":"4 minutes"},"schema":{"@context":"https:\/\/schema.org","@graph":[{"@type":"WebPage","@id":"https:\/\/dg-psychologue.com\/index.php\/walk-and-talk-ou-faire-tomber-les-murs-du-cabinet\/","url":"https:\/\/dg-psychologue.com\/index.php\/walk-and-talk-ou-faire-tomber-les-murs-du-cabinet\/","name":"Walk and Talk ou Faire tomber les murs du cabinet - Gaume Diphile - Psychologue clinicienne \/ Praticienne EMDR (Calvados, Caen)","isPartOf":{"@id":"https:\/\/dg-psychologue.com\/#website"},"primaryImageOfPage":{"@id":"https:\/\/dg-psychologue.com\/index.php\/walk-and-talk-ou-faire-tomber-les-murs-du-cabinet\/#primaryimage"},"image":{"@id":"https:\/\/dg-psychologue.com\/index.php\/walk-and-talk-ou-faire-tomber-les-murs-du-cabinet\/#primaryimage"},"thumbnailUrl":"http:\/\/dgpsycf.cluster030.hosting.ovh.net\/wp-content\/uploads\/2022\/08\/8-678x1024.jpg","datePublished":"2022-08-17T16:50:29+00:00","dateModified":"2022-09-21T16:37:48+00:00","breadcrumb":{"@id":"https:\/\/dg-psychologue.com\/index.php\/walk-and-talk-ou-faire-tomber-les-murs-du-cabinet\/#breadcrumb"},"inLanguage":"fr-FR","potentialAction":[{"@type":"ReadAction","target":["https:\/\/dg-psychologue.com\/index.php\/walk-and-talk-ou-faire-tomber-les-murs-du-cabinet\/"]}]},{"@type":"ImageObject","inLanguage":"fr-FR","@id":"https:\/\/dg-psychologue.com\/index.php\/walk-and-talk-ou-faire-tomber-les-murs-du-cabinet\/#primaryimage","url":"http:\/\/dgpsycf.cluster030.hosting.ovh.net\/wp-content\/uploads\/2022\/08\/8-678x1024.jpg","contentUrl":"http:\/\/dgpsycf.cluster030.hosting.ovh.net\/wp-content\/uploads\/2022\/08\/8-678x1024.jpg"},{"@type":"BreadcrumbList","@id":"https:\/\/dg-psychologue.com\/index.php\/walk-and-talk-ou-faire-tomber-les-murs-du-cabinet\/#breadcrumb","itemListElement":[{"@type":"ListItem","position":1,"name":"Accueil","item":"https:\/\/dg-psychologue.com\/"},{"@type":"ListItem","position":2,"name":"Walk and Talk ou Faire tomber les murs du cabinet"}]},{"@type":"WebSite","@id":"https:\/\/dg-psychologue.com\/#website","url":"https:\/\/dg-psychologue.com\/","name":"Gaume Diphile - Psychologue clinicienne \/ Praticienne EMDR (Calvados, Caen)","description":"Psychologue clinicienne, sp\u00e9cialis\u00e9e en Psycho-Criminologie et Victimologie. Je suis install\u00e9e en lib\u00e9ral sur Caen \u00e0 partir de Janvier 2023. Je re\u00e7ois les enfants, les adolescents et les adultes en consultation en cabinet, en visioconf\u00e9rence.","publisher":{"@id":"https:\/\/dg-psychologue.com\/#organization"},"potentialAction":[{"@type":"SearchAction","target":{"@type":"EntryPoint","urlTemplate":"https:\/\/dg-psychologue.com\/?s={search_term_string}"},"query-input":{"@type":"PropertyValueSpecification","valueRequired":true,"valueName":"search_term_string"}}],"inLanguage":"fr-FR"},{"@type":"Organization","@id":"https:\/\/dg-psychologue.com\/#organization","name":"Gaume Diphile - Psychologue clinicienne \/ Praticienne EMDR (Calvados, Caen)","url":"https:\/\/dg-psychologue.com\/","logo":{"@type":"ImageObject","inLanguage":"fr-FR","@id":"https:\/\/dg-psychologue.com\/#\/schema\/logo\/image\/","url":"https:\/\/dg-psychologue.com\/wp-content\/uploads\/2022\/08\/\u041f\u0438\u043d-\u043e\u0442-\u043f\u043e\u043b\u044c\u0437\u043e\u0432\u0430\u0442\u0435\u043b\u044f-maddie-rae-\u043d\u0430-\u0434\u043e\u0441\u043a\u0435-tatsss-\u041c\u0438\u043b\u044b\u0435-\u0442\u0430\u0442\u0443\u0438\u0440\u043e\u0432\u043a\u0438-\u041c\u0430\u043b\u0435\u043d\u044c\u043a\u0438\u0435-\u0442\u0430\u0442\u0443\u0438\u0440\u043e\u0432\u043a\u0438-\u041b\u0438\u043d\u0435\u0439\u043d\u044b\u0435-\u0447\u0435\u0440\u0442\u0435\u0436\u0438.jpg","contentUrl":"https:\/\/dg-psychologue.com\/wp-content\/uploads\/2022\/08\/\u041f\u0438\u043d-\u043e\u0442-\u043f\u043e\u043b\u044c\u0437\u043e\u0432\u0430\u0442\u0435\u043b\u044f-maddie-rae-\u043d\u0430-\u0434\u043e\u0441\u043a\u0435-tatsss-\u041c\u0438\u043b\u044b\u0435-\u0442\u0430\u0442\u0443\u0438\u0440\u043e\u0432\u043a\u0438-\u041c\u0430\u043b\u0435\u043d\u044c\u043a\u0438\u0435-\u0442\u0430\u0442\u0443\u0438\u0440\u043e\u0432\u043a\u0438-\u041b\u0438\u043d\u0435\u0439\u043d\u044b\u0435-\u0447\u0435\u0440\u0442\u0435\u0436\u0438.jpg","width":640,"height":640,"caption":"Gaume Diphile - Psychologue clinicienne \/ Praticienne EMDR (Calvados, Caen)"},"image":{"@id":"https:\/\/dg-psychologue.com\/#\/schema\/logo\/image\/"},"sameAs":["https:\/\/www.facebook.com\/Diphile-Gaume-Psychologue-Clinicienne-Praticienne-EMDR-101634289317271\/?ref=pages_you_manage","https:\/\/www.linkedin.com\/in\/diphile-gaume-2a07a8a1\/"]}]}},"_links":{"self":[{"href":"https:\/\/dg-psychologue.com\/index.php\/wp-json\/wp\/v2\/pages\/428","targetHints":{"allow":["GET"]}}],"collection":[{"href":"https:\/\/dg-psychologue.com\/index.php\/wp-json\/wp\/v2\/pages"}],"about":[{"href":"https:\/\/dg-psychologue.com\/index.php\/wp-json\/wp\/v2\/types\/page"}],"author":[{"embeddable":true,"href":"https:\/\/dg-psychologue.com\/index.php\/wp-json\/wp\/v2\/users\/1"}],"replies":[{"embeddable":true,"href":"https:\/\/dg-psychologue.com\/index.php\/wp-json\/wp\/v2\/comments?post=428"}],"version-history":[{"count":10,"href":"https:\/\/dg-psychologue.com\/index.php\/wp-json\/wp\/v2\/pages\/428\/revisions"}],"predecessor-version":[{"id":528,"href":"https:\/\/dg-psychologue.com\/index.php\/wp-json\/wp\/v2\/pages\/428\/revisions\/528"}],"wp:attachment":[{"href":"https:\/\/dg-psychologue.com\/index.php\/wp-json\/wp\/v2\/media?parent=428"}],"curies":[{"name":"wp","href":"https:\/\/api.w.org\/{rel}","templated":true}]}}