{"id":345,"date":"2022-08-10T16:06:03","date_gmt":"2022-08-10T14:06:03","guid":{"rendered":"http:\/\/dgpsycf.cluster030.hosting.ovh.net\/?page_id=345"},"modified":"2026-01-25T19:37:16","modified_gmt":"2026-01-25T18:37:16","slug":"prise-de-contact","status":"publish","type":"page","link":"https:\/\/dg-psychologue.com\/index.php\/prise-de-contact\/","title":{"rendered":"Prise de contact"},"content":{"rendered":"\t\t<div data-elementor-type=\"wp-page\" data-elementor-id=\"345\" class=\"elementor elementor-345\">\n\t\t\t\t\t\t<section class=\"elementor-section elementor-top-section elementor-element elementor-element-2c6f2925 elementor-section-content-middle elementor-section-full_width elementor-section-height-default elementor-section-height-default\" data-id=\"2c6f2925\" data-element_type=\"section\" data-e-type=\"section\">\n\t\t\t\t\t\t<div class=\"elementor-container elementor-column-gap-no\">\n\t\t\t\t\t<div class=\"elementor-column elementor-col-100 elementor-top-column elementor-element elementor-element-6091cd1b\" data-id=\"6091cd1b\" data-element_type=\"column\" data-e-type=\"column\">\n\t\t\t<div class=\"elementor-widget-wrap elementor-element-populated\">\n\t\t\t\t\t\t<div class=\"elementor-element elementor-element-2182942e elementor-widget__width-initial elementor-widget elementor-widget-heading\" data-id=\"2182942e\" data-element_type=\"widget\" data-e-type=\"widget\" data-widget_type=\"heading.default\">\n\t\t\t\t<div class=\"elementor-widget-container\">\n\t\t\t\t\t<h1 class=\"elementor-heading-title elementor-size-default\">Me contacter<\/h1>\t\t\t\t<\/div>\n\t\t\t\t<\/div>\n\t\t\t\t<div class=\"elementor-element elementor-element-e884c77 elementor-widget elementor-widget-text-editor\" data-id=\"e884c77\" data-element_type=\"widget\" data-e-type=\"widget\" data-widget_type=\"text-editor.default\">\n\t\t\t\t<div class=\"elementor-widget-container\">\n\t\t\t\t\t\t\t\t\t<p style=\"font-style: normal; font-variant-caps: normal; text-indent: 0px; caret-color: #000000; color: #000000;\" data-start=\"270\" data-end=\"527\">Suite \u00e0 un dysfonctionnement technique du formulaire de contact, certains messages envoy\u00e9s via le site n\u2019ont malheureusement pas pu m\u2019\u00eatre transmis.<br data-start=\"418\" data-end=\"421\" \/>Je tiens \u00e0 pr\u00e9senter mes excuses aux personnes concern\u00e9es qui n\u2019auraient pas re\u00e7u de r\u00e9ponse de ma part.<\/p><p style=\"font-style: normal; font-variant-caps: normal; text-indent: 0px; caret-color: #000000; color: #000000;\" data-start=\"532\" data-end=\"704\">Afin de garantir la bonne r\u00e9ception de votre demande, je vous invite d\u00e9sormais \u00e0 me contacter directement par\u00a0<strong data-start=\"642\" data-end=\"652\">e-mail<\/strong>\u00a0\u00e0 l\u2019adresse suivante :<\/p><p class=\"iw gFxsud\" style=\"text-align: center;\"><strong><span class=\"qu yKyxu\" tabindex=\"-1\" role=\"gridcell\" translate=\"no\"><span class=\"go\">diphilegaume.psy@gmail.com<\/span><\/span><\/strong><\/p><p style=\"font-style: normal; font-variant-caps: normal; text-indent: 0px; caret-color: #000000; color: #000000;\" data-start=\"709\" data-end=\"746\">Merci d\u2019indiquer dans votre message :<\/p><ul style=\"font-style: normal; font-variant-caps: normal; caret-color: #000000; color: #000000;\" data-start=\"749\" data-end=\"846\"><li data-start=\"749\" data-end=\"777\"><p data-start=\"751\" data-end=\"777\">votre\u00a0<strong data-start=\"757\" data-end=\"774\">nom et pr\u00e9nom<\/strong>,<\/p><\/li><li data-start=\"780\" data-end=\"814\"><p data-start=\"782\" data-end=\"814\">votre\u00a0<strong data-start=\"788\" data-end=\"811\">num\u00e9ro de t\u00e9l\u00e9phone<\/strong>,<\/p><\/li><li data-start=\"817\" data-end=\"844\"><p data-start=\"819\" data-end=\"844\">l\u2019objet de votre demande.<\/p><\/li><\/ul><p style=\"font-style: normal; font-variant-caps: normal; text-indent: 0px; caret-color: #000000; color: #000000;\" data-start=\"849\" data-end=\"955\">Je r\u00e9ponds g\u00e9n\u00e9ralement aux messages\u00a0<strong data-start=\"886\" data-end=\"901\">le vendredi<\/strong>, ou, selon les p\u00e9riodes,\u00a0<strong data-start=\"927\" data-end=\"954\">dans le courant du mois<\/strong>.<\/p><p style=\"font-style: normal; font-variant-caps: normal; text-indent: 0px; caret-color: #000000; color: #000000;\" data-start=\"960\" data-end=\"1000\">Je vous remercie de votre compr\u00e9hension.<\/p>\t\t\t\t\t\t\t\t<\/div>\n\t\t\t\t<\/div>\n\t\t\t\t\t<\/div>\n\t\t<\/div>\n\t\t\t\t\t<\/div>\n\t\t<\/section>\n\t\t\t\t<section class=\"elementor-section elementor-top-section elementor-element elementor-element-18d4823e elementor-section-content-middle elementor-section-full_width elementor-reverse-mobile elementor-section-height-default elementor-section-height-default\" data-id=\"18d4823e\" data-element_type=\"section\" data-e-type=\"section\" data-settings=\"{&quot;background_background&quot;:&quot;classic&quot;}\">\n\t\t\t\t\t\t<div class=\"elementor-container elementor-column-gap-no\">\n\t\t\t\t\t<div class=\"elementor-column elementor-col-50 elementor-top-column elementor-element elementor-element-48cd5f49\" data-id=\"48cd5f49\" data-element_type=\"column\" data-e-type=\"column\">\n\t\t\t<div class=\"elementor-widget-wrap elementor-element-populated\">\n\t\t\t\t\t\t<div class=\"elementor-element elementor-element-55d95c56 elementor-widget elementor-widget-image\" data-id=\"55d95c56\" data-element_type=\"widget\" data-e-type=\"widget\" data-widget_type=\"image.default\">\n\t\t\t\t<div class=\"elementor-widget-container\">\n\t\t\t\t\t\t\t\t\t\t\t\t\t\t\t<img fetchpriority=\"high\" decoding=\"async\" width=\"626\" height=\"417\" src=\"https:\/\/dg-psychologue.com\/wp-content\/uploads\/2022\/08\/Illustration-De-Concept-Dentrevue-Vecteur-Gratuite.jpg\" class=\"attachment-large size-large wp-image-396\" alt=\"\" srcset=\"https:\/\/dg-psychologue.com\/wp-content\/uploads\/2022\/08\/Illustration-De-Concept-Dentrevue-Vecteur-Gratuite.jpg 626w, https:\/\/dg-psychologue.com\/wp-content\/uploads\/2022\/08\/Illustration-De-Concept-Dentrevue-Vecteur-Gratuite-300x200.jpg 300w, https:\/\/dg-psychologue.com\/wp-content\/uploads\/2022\/08\/Illustration-De-Concept-Dentrevue-Vecteur-Gratuite-450x300.jpg 450w\" sizes=\"(max-width: 626px) 100vw, 626px\" \/>\t\t\t\t\t\t\t\t\t\t\t\t\t\t\t<\/div>\n\t\t\t\t<\/div>\n\t\t\t\t\t<\/div>\n\t\t<\/div>\n\t\t\t\t<div class=\"elementor-column elementor-col-50 elementor-top-column elementor-element elementor-element-11046a3b\" data-id=\"11046a3b\" data-element_type=\"column\" data-e-type=\"column\">\n\t\t\t<div class=\"elementor-widget-wrap elementor-element-populated\">\n\t\t\t\t\t\t<div class=\"elementor-element elementor-element-6e4cd5af elementor-align-start elementor-icon-list--layout-traditional elementor-list-item-link-full_width elementor-widget elementor-widget-icon-list\" data-id=\"6e4cd5af\" data-element_type=\"widget\" data-e-type=\"widget\" data-widget_type=\"icon-list.default\">\n\t\t\t\t<div class=\"elementor-widget-container\">\n\t\t\t\t\t\t\t<ul class=\"elementor-icon-list-items\">\n\t\t\t\t\t\t\t<li class=\"elementor-icon-list-item\">\n\t\t\t\t\t\t\t\t\t\t\t<span class=\"elementor-icon-list-icon\">\n\t\t\t\t\t\t\t<i aria-hidden=\"true\" class=\"far fa-address-book\"><\/i>\t\t\t\t\t\t<\/span>\n\t\t\t\t\t\t\t\t\t\t<span class=\"elementor-icon-list-text\">9 rue du petit bois, 14123 Cormelles Le Royal, Calvados, Normandie<\/span>\n\t\t\t\t\t\t\t\t\t<\/li>\n\t\t\t\t\t\t\t\t<li class=\"elementor-icon-list-item\">\n\t\t\t\t\t\t\t\t\t\t\t<span class=\"elementor-icon-list-icon\">\n\t\t\t\t\t\t\t<i aria-hidden=\"true\" class=\"far fa-clock\"><\/i>\t\t\t\t\t\t<\/span>\n\t\t\t\t\t\t\t\t\t\t<span class=\"elementor-icon-list-text\">le lundi, Jeudi, 10h \u00e0 18h  \/  Mardi et Mercredi 10H \u00e0 19H (en physique ou visioconf\u00e9rence)<br>walkandtalk du Lundi au Jeudi de 10h \u00e0 18h en fonction de la luminosit\u00e9 et de la m\u00e9t\u00e9o<\/span>\n\t\t\t\t\t\t\t\t\t<\/li>\n\t\t\t\t\t\t\t\t<li class=\"elementor-icon-list-item\">\n\t\t\t\t\t\t\t\t\t\t\t<span class=\"elementor-icon-list-icon\">\n\t\t\t\t\t\t\t<i aria-hidden=\"true\" class=\"fas fa-phone-volume\"><\/i>\t\t\t\t\t\t<\/span>\n\t\t\t\t\t\t\t\t\t\t<span class=\"elementor-icon-list-text\">06 03 90 86 75<\/span>\n\t\t\t\t\t\t\t\t\t<\/li>\n\t\t\t\t\t\t\t\t<li class=\"elementor-icon-list-item\">\n\t\t\t\t\t\t\t\t\t\t\t<span class=\"elementor-icon-list-icon\">\n\t\t\t\t\t\t\t<i aria-hidden=\"true\" class=\"far fa-envelope\"><\/i>\t\t\t\t\t\t<\/span>\n\t\t\t\t\t\t\t\t\t\t<span class=\"elementor-icon-list-text\">diphilegaume.psy@gmail.com<\/span>\n\t\t\t\t\t\t\t\t\t<\/li>\n\t\t\t\t\t\t<\/ul>\n\t\t\t\t\t\t<\/div>\n\t\t\t\t<\/div>\n\t\t\t\t\t<\/div>\n\t\t<\/div>\n\t\t\t\t\t<\/div>\n\t\t<\/section>\n\t\t\t\t<section class=\"elementor-section elementor-top-section elementor-element elementor-element-78d570c1 elementor-section-full_width elementor-reverse-mobile elementor-section-content-middle elementor-section-height-default elementor-section-height-default\" data-id=\"78d570c1\" data-element_type=\"section\" data-e-type=\"section\">\n\t\t\t\t\t\t<div class=\"elementor-container elementor-column-gap-no\">\n\t\t\t\t\t<div class=\"elementor-column elementor-col-50 elementor-top-column elementor-element elementor-element-40b0607b\" data-id=\"40b0607b\" data-element_type=\"column\" data-e-type=\"column\" data-settings=\"{&quot;background_background&quot;:&quot;classic&quot;}\">\n\t\t\t<div class=\"elementor-widget-wrap elementor-element-populated\">\n\t\t\t\t\t\t<div class=\"elementor-element elementor-element-56fccfe8 elementor-widget elementor-widget-google_maps\" data-id=\"56fccfe8\" data-element_type=\"widget\" data-e-type=\"widget\" data-widget_type=\"google_maps.default\">\n\t\t\t\t<div class=\"elementor-widget-container\">\n\t\t\t\t\t\t\t<div class=\"elementor-custom-embed\">\n\t\t\t<iframe loading=\"lazy\"\n\t\t\t\t\tsrc=\"https:\/\/maps.google.com\/maps?q=5%20ru%20du%20sieur%20de%20bras%2C%2014123%20Cormelles%20le%20royal%20%2C%20Calvados%2C%20Normandie&#038;t=m&#038;z=15&#038;output=embed&#038;iwloc=near\"\n\t\t\t\t\ttitle=\"5 ru du sieur de bras, 14123 Cormelles le royal , Calvados, Normandie\"\n\t\t\t\t\taria-label=\"5 ru du sieur de bras, 14123 Cormelles le royal , Calvados, Normandie\"\n\t\t\t><\/iframe>\n\t\t<\/div>\n\t\t\t\t\t\t<\/div>\n\t\t\t\t<\/div>\n\t\t\t\t\t<\/div>\n\t\t<\/div>\n\t\t\t\t<div class=\"elementor-column elementor-col-50 elementor-top-column elementor-element elementor-element-50c3b1f0\" data-id=\"50c3b1f0\" data-element_type=\"column\" data-e-type=\"column\">\n\t\t\t<div class=\"elementor-widget-wrap elementor-element-populated\">\n\t\t\t\t\t\t<div class=\"elementor-element elementor-element-5e0fd982 elementor-widget elementor-widget-heading\" data-id=\"5e0fd982\" data-element_type=\"widget\" data-e-type=\"widget\" data-widget_type=\"heading.default\">\n\t\t\t\t<div class=\"elementor-widget-container\">\n\t\t\t\t\t<h2 class=\"elementor-heading-title elementor-size-default\">Me trouver<\/h2>\t\t\t\t<\/div>\n\t\t\t\t<\/div>\n\t\t\t\t<div class=\"elementor-element elementor-element-4d18326e elementor-widget elementor-widget-icon-box\" data-id=\"4d18326e\" data-element_type=\"widget\" data-e-type=\"widget\" data-widget_type=\"icon-box.default\">\n\t\t\t\t<div class=\"elementor-widget-container\">\n\t\t\t\t\t\t\t<div class=\"elementor-icon-box-wrapper\">\n\n\t\t\t\n\t\t\t\t\t\t<div class=\"elementor-icon-box-content\">\n\n\t\t\t\t\t\t\t\t\t<h4 class=\"elementor-icon-box-title\">\n\t\t\t\t\t\t<span  >\n\t\t\t\t\t\t\tAddresse:\t\t\t\t\t\t<\/span>\n\t\t\t\t\t<\/h4>\n\t\t\t\t\n\t\t\t\t\t\t\t\t\t<p class=\"elementor-icon-box-description\">\n\t\t\t\t\t\t9 rue du petit bois, 14123 Cormelle Le Royal Calvados, Normandie<br>\t\t\t\t\t<\/p>\n\t\t\t\t\n\t\t\t<\/div>\n\t\t\t\n\t\t<\/div>\n\t\t\t\t\t\t<\/div>\n\t\t\t\t<\/div>\n\t\t\t\t\t<\/div>\n\t\t<\/div>\n\t\t\t\t\t<\/div>\n\t\t<\/section>\n\t\t\t\t<\/div>\n\t\t","protected":false},"excerpt":{"rendered":"<p>Me contacter Suite \u00e0 un dysfonctionnement technique du formulaire de contact, certains messages envoy\u00e9s via le site n\u2019ont malheureusement pas pu m\u2019\u00eatre transmis.Je tiens \u00e0 &hellip;<\/p>\n","protected":false},"author":1,"featured_media":0,"parent":0,"menu_order":0,"comment_status":"closed","ping_status":"closed","template":"","meta":{"footnotes":""},"class_list":["post-345","page","type-page","status-publish","hentry"],"yoast_head":"<!-- This site is optimized with the Yoast SEO plugin v27.4 - https:\/\/yoast.com\/product\/yoast-seo-wordpress\/ -->\n<title>Prise de contact - Gaume Diphile - Psychologue clinicienne \/ Praticienne EMDR (Calvados, Caen)<\/title>\n<meta name=\"robots\" content=\"index, follow, max-snippet:-1, max-image-preview:large, max-video-preview:-1\" \/>\n<link rel=\"canonical\" href=\"https:\/\/dg-psychologue.com\/index.php\/prise-de-contact\/\" \/>\n<meta property=\"og:locale\" content=\"fr_FR\" \/>\n<meta property=\"og:type\" content=\"article\" \/>\n<meta property=\"og:title\" content=\"Prise de contact - Gaume Diphile - Psychologue clinicienne \/ Praticienne EMDR (Calvados, Caen)\" \/>\n<meta property=\"og:description\" content=\"Me contacter Suite \u00e0 un dysfonctionnement technique du formulaire de contact, certains messages envoy\u00e9s via le site n\u2019ont malheureusement pas pu m\u2019\u00eatre transmis.Je tiens \u00e0 &hellip;\" \/>\n<meta property=\"og:url\" content=\"https:\/\/dg-psychologue.com\/index.php\/prise-de-contact\/\" \/>\n<meta property=\"og:site_name\" content=\"Gaume Diphile - Psychologue clinicienne \/ Praticienne EMDR (Calvados, Caen)\" \/>\n<meta property=\"article:publisher\" content=\"https:\/\/www.facebook.com\/Diphile-Gaume-Psychologue-Clinicienne-Praticienne-EMDR-101634289317271\/?ref=pages_you_manage\" \/>\n<meta property=\"article:modified_time\" content=\"2026-01-25T18:37:16+00:00\" \/>\n<meta property=\"og:image\" content=\"https:\/\/dg-psychologue.com\/wp-content\/uploads\/2022\/08\/Illustration-De-Concept-Dentrevue-Vecteur-Gratuite.jpg\" \/>\n\t<meta property=\"og:image:width\" content=\"626\" \/>\n\t<meta property=\"og:image:height\" content=\"417\" \/>\n\t<meta property=\"og:image:type\" content=\"image\/jpeg\" \/>\n<meta name=\"twitter:card\" content=\"summary_large_image\" \/>\n<meta name=\"twitter:label1\" content=\"Dur\u00e9e de lecture estim\u00e9e\" \/>\n\t<meta name=\"twitter:data1\" content=\"2 minutes\" \/>\n<script type=\"application\/ld+json\" class=\"yoast-schema-graph\">{\"@context\":\"https:\\\/\\\/schema.org\",\"@graph\":[{\"@type\":\"WebPage\",\"@id\":\"https:\\\/\\\/dg-psychologue.com\\\/index.php\\\/prise-de-contact\\\/\",\"url\":\"https:\\\/\\\/dg-psychologue.com\\\/index.php\\\/prise-de-contact\\\/\",\"name\":\"Prise de contact - Gaume Diphile - Psychologue clinicienne \\\/ Praticienne EMDR (Calvados, Caen)\",\"isPartOf\":{\"@id\":\"https:\\\/\\\/dg-psychologue.com\\\/#website\"},\"primaryImageOfPage\":{\"@id\":\"https:\\\/\\\/dg-psychologue.com\\\/index.php\\\/prise-de-contact\\\/#primaryimage\"},\"image\":{\"@id\":\"https:\\\/\\\/dg-psychologue.com\\\/index.php\\\/prise-de-contact\\\/#primaryimage\"},\"thumbnailUrl\":\"https:\\\/\\\/dg-psychologue.com\\\/wp-content\\\/uploads\\\/2022\\\/08\\\/Illustration-De-Concept-Dentrevue-Vecteur-Gratuite.jpg\",\"datePublished\":\"2022-08-10T14:06:03+00:00\",\"dateModified\":\"2026-01-25T18:37:16+00:00\",\"breadcrumb\":{\"@id\":\"https:\\\/\\\/dg-psychologue.com\\\/index.php\\\/prise-de-contact\\\/#breadcrumb\"},\"inLanguage\":\"fr-FR\",\"potentialAction\":[{\"@type\":\"ReadAction\",\"target\":[\"https:\\\/\\\/dg-psychologue.com\\\/index.php\\\/prise-de-contact\\\/\"]}]},{\"@type\":\"ImageObject\",\"inLanguage\":\"fr-FR\",\"@id\":\"https:\\\/\\\/dg-psychologue.com\\\/index.php\\\/prise-de-contact\\\/#primaryimage\",\"url\":\"https:\\\/\\\/dg-psychologue.com\\\/wp-content\\\/uploads\\\/2022\\\/08\\\/Illustration-De-Concept-Dentrevue-Vecteur-Gratuite.jpg\",\"contentUrl\":\"https:\\\/\\\/dg-psychologue.com\\\/wp-content\\\/uploads\\\/2022\\\/08\\\/Illustration-De-Concept-Dentrevue-Vecteur-Gratuite.jpg\",\"width\":626,\"height\":417},{\"@type\":\"BreadcrumbList\",\"@id\":\"https:\\\/\\\/dg-psychologue.com\\\/index.php\\\/prise-de-contact\\\/#breadcrumb\",\"itemListElement\":[{\"@type\":\"ListItem\",\"position\":1,\"name\":\"Accueil\",\"item\":\"https:\\\/\\\/dg-psychologue.com\\\/\"},{\"@type\":\"ListItem\",\"position\":2,\"name\":\"Prise de contact\"}]},{\"@type\":\"WebSite\",\"@id\":\"https:\\\/\\\/dg-psychologue.com\\\/#website\",\"url\":\"https:\\\/\\\/dg-psychologue.com\\\/\",\"name\":\"Gaume Diphile - Psychologue clinicienne \\\/ Praticienne EMDR (Calvados, Caen)\",\"description\":\"Psychologue clinicienne, sp\u00e9cialis\u00e9e en Psycho-Criminologie et Victimologie. Je suis install\u00e9e en lib\u00e9ral sur Caen \u00e0 partir de Janvier 2023. Je re\u00e7ois les enfants, les adolescents et les adultes en consultation en cabinet, en visioconf\u00e9rence.\",\"publisher\":{\"@id\":\"https:\\\/\\\/dg-psychologue.com\\\/#organization\"},\"potentialAction\":[{\"@type\":\"SearchAction\",\"target\":{\"@type\":\"EntryPoint\",\"urlTemplate\":\"https:\\\/\\\/dg-psychologue.com\\\/?s={search_term_string}\"},\"query-input\":{\"@type\":\"PropertyValueSpecification\",\"valueRequired\":true,\"valueName\":\"search_term_string\"}}],\"inLanguage\":\"fr-FR\"},{\"@type\":\"Organization\",\"@id\":\"https:\\\/\\\/dg-psychologue.com\\\/#organization\",\"name\":\"Gaume Diphile - Psychologue clinicienne \\\/ Praticienne EMDR (Calvados, Caen)\",\"url\":\"https:\\\/\\\/dg-psychologue.com\\\/\",\"logo\":{\"@type\":\"ImageObject\",\"inLanguage\":\"fr-FR\",\"@id\":\"https:\\\/\\\/dg-psychologue.com\\\/#\\\/schema\\\/logo\\\/image\\\/\",\"url\":\"https:\\\/\\\/dg-psychologue.com\\\/wp-content\\\/uploads\\\/2022\\\/08\\\/\u041f\u0438\u043d-\u043e\u0442-\u043f\u043e\u043b\u044c\u0437\u043e\u0432\u0430\u0442\u0435\u043b\u044f-maddie-rae-\u043d\u0430-\u0434\u043e\u0441\u043a\u0435-tatsss-\u041c\u0438\u043b\u044b\u0435-\u0442\u0430\u0442\u0443\u0438\u0440\u043e\u0432\u043a\u0438-\u041c\u0430\u043b\u0435\u043d\u044c\u043a\u0438\u0435-\u0442\u0430\u0442\u0443\u0438\u0440\u043e\u0432\u043a\u0438-\u041b\u0438\u043d\u0435\u0439\u043d\u044b\u0435-\u0447\u0435\u0440\u0442\u0435\u0436\u0438.jpg\",\"contentUrl\":\"https:\\\/\\\/dg-psychologue.com\\\/wp-content\\\/uploads\\\/2022\\\/08\\\/\u041f\u0438\u043d-\u043e\u0442-\u043f\u043e\u043b\u044c\u0437\u043e\u0432\u0430\u0442\u0435\u043b\u044f-maddie-rae-\u043d\u0430-\u0434\u043e\u0441\u043a\u0435-tatsss-\u041c\u0438\u043b\u044b\u0435-\u0442\u0430\u0442\u0443\u0438\u0440\u043e\u0432\u043a\u0438-\u041c\u0430\u043b\u0435\u043d\u044c\u043a\u0438\u0435-\u0442\u0430\u0442\u0443\u0438\u0440\u043e\u0432\u043a\u0438-\u041b\u0438\u043d\u0435\u0439\u043d\u044b\u0435-\u0447\u0435\u0440\u0442\u0435\u0436\u0438.jpg\",\"width\":640,\"height\":640,\"caption\":\"Gaume Diphile - Psychologue clinicienne \\\/ Praticienne EMDR (Calvados, Caen)\"},\"image\":{\"@id\":\"https:\\\/\\\/dg-psychologue.com\\\/#\\\/schema\\\/logo\\\/image\\\/\"},\"sameAs\":[\"https:\\\/\\\/www.facebook.com\\\/Diphile-Gaume-Psychologue-Clinicienne-Praticienne-EMDR-101634289317271\\\/?ref=pages_you_manage\",\"https:\\\/\\\/www.linkedin.com\\\/in\\\/diphile-gaume-2a07a8a1\\\/\"]}]}<\/script>\n<!-- \/ Yoast SEO plugin. -->","yoast_head_json":{"title":"Prise de contact - Gaume Diphile - Psychologue clinicienne \/ Praticienne EMDR (Calvados, Caen)","robots":{"index":"index","follow":"follow","max-snippet":"max-snippet:-1","max-image-preview":"max-image-preview:large","max-video-preview":"max-video-preview:-1"},"canonical":"https:\/\/dg-psychologue.com\/index.php\/prise-de-contact\/","og_locale":"fr_FR","og_type":"article","og_title":"Prise de contact - Gaume Diphile - Psychologue clinicienne \/ Praticienne EMDR (Calvados, Caen)","og_description":"Me contacter Suite \u00e0 un dysfonctionnement technique du formulaire de contact, certains messages envoy\u00e9s via le site n\u2019ont malheureusement pas pu m\u2019\u00eatre transmis.Je tiens \u00e0 &hellip;","og_url":"https:\/\/dg-psychologue.com\/index.php\/prise-de-contact\/","og_site_name":"Gaume Diphile - Psychologue clinicienne \/ Praticienne EMDR (Calvados, Caen)","article_publisher":"https:\/\/www.facebook.com\/Diphile-Gaume-Psychologue-Clinicienne-Praticienne-EMDR-101634289317271\/?ref=pages_you_manage","article_modified_time":"2026-01-25T18:37:16+00:00","og_image":[{"width":626,"height":417,"url":"https:\/\/dg-psychologue.com\/wp-content\/uploads\/2022\/08\/Illustration-De-Concept-Dentrevue-Vecteur-Gratuite.jpg","type":"image\/jpeg"}],"twitter_card":"summary_large_image","twitter_misc":{"Dur\u00e9e de lecture estim\u00e9e":"2 minutes"},"schema":{"@context":"https:\/\/schema.org","@graph":[{"@type":"WebPage","@id":"https:\/\/dg-psychologue.com\/index.php\/prise-de-contact\/","url":"https:\/\/dg-psychologue.com\/index.php\/prise-de-contact\/","name":"Prise de contact - Gaume Diphile - Psychologue clinicienne \/ Praticienne EMDR (Calvados, Caen)","isPartOf":{"@id":"https:\/\/dg-psychologue.com\/#website"},"primaryImageOfPage":{"@id":"https:\/\/dg-psychologue.com\/index.php\/prise-de-contact\/#primaryimage"},"image":{"@id":"https:\/\/dg-psychologue.com\/index.php\/prise-de-contact\/#primaryimage"},"thumbnailUrl":"https:\/\/dg-psychologue.com\/wp-content\/uploads\/2022\/08\/Illustration-De-Concept-Dentrevue-Vecteur-Gratuite.jpg","datePublished":"2022-08-10T14:06:03+00:00","dateModified":"2026-01-25T18:37:16+00:00","breadcrumb":{"@id":"https:\/\/dg-psychologue.com\/index.php\/prise-de-contact\/#breadcrumb"},"inLanguage":"fr-FR","potentialAction":[{"@type":"ReadAction","target":["https:\/\/dg-psychologue.com\/index.php\/prise-de-contact\/"]}]},{"@type":"ImageObject","inLanguage":"fr-FR","@id":"https:\/\/dg-psychologue.com\/index.php\/prise-de-contact\/#primaryimage","url":"https:\/\/dg-psychologue.com\/wp-content\/uploads\/2022\/08\/Illustration-De-Concept-Dentrevue-Vecteur-Gratuite.jpg","contentUrl":"https:\/\/dg-psychologue.com\/wp-content\/uploads\/2022\/08\/Illustration-De-Concept-Dentrevue-Vecteur-Gratuite.jpg","width":626,"height":417},{"@type":"BreadcrumbList","@id":"https:\/\/dg-psychologue.com\/index.php\/prise-de-contact\/#breadcrumb","itemListElement":[{"@type":"ListItem","position":1,"name":"Accueil","item":"https:\/\/dg-psychologue.com\/"},{"@type":"ListItem","position":2,"name":"Prise de contact"}]},{"@type":"WebSite","@id":"https:\/\/dg-psychologue.com\/#website","url":"https:\/\/dg-psychologue.com\/","name":"Gaume Diphile - Psychologue clinicienne \/ Praticienne EMDR (Calvados, Caen)","description":"Psychologue clinicienne, sp\u00e9cialis\u00e9e en Psycho-Criminologie et Victimologie. Je suis install\u00e9e en lib\u00e9ral sur Caen \u00e0 partir de Janvier 2023. Je re\u00e7ois les enfants, les adolescents et les adultes en consultation en cabinet, en visioconf\u00e9rence.","publisher":{"@id":"https:\/\/dg-psychologue.com\/#organization"},"potentialAction":[{"@type":"SearchAction","target":{"@type":"EntryPoint","urlTemplate":"https:\/\/dg-psychologue.com\/?s={search_term_string}"},"query-input":{"@type":"PropertyValueSpecification","valueRequired":true,"valueName":"search_term_string"}}],"inLanguage":"fr-FR"},{"@type":"Organization","@id":"https:\/\/dg-psychologue.com\/#organization","name":"Gaume Diphile - Psychologue clinicienne \/ Praticienne EMDR (Calvados, Caen)","url":"https:\/\/dg-psychologue.com\/","logo":{"@type":"ImageObject","inLanguage":"fr-FR","@id":"https:\/\/dg-psychologue.com\/#\/schema\/logo\/image\/","url":"https:\/\/dg-psychologue.com\/wp-content\/uploads\/2022\/08\/\u041f\u0438\u043d-\u043e\u0442-\u043f\u043e\u043b\u044c\u0437\u043e\u0432\u0430\u0442\u0435\u043b\u044f-maddie-rae-\u043d\u0430-\u0434\u043e\u0441\u043a\u0435-tatsss-\u041c\u0438\u043b\u044b\u0435-\u0442\u0430\u0442\u0443\u0438\u0440\u043e\u0432\u043a\u0438-\u041c\u0430\u043b\u0435\u043d\u044c\u043a\u0438\u0435-\u0442\u0430\u0442\u0443\u0438\u0440\u043e\u0432\u043a\u0438-\u041b\u0438\u043d\u0435\u0439\u043d\u044b\u0435-\u0447\u0435\u0440\u0442\u0435\u0436\u0438.jpg","contentUrl":"https:\/\/dg-psychologue.com\/wp-content\/uploads\/2022\/08\/\u041f\u0438\u043d-\u043e\u0442-\u043f\u043e\u043b\u044c\u0437\u043e\u0432\u0430\u0442\u0435\u043b\u044f-maddie-rae-\u043d\u0430-\u0434\u043e\u0441\u043a\u0435-tatsss-\u041c\u0438\u043b\u044b\u0435-\u0442\u0430\u0442\u0443\u0438\u0440\u043e\u0432\u043a\u0438-\u041c\u0430\u043b\u0435\u043d\u044c\u043a\u0438\u0435-\u0442\u0430\u0442\u0443\u0438\u0440\u043e\u0432\u043a\u0438-\u041b\u0438\u043d\u0435\u0439\u043d\u044b\u0435-\u0447\u0435\u0440\u0442\u0435\u0436\u0438.jpg","width":640,"height":640,"caption":"Gaume Diphile - Psychologue clinicienne \/ Praticienne EMDR (Calvados, Caen)"},"image":{"@id":"https:\/\/dg-psychologue.com\/#\/schema\/logo\/image\/"},"sameAs":["https:\/\/www.facebook.com\/Diphile-Gaume-Psychologue-Clinicienne-Praticienne-EMDR-101634289317271\/?ref=pages_you_manage","https:\/\/www.linkedin.com\/in\/diphile-gaume-2a07a8a1\/"]}]}},"_links":{"self":[{"href":"https:\/\/dg-psychologue.com\/index.php\/wp-json\/wp\/v2\/pages\/345","targetHints":{"allow":["GET"]}}],"collection":[{"href":"https:\/\/dg-psychologue.com\/index.php\/wp-json\/wp\/v2\/pages"}],"about":[{"href":"https:\/\/dg-psychologue.com\/index.php\/wp-json\/wp\/v2\/types\/page"}],"author":[{"embeddable":true,"href":"https:\/\/dg-psychologue.com\/index.php\/wp-json\/wp\/v2\/users\/1"}],"replies":[{"embeddable":true,"href":"https:\/\/dg-psychologue.com\/index.php\/wp-json\/wp\/v2\/comments?post=345"}],"version-history":[{"count":55,"href":"https:\/\/dg-psychologue.com\/index.php\/wp-json\/wp\/v2\/pages\/345\/revisions"}],"predecessor-version":[{"id":681,"href":"https:\/\/dg-psychologue.com\/index.php\/wp-json\/wp\/v2\/pages\/345\/revisions\/681"}],"wp:attachment":[{"href":"https:\/\/dg-psychologue.com\/index.php\/wp-json\/wp\/v2\/media?parent=345"}],"curies":[{"name":"wp","href":"https:\/\/api.w.org\/{rel}","templated":true}]}}