{"id":333,"date":"2022-08-09T23:33:50","date_gmt":"2022-08-09T21:33:50","guid":{"rendered":"http:\/\/dgpsycf.cluster030.hosting.ovh.net\/?page_id=333"},"modified":"2026-01-25T19:43:26","modified_gmt":"2026-01-25T18:43:26","slug":"psychologue-clinicienne-emdr-caen","status":"publish","type":"page","link":"https:\/\/dg-psychologue.com\/","title":{"rendered":"Gaume Diphile &#8211; Psychologue clinicienne \/ Praticienne EMDR (Calvados, Caen)"},"content":{"rendered":"\t\t<div data-elementor-type=\"wp-page\" data-elementor-id=\"333\" class=\"elementor elementor-333\">\n\t\t\t\t\t\t<section class=\"elementor-section elementor-top-section elementor-element elementor-element-451b02c elementor-section-boxed elementor-section-height-default elementor-section-height-default\" data-id=\"451b02c\" data-element_type=\"section\" data-e-type=\"section\">\n\t\t\t\t\t\t<div class=\"elementor-container elementor-column-gap-default\">\n\t\t\t\t\t<div class=\"elementor-column elementor-col-100 elementor-top-column elementor-element elementor-element-86a298d\" data-id=\"86a298d\" data-element_type=\"column\" data-e-type=\"column\">\n\t\t\t<div class=\"elementor-widget-wrap elementor-element-populated\">\n\t\t\t\t\t\t<div class=\"elementor-element elementor-element-fcfa83d elementor-widget elementor-widget-image\" data-id=\"fcfa83d\" data-element_type=\"widget\" data-e-type=\"widget\" data-widget_type=\"image.default\">\n\t\t\t\t<div class=\"elementor-widget-container\">\n\t\t\t\t\t\t\t\t\t\t\t\t<figure class=\"wp-caption\">\n\t\t\t\t\t\t\t\t\t\t\t<a href=\"http:\/\/dgpsycf.cluster030.hosting.ovh.net\/index.php\/psychologue-clinicienne-praticienne-emdr-caen\/\">\n\t\t\t\t\t\t\t<img fetchpriority=\"high\" decoding=\"async\" width=\"1024\" height=\"577\" src=\"https:\/\/dg-psychologue.com\/wp-content\/uploads\/2022\/08\/Banniere-1-1024x577.jpg\" class=\"attachment-large size-large wp-image-337\" alt=\"\" srcset=\"https:\/\/dg-psychologue.com\/wp-content\/uploads\/2022\/08\/Banniere-1-1024x577.jpg 1024w, https:\/\/dg-psychologue.com\/wp-content\/uploads\/2022\/08\/Banniere-1-300x169.jpg 300w, https:\/\/dg-psychologue.com\/wp-content\/uploads\/2022\/08\/Banniere-1-768x433.jpg 768w, https:\/\/dg-psychologue.com\/wp-content\/uploads\/2022\/08\/Banniere-1-1536x865.jpg 1536w, https:\/\/dg-psychologue.com\/wp-content\/uploads\/2022\/08\/Banniere-1-496x279.jpg 496w, https:\/\/dg-psychologue.com\/wp-content\/uploads\/2022\/08\/Banniere-1.jpg 1640w\" sizes=\"(max-width: 1024px) 100vw, 1024px\" \/>\t\t\t\t\t\t\t\t<\/a>\n\t\t\t\t\t\t\t\t\t\t\t<figcaption class=\"widget-image-caption wp-caption-text\">Diphile Gaume, Psychologue clinicienne, praticienne EMDR, caen<\/figcaption>\n\t\t\t\t\t\t\t\t\t\t<\/figure>\n\t\t\t\t\t\t\t\t\t<\/div>\n\t\t\t\t<\/div>\n\t\t\t\t\t<\/div>\n\t\t<\/div>\n\t\t\t\t\t<\/div>\n\t\t<\/section>\n\t\t\t\t<section class=\"elementor-section elementor-top-section elementor-element elementor-element-3e302e4 elementor-section-boxed elementor-section-height-default elementor-section-height-default\" data-id=\"3e302e4\" data-element_type=\"section\" data-e-type=\"section\">\n\t\t\t\t\t\t<div class=\"elementor-container elementor-column-gap-default\">\n\t\t\t\t\t<div class=\"elementor-column elementor-col-100 elementor-top-column elementor-element elementor-element-49a0711\" data-id=\"49a0711\" data-element_type=\"column\" data-e-type=\"column\">\n\t\t\t<div class=\"elementor-widget-wrap elementor-element-populated\">\n\t\t\t\t\t\t<div class=\"elementor-element elementor-element-0bf0f04 elementor-widget elementor-widget-text-editor\" data-id=\"0bf0f04\" data-element_type=\"widget\" data-e-type=\"widget\" data-widget_type=\"text-editor.default\">\n\t\t\t\t<div class=\"elementor-widget-container\">\n\t\t\t\t\t\t\t\t\t<p>Psychologue clinicienne, &nbsp;EMDR, sp\u00e9cialis\u00e9e en Psycho-Criminologie et Victimologie. Je suis install\u00e9e en lib\u00e9ral sur Cormelles-le-Royal, pr\u00e8s de Caen . Je re\u00e7ois les adolescents et les adultes en consultation en cabinet, en visioconf\u00e9rence ou en walkandtalk.<\/p>\n<header class=\"entry-header\">\n<h1 class=\"entry-title\" style=\"text-align: center;\">Un psy&#8230; mais pourquoi ? Je ne suis pas f&#8230;.<\/h1>\n<p>De un, il n&rsquo;y a pas d&rsquo;\u00e2ge : Adulte \/ Adolescent \/enfant&nbsp;<\/p>\n<\/header>\n<div class=\"entry-content\">\n<p>De deux, voici, une&nbsp;liste non exhaustive &#8230; il peut s&rsquo;agir tout simplement d&rsquo;un besoin d&rsquo;un regard\/ d&rsquo;une \u00e9coute bienveillant et neutre provenant d&rsquo;une personne ne faisant pas partie du cercle des proches&nbsp;&#8230;<\/p>\n<ul>\n<li>Les probl\u00e9matiques li\u00e9es \u00e0 de sant\u00e9 mentale, comme la&nbsp;d\u00e9pression,&nbsp;l\u2019anxi\u00e9t\u00e9, les phobies ,angoisse et la gestion de la souffrance, du stress, de l&rsquo;anxi\u00e9t\u00e9, des \u00e9motions&#8230;<\/li>\n<li>Les probl\u00e9matiques en lien avec une maladie physique (endom\u00e9triose, cancer&#8230; )\/ handicap&nbsp;<\/li>\n<li>Les probl\u00e9matiques familiales, conjugales, ruptures amoureuses ou amicales<\/li>\n<li>L\u2019insomnie et les troubles du sommeil<\/li>\n<li>Le manque de confiance en soi<\/li>\n<li>Les probl\u00e9matiques en lien avec l\u2019environnement scolaire, l&rsquo;environnementale de travail (burn out, &#8230;), la&nbsp;socialisation, &#8230;<\/li>\n<li>Prise en charge des sympt\u00f4mes du stress post-traumatique<span class=\"color_15\">&nbsp;: &nbsp;accident de la route, harc\u00e8lement,&nbsp;violences, maltraitance, agression sexuelle, personne ayant \u00e9t\u00e9 agress\u00e9 ou a \u00e9t\u00e9 t\u00e9moin d\u2019une agression<\/span><\/li>\n<\/ul>\n<\/div>\n<p><span style=\"color: #f5f5f5;\">#psychologuecaen #psychologueclinicien #emdrcaen #psychologuefemme #psychologuecalvados #psychologueaproximit\u00e9 #santementale #therapie<\/span><\/p>\t\t\t\t\t\t\t\t<\/div>\n\t\t\t\t<\/div>\n\t\t\t\t\t<\/div>\n\t\t<\/div>\n\t\t\t\t\t<\/div>\n\t\t<\/section>\n\t\t\t\t<section class=\"elementor-section elementor-top-section elementor-element elementor-element-f7f282d elementor-section-boxed elementor-section-height-default elementor-section-height-default\" data-id=\"f7f282d\" data-element_type=\"section\" data-e-type=\"section\">\n\t\t\t\t\t\t<div class=\"elementor-container elementor-column-gap-default\">\n\t\t\t\t\t<div class=\"elementor-column elementor-col-100 elementor-top-column elementor-element elementor-element-8396526\" data-id=\"8396526\" data-element_type=\"column\" data-e-type=\"column\">\n\t\t\t<div class=\"elementor-widget-wrap elementor-element-populated\">\n\t\t\t\t\t\t<div class=\"elementor-element elementor-element-ccc637b elementor-widget elementor-widget-text-editor\" data-id=\"ccc637b\" data-element_type=\"widget\" data-e-type=\"widget\" data-widget_type=\"text-editor.default\">\n\t\t\t\t<div class=\"elementor-widget-container\">\n\t\t\t\t\t\t\t\t\t<p><span style=\"color: #ffffff;\"><a style=\"color: #ffffff;\" href=\"https:\/\/www.facebook.com\/Diphile-Gaume-Psychologue-Clinicienne-Praticienne-EMDR-101634289317271\/?ref=pages_you_manage\">https:\/\/www.facebook.com\/Diphile-Gaume-Psychologue-Clinicienne-Praticienne-EMDR-101634289317271\/?ref=pages_you_manage<\/a><\/span><\/p>\t\t\t\t\t\t\t\t<\/div>\n\t\t\t\t<\/div>\n\t\t\t\t\t<\/div>\n\t\t<\/div>\n\t\t\t\t\t<\/div>\n\t\t<\/section>\n\t\t\t\t<\/div>\n\t\t","protected":false},"excerpt":{"rendered":"<p>Diphile Gaume, Psychologue clinicienne, praticienne EMDR, caen Psychologue clinicienne, &nbsp;EMDR, sp\u00e9cialis\u00e9e en Psycho-Criminologie et Victimologie. Je suis install\u00e9e en lib\u00e9ral sur Cormelles-le-Royal, pr\u00e8s de Caen &hellip;<\/p>\n","protected":false},"author":1,"featured_media":0,"parent":0,"menu_order":0,"comment_status":"closed","ping_status":"closed","template":"","meta":{"footnotes":""},"class_list":["post-333","page","type-page","status-publish","hentry"],"yoast_head":"<!-- This site is optimized with the Yoast SEO plugin v27.4 - https:\/\/yoast.com\/product\/yoast-seo-wordpress\/ -->\n<title>Gaume Diphile - Psychologue clinicienne \/ Praticienne EMDR (Calvados, Caen) - Gaume Diphile - Psychologue clinicienne \/ Praticienne EMDR (Calvados, Caen)<\/title>\n<meta name=\"description\" content=\"Psychologue clinicienne, praticienne EMDR, install\u00e9e en lib\u00e9ral sur Caen,accompagnement aupr\u00e8s des enfants, adolescents et adulteset des entreprises sur diff\u00e9rentes probl\u00e9matiques dans un espace garantissant la confidentialit\u00e9 des \u00e9changes ou en distanciel (visioconf\u00e9rence), voire \u00e0 domicile.\" \/>\n<meta name=\"robots\" content=\"index, follow, max-snippet:-1, max-image-preview:large, max-video-preview:-1\" \/>\n<link rel=\"canonical\" href=\"https:\/\/dg-psychologue.com\/\" \/>\n<meta property=\"og:locale\" content=\"fr_FR\" \/>\n<meta property=\"og:type\" content=\"article\" \/>\n<meta property=\"og:title\" content=\"Gaume Diphile - Psychologue clinicienne \/ Praticienne EMDR (Calvados, Caen) - Gaume Diphile - Psychologue clinicienne \/ Praticienne EMDR (Calvados, Caen)\" \/>\n<meta property=\"og:description\" content=\"Psychologue clinicienne, praticienne EMDR, install\u00e9e en lib\u00e9ral sur Caen,accompagnement aupr\u00e8s des enfants, adolescents et adulteset des entreprises sur diff\u00e9rentes probl\u00e9matiques dans un espace garantissant la confidentialit\u00e9 des \u00e9changes ou en distanciel (visioconf\u00e9rence), voire \u00e0 domicile.\" \/>\n<meta property=\"og:url\" content=\"https:\/\/dg-psychologue.com\/\" \/>\n<meta property=\"og:site_name\" content=\"Gaume Diphile - Psychologue clinicienne \/ Praticienne EMDR (Calvados, Caen)\" \/>\n<meta property=\"article:publisher\" content=\"https:\/\/www.facebook.com\/Diphile-Gaume-Psychologue-Clinicienne-Praticienne-EMDR-101634289317271\/?ref=pages_you_manage\" \/>\n<meta property=\"article:modified_time\" content=\"2026-01-25T18:43:26+00:00\" \/>\n<meta property=\"og:image\" content=\"https:\/\/dg-psychologue.com\/wp-content\/uploads\/2022\/08\/Banniere-1.jpg\" \/>\n\t<meta property=\"og:image:width\" content=\"1640\" \/>\n\t<meta property=\"og:image:height\" content=\"924\" \/>\n\t<meta property=\"og:image:type\" content=\"image\/jpeg\" \/>\n<meta name=\"twitter:card\" content=\"summary_large_image\" \/>\n<meta name=\"twitter:label1\" content=\"Dur\u00e9e de lecture estim\u00e9e\" \/>\n\t<meta name=\"twitter:data1\" content=\"2 minutes\" \/>\n<script type=\"application\/ld+json\" class=\"yoast-schema-graph\">{\"@context\":\"https:\\\/\\\/schema.org\",\"@graph\":[{\"@type\":\"WebPage\",\"@id\":\"https:\\\/\\\/dg-psychologue.com\\\/\",\"url\":\"https:\\\/\\\/dg-psychologue.com\\\/\",\"name\":\"Gaume Diphile - Psychologue clinicienne \\\/ Praticienne EMDR (Calvados, Caen) - Gaume Diphile - Psychologue clinicienne \\\/ Praticienne EMDR (Calvados, Caen)\",\"isPartOf\":{\"@id\":\"https:\\\/\\\/dg-psychologue.com\\\/#website\"},\"primaryImageOfPage\":{\"@id\":\"https:\\\/\\\/dg-psychologue.com\\\/#primaryimage\"},\"image\":{\"@id\":\"https:\\\/\\\/dg-psychologue.com\\\/#primaryimage\"},\"thumbnailUrl\":\"https:\\\/\\\/dg-psychologue.com\\\/wp-content\\\/uploads\\\/2022\\\/08\\\/Banniere-1-1024x577.jpg\",\"datePublished\":\"2022-08-09T21:33:50+00:00\",\"dateModified\":\"2026-01-25T18:43:26+00:00\",\"description\":\"Psychologue clinicienne, praticienne EMDR, install\u00e9e en lib\u00e9ral sur Caen,accompagnement aupr\u00e8s des enfants, adolescents et adulteset des entreprises sur diff\u00e9rentes probl\u00e9matiques dans un espace garantissant la confidentialit\u00e9 des \u00e9changes ou en distanciel (visioconf\u00e9rence), voire \u00e0 domicile.\",\"breadcrumb\":{\"@id\":\"https:\\\/\\\/dg-psychologue.com\\\/#breadcrumb\"},\"inLanguage\":\"fr-FR\",\"potentialAction\":[{\"@type\":\"ReadAction\",\"target\":[\"https:\\\/\\\/dg-psychologue.com\\\/\"]}]},{\"@type\":\"ImageObject\",\"inLanguage\":\"fr-FR\",\"@id\":\"https:\\\/\\\/dg-psychologue.com\\\/#primaryimage\",\"url\":\"https:\\\/\\\/dg-psychologue.com\\\/wp-content\\\/uploads\\\/2022\\\/08\\\/Banniere-1.jpg\",\"contentUrl\":\"https:\\\/\\\/dg-psychologue.com\\\/wp-content\\\/uploads\\\/2022\\\/08\\\/Banniere-1.jpg\",\"width\":1640,\"height\":924},{\"@type\":\"BreadcrumbList\",\"@id\":\"https:\\\/\\\/dg-psychologue.com\\\/#breadcrumb\",\"itemListElement\":[{\"@type\":\"ListItem\",\"position\":1,\"name\":\"Accueil\",\"item\":\"https:\\\/\\\/dg-psychologue.com\\\/\"},{\"@type\":\"ListItem\",\"position\":2,\"name\":\"Gaume Diphile &#8211; Psychologue clinicienne \\\/ Praticienne EMDR (Calvados, Caen)\"}]},{\"@type\":\"WebSite\",\"@id\":\"https:\\\/\\\/dg-psychologue.com\\\/#website\",\"url\":\"https:\\\/\\\/dg-psychologue.com\\\/\",\"name\":\"Gaume Diphile - Psychologue clinicienne \\\/ Praticienne EMDR (Calvados, Caen)\",\"description\":\"Psychologue clinicienne, sp\u00e9cialis\u00e9e en Psycho-Criminologie et Victimologie. Je suis install\u00e9e en lib\u00e9ral sur Caen \u00e0 partir de Janvier 2023. Je re\u00e7ois les enfants, les adolescents et les adultes en consultation en cabinet, en visioconf\u00e9rence.\",\"publisher\":{\"@id\":\"https:\\\/\\\/dg-psychologue.com\\\/#organization\"},\"potentialAction\":[{\"@type\":\"SearchAction\",\"target\":{\"@type\":\"EntryPoint\",\"urlTemplate\":\"https:\\\/\\\/dg-psychologue.com\\\/?s={search_term_string}\"},\"query-input\":{\"@type\":\"PropertyValueSpecification\",\"valueRequired\":true,\"valueName\":\"search_term_string\"}}],\"inLanguage\":\"fr-FR\"},{\"@type\":\"Organization\",\"@id\":\"https:\\\/\\\/dg-psychologue.com\\\/#organization\",\"name\":\"Gaume Diphile - Psychologue clinicienne \\\/ Praticienne EMDR (Calvados, Caen)\",\"url\":\"https:\\\/\\\/dg-psychologue.com\\\/\",\"logo\":{\"@type\":\"ImageObject\",\"inLanguage\":\"fr-FR\",\"@id\":\"https:\\\/\\\/dg-psychologue.com\\\/#\\\/schema\\\/logo\\\/image\\\/\",\"url\":\"https:\\\/\\\/dg-psychologue.com\\\/wp-content\\\/uploads\\\/2022\\\/08\\\/\u041f\u0438\u043d-\u043e\u0442-\u043f\u043e\u043b\u044c\u0437\u043e\u0432\u0430\u0442\u0435\u043b\u044f-maddie-rae-\u043d\u0430-\u0434\u043e\u0441\u043a\u0435-tatsss-\u041c\u0438\u043b\u044b\u0435-\u0442\u0430\u0442\u0443\u0438\u0440\u043e\u0432\u043a\u0438-\u041c\u0430\u043b\u0435\u043d\u044c\u043a\u0438\u0435-\u0442\u0430\u0442\u0443\u0438\u0440\u043e\u0432\u043a\u0438-\u041b\u0438\u043d\u0435\u0439\u043d\u044b\u0435-\u0447\u0435\u0440\u0442\u0435\u0436\u0438.jpg\",\"contentUrl\":\"https:\\\/\\\/dg-psychologue.com\\\/wp-content\\\/uploads\\\/2022\\\/08\\\/\u041f\u0438\u043d-\u043e\u0442-\u043f\u043e\u043b\u044c\u0437\u043e\u0432\u0430\u0442\u0435\u043b\u044f-maddie-rae-\u043d\u0430-\u0434\u043e\u0441\u043a\u0435-tatsss-\u041c\u0438\u043b\u044b\u0435-\u0442\u0430\u0442\u0443\u0438\u0440\u043e\u0432\u043a\u0438-\u041c\u0430\u043b\u0435\u043d\u044c\u043a\u0438\u0435-\u0442\u0430\u0442\u0443\u0438\u0440\u043e\u0432\u043a\u0438-\u041b\u0438\u043d\u0435\u0439\u043d\u044b\u0435-\u0447\u0435\u0440\u0442\u0435\u0436\u0438.jpg\",\"width\":640,\"height\":640,\"caption\":\"Gaume Diphile - Psychologue clinicienne \\\/ Praticienne EMDR (Calvados, Caen)\"},\"image\":{\"@id\":\"https:\\\/\\\/dg-psychologue.com\\\/#\\\/schema\\\/logo\\\/image\\\/\"},\"sameAs\":[\"https:\\\/\\\/www.facebook.com\\\/Diphile-Gaume-Psychologue-Clinicienne-Praticienne-EMDR-101634289317271\\\/?ref=pages_you_manage\",\"https:\\\/\\\/www.linkedin.com\\\/in\\\/diphile-gaume-2a07a8a1\\\/\"]}]}<\/script>\n<!-- \/ Yoast SEO plugin. -->","yoast_head_json":{"title":"Gaume Diphile - Psychologue clinicienne \/ Praticienne EMDR (Calvados, Caen) - Gaume Diphile - Psychologue clinicienne \/ Praticienne EMDR (Calvados, Caen)","description":"Psychologue clinicienne, praticienne EMDR, install\u00e9e en lib\u00e9ral sur Caen,accompagnement aupr\u00e8s des enfants, adolescents et adulteset des entreprises sur diff\u00e9rentes probl\u00e9matiques dans un espace garantissant la confidentialit\u00e9 des \u00e9changes ou en distanciel (visioconf\u00e9rence), voire \u00e0 domicile.","robots":{"index":"index","follow":"follow","max-snippet":"max-snippet:-1","max-image-preview":"max-image-preview:large","max-video-preview":"max-video-preview:-1"},"canonical":"https:\/\/dg-psychologue.com\/","og_locale":"fr_FR","og_type":"article","og_title":"Gaume Diphile - Psychologue clinicienne \/ Praticienne EMDR (Calvados, Caen) - Gaume Diphile - Psychologue clinicienne \/ Praticienne EMDR (Calvados, Caen)","og_description":"Psychologue clinicienne, praticienne EMDR, install\u00e9e en lib\u00e9ral sur Caen,accompagnement aupr\u00e8s des enfants, adolescents et adulteset des entreprises sur diff\u00e9rentes probl\u00e9matiques dans un espace garantissant la confidentialit\u00e9 des \u00e9changes ou en distanciel (visioconf\u00e9rence), voire \u00e0 domicile.","og_url":"https:\/\/dg-psychologue.com\/","og_site_name":"Gaume Diphile - Psychologue clinicienne \/ Praticienne EMDR (Calvados, Caen)","article_publisher":"https:\/\/www.facebook.com\/Diphile-Gaume-Psychologue-Clinicienne-Praticienne-EMDR-101634289317271\/?ref=pages_you_manage","article_modified_time":"2026-01-25T18:43:26+00:00","og_image":[{"width":1640,"height":924,"url":"https:\/\/dg-psychologue.com\/wp-content\/uploads\/2022\/08\/Banniere-1.jpg","type":"image\/jpeg"}],"twitter_card":"summary_large_image","twitter_misc":{"Dur\u00e9e de lecture estim\u00e9e":"2 minutes"},"schema":{"@context":"https:\/\/schema.org","@graph":[{"@type":"WebPage","@id":"https:\/\/dg-psychologue.com\/","url":"https:\/\/dg-psychologue.com\/","name":"Gaume Diphile - Psychologue clinicienne \/ Praticienne EMDR (Calvados, Caen) - Gaume Diphile - Psychologue clinicienne \/ Praticienne EMDR (Calvados, Caen)","isPartOf":{"@id":"https:\/\/dg-psychologue.com\/#website"},"primaryImageOfPage":{"@id":"https:\/\/dg-psychologue.com\/#primaryimage"},"image":{"@id":"https:\/\/dg-psychologue.com\/#primaryimage"},"thumbnailUrl":"https:\/\/dg-psychologue.com\/wp-content\/uploads\/2022\/08\/Banniere-1-1024x577.jpg","datePublished":"2022-08-09T21:33:50+00:00","dateModified":"2026-01-25T18:43:26+00:00","description":"Psychologue clinicienne, praticienne EMDR, install\u00e9e en lib\u00e9ral sur Caen,accompagnement aupr\u00e8s des enfants, adolescents et adulteset des entreprises sur diff\u00e9rentes probl\u00e9matiques dans un espace garantissant la confidentialit\u00e9 des \u00e9changes ou en distanciel (visioconf\u00e9rence), voire \u00e0 domicile.","breadcrumb":{"@id":"https:\/\/dg-psychologue.com\/#breadcrumb"},"inLanguage":"fr-FR","potentialAction":[{"@type":"ReadAction","target":["https:\/\/dg-psychologue.com\/"]}]},{"@type":"ImageObject","inLanguage":"fr-FR","@id":"https:\/\/dg-psychologue.com\/#primaryimage","url":"https:\/\/dg-psychologue.com\/wp-content\/uploads\/2022\/08\/Banniere-1.jpg","contentUrl":"https:\/\/dg-psychologue.com\/wp-content\/uploads\/2022\/08\/Banniere-1.jpg","width":1640,"height":924},{"@type":"BreadcrumbList","@id":"https:\/\/dg-psychologue.com\/#breadcrumb","itemListElement":[{"@type":"ListItem","position":1,"name":"Accueil","item":"https:\/\/dg-psychologue.com\/"},{"@type":"ListItem","position":2,"name":"Gaume Diphile &#8211; Psychologue clinicienne \/ Praticienne EMDR (Calvados, Caen)"}]},{"@type":"WebSite","@id":"https:\/\/dg-psychologue.com\/#website","url":"https:\/\/dg-psychologue.com\/","name":"Gaume Diphile - Psychologue clinicienne \/ Praticienne EMDR (Calvados, Caen)","description":"Psychologue clinicienne, sp\u00e9cialis\u00e9e en Psycho-Criminologie et Victimologie. Je suis install\u00e9e en lib\u00e9ral sur Caen \u00e0 partir de Janvier 2023. Je re\u00e7ois les enfants, les adolescents et les adultes en consultation en cabinet, en visioconf\u00e9rence.","publisher":{"@id":"https:\/\/dg-psychologue.com\/#organization"},"potentialAction":[{"@type":"SearchAction","target":{"@type":"EntryPoint","urlTemplate":"https:\/\/dg-psychologue.com\/?s={search_term_string}"},"query-input":{"@type":"PropertyValueSpecification","valueRequired":true,"valueName":"search_term_string"}}],"inLanguage":"fr-FR"},{"@type":"Organization","@id":"https:\/\/dg-psychologue.com\/#organization","name":"Gaume Diphile - Psychologue clinicienne \/ Praticienne EMDR (Calvados, Caen)","url":"https:\/\/dg-psychologue.com\/","logo":{"@type":"ImageObject","inLanguage":"fr-FR","@id":"https:\/\/dg-psychologue.com\/#\/schema\/logo\/image\/","url":"https:\/\/dg-psychologue.com\/wp-content\/uploads\/2022\/08\/\u041f\u0438\u043d-\u043e\u0442-\u043f\u043e\u043b\u044c\u0437\u043e\u0432\u0430\u0442\u0435\u043b\u044f-maddie-rae-\u043d\u0430-\u0434\u043e\u0441\u043a\u0435-tatsss-\u041c\u0438\u043b\u044b\u0435-\u0442\u0430\u0442\u0443\u0438\u0440\u043e\u0432\u043a\u0438-\u041c\u0430\u043b\u0435\u043d\u044c\u043a\u0438\u0435-\u0442\u0430\u0442\u0443\u0438\u0440\u043e\u0432\u043a\u0438-\u041b\u0438\u043d\u0435\u0439\u043d\u044b\u0435-\u0447\u0435\u0440\u0442\u0435\u0436\u0438.jpg","contentUrl":"https:\/\/dg-psychologue.com\/wp-content\/uploads\/2022\/08\/\u041f\u0438\u043d-\u043e\u0442-\u043f\u043e\u043b\u044c\u0437\u043e\u0432\u0430\u0442\u0435\u043b\u044f-maddie-rae-\u043d\u0430-\u0434\u043e\u0441\u043a\u0435-tatsss-\u041c\u0438\u043b\u044b\u0435-\u0442\u0430\u0442\u0443\u0438\u0440\u043e\u0432\u043a\u0438-\u041c\u0430\u043b\u0435\u043d\u044c\u043a\u0438\u0435-\u0442\u0430\u0442\u0443\u0438\u0440\u043e\u0432\u043a\u0438-\u041b\u0438\u043d\u0435\u0439\u043d\u044b\u0435-\u0447\u0435\u0440\u0442\u0435\u0436\u0438.jpg","width":640,"height":640,"caption":"Gaume Diphile - Psychologue clinicienne \/ Praticienne EMDR (Calvados, Caen)"},"image":{"@id":"https:\/\/dg-psychologue.com\/#\/schema\/logo\/image\/"},"sameAs":["https:\/\/www.facebook.com\/Diphile-Gaume-Psychologue-Clinicienne-Praticienne-EMDR-101634289317271\/?ref=pages_you_manage","https:\/\/www.linkedin.com\/in\/diphile-gaume-2a07a8a1\/"]}]}},"_links":{"self":[{"href":"https:\/\/dg-psychologue.com\/index.php\/wp-json\/wp\/v2\/pages\/333","targetHints":{"allow":["GET"]}}],"collection":[{"href":"https:\/\/dg-psychologue.com\/index.php\/wp-json\/wp\/v2\/pages"}],"about":[{"href":"https:\/\/dg-psychologue.com\/index.php\/wp-json\/wp\/v2\/types\/page"}],"author":[{"embeddable":true,"href":"https:\/\/dg-psychologue.com\/index.php\/wp-json\/wp\/v2\/users\/1"}],"replies":[{"embeddable":true,"href":"https:\/\/dg-psychologue.com\/index.php\/wp-json\/wp\/v2\/comments?post=333"}],"version-history":[{"count":31,"href":"https:\/\/dg-psychologue.com\/index.php\/wp-json\/wp\/v2\/pages\/333\/revisions"}],"predecessor-version":[{"id":690,"href":"https:\/\/dg-psychologue.com\/index.php\/wp-json\/wp\/v2\/pages\/333\/revisions\/690"}],"wp:attachment":[{"href":"https:\/\/dg-psychologue.com\/index.php\/wp-json\/wp\/v2\/media?parent=333"}],"curies":[{"name":"wp","href":"https:\/\/api.w.org\/{rel}","templated":true}]}}