{"id":2,"date":"2022-08-01T17:36:29","date_gmt":"2022-08-01T15:36:29","guid":{"rendered":"http:\/\/dgpsycf.cluster030.hosting.ovh.net\/?page_id=2"},"modified":"2023-01-05T19:50:09","modified_gmt":"2023-01-05T18:50:09","slug":"psychologue-clinicienne-praticienne-emdr-caen","status":"publish","type":"page","link":"https:\/\/dg-psychologue.com\/index.php\/psychologue-clinicienne-praticienne-emdr-caen\/","title":{"rendered":"Psychologue Clinicienne, praticienne EMDR, Caen"},"content":{"rendered":"\t\t<div data-elementor-type=\"wp-page\" data-elementor-id=\"2\" class=\"elementor elementor-2\">\n\t\t\t\t\t\t<section class=\"elementor-section elementor-top-section elementor-element elementor-element-65ec6ed elementor-section-boxed elementor-section-height-default elementor-section-height-default\" data-id=\"65ec6ed\" data-element_type=\"section\" data-e-type=\"section\">\n\t\t\t\t\t\t<div class=\"elementor-container elementor-column-gap-default\">\n\t\t\t\t\t<div class=\"elementor-column elementor-col-100 elementor-top-column elementor-element elementor-element-6b3fd68\" data-id=\"6b3fd68\" data-element_type=\"column\" data-e-type=\"column\">\n\t\t\t<div class=\"elementor-widget-wrap elementor-element-populated\">\n\t\t\t\t\t\t<div class=\"elementor-element elementor-element-925fb71 elementor-invisible elementor-widget elementor-widget-heading\" data-id=\"925fb71\" data-element_type=\"widget\" data-e-type=\"widget\" data-settings=\"{&quot;_animation&quot;:&quot;fadeInUp&quot;}\" data-widget_type=\"heading.default\">\n\t\t\t\t<div class=\"elementor-widget-container\">\n\t\t\t\t\t<h2 class=\"elementor-heading-title elementor-size-xl\"><b>P<\/b>sychologue Clinicienne, Praticienne EMDR, Caen<\/h2>\t\t\t\t<\/div>\n\t\t\t\t<\/div>\n\t\t\t\t\t<\/div>\n\t\t<\/div>\n\t\t\t\t\t<\/div>\n\t\t<\/section>\n\t\t\t\t<section class=\"elementor-section elementor-top-section elementor-element elementor-element-580da23f elementor-section-boxed elementor-section-height-default elementor-section-height-default\" data-id=\"580da23f\" data-element_type=\"section\" data-e-type=\"section\">\n\t\t\t\t\t\t<div class=\"elementor-container elementor-column-gap-default\">\n\t\t\t\t\t<div class=\"elementor-column elementor-col-100 elementor-top-column elementor-element elementor-element-3a112724\" data-id=\"3a112724\" data-element_type=\"column\" data-e-type=\"column\">\n\t\t\t<div class=\"elementor-widget-wrap elementor-element-populated\">\n\t\t\t\t\t\t<div class=\"elementor-element elementor-element-7b456c40 elementor-widget elementor-widget-text-editor\" data-id=\"7b456c40\" data-element_type=\"widget\" data-e-type=\"widget\" data-widget_type=\"text-editor.default\">\n\t\t\t\t<div class=\"elementor-widget-container\">\n\t\t\t\t\t\t\t\t\t<p><\/p>\n<div class=\"is-vertical is-layout-flex wp-container-core-group-is-layout-8cf370e7 wp-block-group-is-layout-flex\">\n<p><\/p>\n<div class=\"is-vertical is-layout-flex wp-container-core-group-is-layout-8cf370e7 wp-block-group-is-layout-flex\">\n<p><\/p>\n<p><strong>Psychologue clinicienne<\/strong>, sp\u00e9cialis\u00e9e en Psycho-criminologie et Victimologie, Th\u00e9rapeute <a href=\"http:\/\/dgpsycf.cluster030.hosting.ovh.net\/index.php\/emdr-desensibilisation-et-retraitement-traumatismes-caen-normandie\/\">EMDR<\/a>. Je m&rsquo;installe en <strong>lib\u00e9ral sur\u00a0Caen<\/strong>, mon bureau se situe au 5 rue Choron, \u00e0 Caen.<\/p>\n<p>J\u2019ai obtenu le titre de Psychologue en 2016, apr\u00e8s un parcours combinant deux orientations : \u00ab clinique \u00bb et \u00ab recherche \u00bb sp\u00e9cialis\u00e9e en Psycho-criminologie et Victimologie.<\/p>\n<p>Je \u00a0propose un accompagnement aupr\u00e8s des <strong>particuliers\u00a0(enfants,\u00a0adolescents et adultes)\u00a0et des\u00a0entreprises<\/strong>\u00a0sur diff\u00e9rentes probl\u00e9matiques dans un espace garantissant la confidentialit\u00e9 des \u00e9changes ou en distanciel (visioconf\u00e9rence), voire \u00e0 domicile si le d\u00e9placement au sein du cabinet est compliqu\u00e9 et ce \u00e0 partir de Janvier 2023.<\/p>\n<div>\n<p><\/p>\n<p><\/p>\n<p>Ma pratique d&rsquo;orientation analytique accorde une place essentielle \u00e0 la parole.<\/p>\n<p><strong>Mon approche psychodynamique, syst\u00e9mique\u00a0<\/strong>vise \u00e0 d\u00e9passer des conflits ou des traumatismes qui n\u2019ont pas encore trouv\u00e9 de r\u00e9solution, \u00e0 mieux comprendre et d\u00e9jouer des fonctionnements install\u00e9s et des syst\u00e8mes relationnels complexes pour\u00a0<strong>retrouver une qualit\u00e9 de vie<\/strong>. L\u2019attention est port\u00e9e sur les ressentis en lien avec la situation actuelle et les \u00e9v\u00e9nements que traverse le patient, mais aussi sur son histoire, les liens familiaux et g\u00e9n\u00e9rationnels ainsi que les m\u00e9canismes inconscients qui r\u00e9gissent souvent les comportements et la fa\u00e7on d\u2019\u00eatre au monde.<\/p>\n<p>Quand cela s\u2019av\u00e8re pertinent, je peux proposer l\u2019int\u00e9gration de s\u00e9ances <a href=\"http:\/\/dgpsycf.cluster030.hosting.ovh.net\/index.php\/emdr-desensibilisation-et-retraitement-traumatismes-caen-normandie\/\">EMDR<\/a> au cours de la psychoth\u00e9rapie. Je propose aussi de faire tomber <a href=\"http:\/\/dgpsycf.cluster030.hosting.ovh.net\/index.php\/walk-and-talk-ou-faire-tomber-les-murs-du-cabinet\/\">les murs du cabinet<\/a> .<\/p>\n<p><\/p>\n<p><\/p>\n<p>Ce <strong>travail sur soi peut \u00eatre ponctuel ou s&rsquo;inscrire dans la dur\u00e9e<\/strong> en fonction de l&rsquo;attente, de la demande et du besoin du patient.<\/p>\n<p><\/p>\n<p><\/p>\n<p>Je re\u00e7ois, sur rendez-vous, en consultation individuelle dans un cadre neutre, bienveillant et confidentiel. Les rendez-vous peuvent avoir lieu au cabinet, \u00e0 domicile, en ext\u00e9rieur ou par visio-conf\u00e9rence.<\/p>\n<p><\/p>\n<p><\/p>\n<p>Nous conviendrons ensemble de la fr\u00e9quence des s\u00e9ances.<\/p>\n<p><\/p>\n<p><\/p>\n<p>Je suis inscrite au\u00a0<a href=\"https:\/\/psychologues.org\/exercice-liberal-refs-single\/inscription-adeli\/\" target=\"_blank\" rel=\"noreferrer noopener\">R\u00e9pertoire ADELI<\/a>\u00a0:\u00a0149314106<\/p>\n<\/div>\n<\/div>\n<p><\/p>\n<\/div>\n<p><\/p>\n<p><\/p>\n<div class=\"is-horizontal is-content-justification-left is-layout-flex wp-container-core-group-is-layout-92fc3979 wp-block-group-is-layout-flex\">\n<p><\/p>\n<div class=\"is-vertical is-layout-flex wp-container-core-group-is-layout-8cf370e7 wp-block-group-is-layout-flex\">\n<p><\/p>\n<div class=\"is-vertical is-layout-flex wp-container-core-group-is-layout-8cf370e7 wp-block-group-is-layout-flex\">\n<p><\/p>\n<div class=\"is-vertical is-layout-flex wp-container-core-group-is-layout-8cf370e7 wp-block-group-is-layout-flex\">\n<p><\/p>\n<p><em>Orientation:<\/em>\u00a0<\/p>\n<ul>\n<li>Humaniste<\/li>\n<li>Syst\u00e9mique<\/li>\n<li>Psychodynamique<em style=\"text-align: center; text-indent: 0em; color: var( --e-global-color-text );\"><br \/><\/em><\/li>\n<\/ul>\n<p><em style=\"text-align: center; text-indent: 0em; color: var( --e-global-color-text );\">Techniques psychoth\u00e9rapeutiques<\/em><span style=\"text-align: center; text-indent: 0em; color: var( --e-global-color-text );\"> : <\/span><\/p>\n<ul>\n<li><span style=\"text-align: center; text-indent: 0em; color: var( --e-global-color-text );\">Th\u00e9rapie br\u00e8ve<\/span><\/li>\n<li><a href=\"http:\/\/dgpsycf.cluster030.hosting.ovh.net\/index.php\/emdr-desensibilisation-et-retraitement-traumatismes-caen-normandie\/\">EMDR<\/a><\/li>\n<li><a href=\"http:\/\/dgpsycf.cluster030.hosting.ovh.net\/index.php\/walk-and-talk-ou-faire-tomber-les-murs-du-cabinet\/\">Walk and Talk<\/a><\/li>\n<li>Tests<\/li>\n<li>Analyse axiomatique<\/li>\n<\/ul>\n<\/div>\n<\/div>\n<div>\n<div>\n<p><\/p>\n<\/div>\n<p><\/p>\n<\/div>\n<p><\/p>\n<\/div>\n<p><\/p>\n<\/div>\n<p><\/p>\n<p><\/p>\n<p>\u00a0<\/p>\n<p><\/p>\n<p><\/p>\n<p><\/p>\n<p><\/p>\n<p><\/p>\t\t\t\t\t\t\t\t<\/div>\n\t\t\t\t<\/div>\n\t\t\t\t\t<\/div>\n\t\t<\/div>\n\t\t\t\t\t<\/div>\n\t\t<\/section>\n\t\t\t\t<section class=\"elementor-section elementor-top-section elementor-element elementor-element-21110ae elementor-section-boxed elementor-section-height-default elementor-section-height-default\" data-id=\"21110ae\" data-element_type=\"section\" data-e-type=\"section\">\n\t\t\t\t\t\t<div class=\"elementor-container elementor-column-gap-default\">\n\t\t\t\t\t<div class=\"elementor-column elementor-col-100 elementor-top-column elementor-element elementor-element-0868098\" data-id=\"0868098\" data-element_type=\"column\" data-e-type=\"column\">\n\t\t\t<div class=\"elementor-widget-wrap elementor-element-populated\">\n\t\t\t\t\t\t<div class=\"elementor-element elementor-element-6ac032b elementor-widget elementor-widget-google_maps\" data-id=\"6ac032b\" data-element_type=\"widget\" data-e-type=\"widget\" data-widget_type=\"google_maps.default\">\n\t\t\t\t<div class=\"elementor-widget-container\">\n\t\t\t\t\t\t\t<div class=\"elementor-custom-embed\">\n\t\t\t<iframe loading=\"lazy\"\n\t\t\t\t\tsrc=\"https:\/\/maps.google.com\/maps?q=5%20rue%20Choron%2C%2014000%20Caen%2C%20Calvados%2C%20Normandie&#038;t=m&#038;z=13&#038;output=embed&#038;iwloc=near\"\n\t\t\t\t\ttitle=\"5 rue Choron, 14000 Caen, Calvados, Normandie\"\n\t\t\t\t\taria-label=\"5 rue Choron, 14000 Caen, Calvados, Normandie\"\n\t\t\t><\/iframe>\n\t\t<\/div>\n\t\t\t\t\t\t<\/div>\n\t\t\t\t<\/div>\n\t\t\t\t\t<\/div>\n\t\t<\/div>\n\t\t\t\t\t<\/div>\n\t\t<\/section>\n\t\t\t\t<section class=\"elementor-section elementor-top-section elementor-element elementor-element-acdf6ee elementor-section-boxed elementor-section-height-default elementor-section-height-default\" data-id=\"acdf6ee\" data-element_type=\"section\" data-e-type=\"section\">\n\t\t\t\t\t\t<div class=\"elementor-container elementor-column-gap-default\">\n\t\t\t\t\t<div class=\"elementor-column elementor-col-100 elementor-top-column elementor-element elementor-element-ca65284\" data-id=\"ca65284\" data-element_type=\"column\" data-e-type=\"column\">\n\t\t\t<div class=\"elementor-widget-wrap elementor-element-populated\">\n\t\t\t\t\t\t<div class=\"elementor-element elementor-element-c8da890 elementor-widget elementor-widget-image\" data-id=\"c8da890\" data-element_type=\"widget\" data-e-type=\"widget\" data-widget_type=\"image.default\">\n\t\t\t\t<div class=\"elementor-widget-container\">\n\t\t\t\t\t\t\t\t\t\t\t\t<figure class=\"wp-caption\">\n\t\t\t\t\t\t\t\t\t\t\t<a href=\"https:\/\/www.facebook.com\/Diphile-Gaume-Psychologue-Clinicienne-Praticienne-EMDR-101634289317271\/?ref=pages_you_manage\">\n\t\t\t\t\t\t\t<img fetchpriority=\"high\" decoding=\"async\" width=\"750\" height=\"999\" src=\"https:\/\/dg-psychologue.com\/wp-content\/uploads\/2022\/08\/What-is-Trauma-Informed-Mental-Health-Care.jpg\" class=\"attachment-large size-large wp-image-70\" alt=\"\" srcset=\"https:\/\/dg-psychologue.com\/wp-content\/uploads\/2022\/08\/What-is-Trauma-Informed-Mental-Health-Care.jpg 750w, https:\/\/dg-psychologue.com\/wp-content\/uploads\/2022\/08\/What-is-Trauma-Informed-Mental-Health-Care-225x300.jpg 225w\" sizes=\"(max-width: 750px) 100vw, 750px\" \/>\t\t\t\t\t\t\t\t<\/a>\n\t\t\t\t\t\t\t\t\t\t\t<figcaption class=\"widget-image-caption wp-caption-text\">la psychoth\u00e9rapie imag\u00e9e<\/figcaption>\n\t\t\t\t\t\t\t\t\t\t<\/figure>\n\t\t\t\t\t\t\t\t\t<\/div>\n\t\t\t\t<\/div>\n\t\t\t\t\t<\/div>\n\t\t<\/div>\n\t\t\t\t\t<\/div>\n\t\t<\/section>\n\t\t\t\t<\/div>\n\t\t","protected":false},"excerpt":{"rendered":"<p>Psychologue Clinicienne, Praticienne EMDR, Caen Psychologue clinicienne, sp\u00e9cialis\u00e9e en Psycho-criminologie et Victimologie, Th\u00e9rapeute EMDR. Je m&rsquo;installe en lib\u00e9ral sur\u00a0Caen, mon bureau se situe au 5 &hellip;<\/p>\n","protected":false},"author":1,"featured_media":0,"parent":0,"menu_order":0,"comment_status":"closed","ping_status":"closed","template":"","meta":{"footnotes":""},"class_list":["post-2","page","type-page","status-publish","hentry"],"yoast_head":"<!-- This site is optimized with the Yoast SEO plugin v27.4 - https:\/\/yoast.com\/product\/yoast-seo-wordpress\/ -->\n<title>Psychologue Clinicienne, praticienne EMDR, Caen - Gaume Diphile - Psychologue clinicienne \/ Praticienne EMDR (Calvados, Caen)<\/title>\n<meta name=\"description\" content=\"Psychologue Clinicienne, praticienne EMDR, alors cliquez ici pour d\u00e9couvrir mon site, la psychologie et l&#039;EMDR.\" \/>\n<meta name=\"robots\" content=\"index, follow, max-snippet:-1, max-image-preview:large, max-video-preview:-1\" \/>\n<link rel=\"canonical\" href=\"https:\/\/dg-psychologue.com\/index.php\/psychologue-clinicienne-praticienne-emdr-caen\/\" \/>\n<meta property=\"og:locale\" content=\"fr_FR\" \/>\n<meta property=\"og:type\" content=\"article\" \/>\n<meta property=\"og:title\" content=\"Psychologue Clinicienne, praticienne EMDR, Caen - Gaume Diphile - Psychologue clinicienne \/ Praticienne EMDR (Calvados, Caen)\" \/>\n<meta property=\"og:description\" content=\"Psychologue Clinicienne, praticienne EMDR, alors cliquez ici pour d\u00e9couvrir mon site, la psychologie et l&#039;EMDR.\" \/>\n<meta property=\"og:url\" content=\"https:\/\/dg-psychologue.com\/index.php\/psychologue-clinicienne-praticienne-emdr-caen\/\" \/>\n<meta property=\"og:site_name\" content=\"Gaume Diphile - Psychologue clinicienne \/ Praticienne EMDR (Calvados, Caen)\" \/>\n<meta property=\"article:publisher\" content=\"https:\/\/www.facebook.com\/Diphile-Gaume-Psychologue-Clinicienne-Praticienne-EMDR-101634289317271\/?ref=pages_you_manage\" \/>\n<meta property=\"article:modified_time\" content=\"2023-01-05T18:50:09+00:00\" \/>\n<meta property=\"og:image\" content=\"http:\/\/dgpsycf.cluster030.hosting.ovh.net\/wp-content\/uploads\/2022\/08\/What-is-Trauma-Informed-Mental-Health-Care.jpg\" \/>\n<meta name=\"twitter:card\" content=\"summary_large_image\" \/>\n<meta name=\"twitter:label1\" content=\"Dur\u00e9e de lecture estim\u00e9e\" \/>\n\t<meta name=\"twitter:data1\" content=\"2 minutes\" \/>\n<script type=\"application\/ld+json\" class=\"yoast-schema-graph\">{\"@context\":\"https:\\\/\\\/schema.org\",\"@graph\":[{\"@type\":\"WebPage\",\"@id\":\"https:\\\/\\\/dg-psychologue.com\\\/index.php\\\/psychologue-clinicienne-praticienne-emdr-caen\\\/\",\"url\":\"https:\\\/\\\/dg-psychologue.com\\\/index.php\\\/psychologue-clinicienne-praticienne-emdr-caen\\\/\",\"name\":\"Psychologue Clinicienne, praticienne EMDR, Caen - Gaume Diphile - Psychologue clinicienne \\\/ Praticienne EMDR (Calvados, Caen)\",\"isPartOf\":{\"@id\":\"https:\\\/\\\/dg-psychologue.com\\\/#website\"},\"primaryImageOfPage\":{\"@id\":\"https:\\\/\\\/dg-psychologue.com\\\/index.php\\\/psychologue-clinicienne-praticienne-emdr-caen\\\/#primaryimage\"},\"image\":{\"@id\":\"https:\\\/\\\/dg-psychologue.com\\\/index.php\\\/psychologue-clinicienne-praticienne-emdr-caen\\\/#primaryimage\"},\"thumbnailUrl\":\"http:\\\/\\\/dgpsycf.cluster030.hosting.ovh.net\\\/wp-content\\\/uploads\\\/2022\\\/08\\\/What-is-Trauma-Informed-Mental-Health-Care.jpg\",\"datePublished\":\"2022-08-01T15:36:29+00:00\",\"dateModified\":\"2023-01-05T18:50:09+00:00\",\"description\":\"Psychologue Clinicienne, praticienne EMDR, alors cliquez ici pour d\u00e9couvrir mon site, la psychologie et l'EMDR.\",\"breadcrumb\":{\"@id\":\"https:\\\/\\\/dg-psychologue.com\\\/index.php\\\/psychologue-clinicienne-praticienne-emdr-caen\\\/#breadcrumb\"},\"inLanguage\":\"fr-FR\",\"potentialAction\":[{\"@type\":\"ReadAction\",\"target\":[\"https:\\\/\\\/dg-psychologue.com\\\/index.php\\\/psychologue-clinicienne-praticienne-emdr-caen\\\/\"]}]},{\"@type\":\"ImageObject\",\"inLanguage\":\"fr-FR\",\"@id\":\"https:\\\/\\\/dg-psychologue.com\\\/index.php\\\/psychologue-clinicienne-praticienne-emdr-caen\\\/#primaryimage\",\"url\":\"http:\\\/\\\/dgpsycf.cluster030.hosting.ovh.net\\\/wp-content\\\/uploads\\\/2022\\\/08\\\/What-is-Trauma-Informed-Mental-Health-Care.jpg\",\"contentUrl\":\"http:\\\/\\\/dgpsycf.cluster030.hosting.ovh.net\\\/wp-content\\\/uploads\\\/2022\\\/08\\\/What-is-Trauma-Informed-Mental-Health-Care.jpg\"},{\"@type\":\"BreadcrumbList\",\"@id\":\"https:\\\/\\\/dg-psychologue.com\\\/index.php\\\/psychologue-clinicienne-praticienne-emdr-caen\\\/#breadcrumb\",\"itemListElement\":[{\"@type\":\"ListItem\",\"position\":1,\"name\":\"Accueil\",\"item\":\"https:\\\/\\\/dg-psychologue.com\\\/\"},{\"@type\":\"ListItem\",\"position\":2,\"name\":\"Psychologue Clinicienne, praticienne EMDR, Caen\"}]},{\"@type\":\"WebSite\",\"@id\":\"https:\\\/\\\/dg-psychologue.com\\\/#website\",\"url\":\"https:\\\/\\\/dg-psychologue.com\\\/\",\"name\":\"Gaume Diphile - Psychologue clinicienne \\\/ Praticienne EMDR (Calvados, Caen)\",\"description\":\"Psychologue clinicienne, sp\u00e9cialis\u00e9e en Psycho-Criminologie et Victimologie. Je suis install\u00e9e en lib\u00e9ral sur Caen \u00e0 partir de Janvier 2023. Je re\u00e7ois les enfants, les adolescents et les adultes en consultation en cabinet, en visioconf\u00e9rence.\",\"publisher\":{\"@id\":\"https:\\\/\\\/dg-psychologue.com\\\/#organization\"},\"potentialAction\":[{\"@type\":\"SearchAction\",\"target\":{\"@type\":\"EntryPoint\",\"urlTemplate\":\"https:\\\/\\\/dg-psychologue.com\\\/?s={search_term_string}\"},\"query-input\":{\"@type\":\"PropertyValueSpecification\",\"valueRequired\":true,\"valueName\":\"search_term_string\"}}],\"inLanguage\":\"fr-FR\"},{\"@type\":\"Organization\",\"@id\":\"https:\\\/\\\/dg-psychologue.com\\\/#organization\",\"name\":\"Gaume Diphile - Psychologue clinicienne \\\/ Praticienne EMDR (Calvados, Caen)\",\"url\":\"https:\\\/\\\/dg-psychologue.com\\\/\",\"logo\":{\"@type\":\"ImageObject\",\"inLanguage\":\"fr-FR\",\"@id\":\"https:\\\/\\\/dg-psychologue.com\\\/#\\\/schema\\\/logo\\\/image\\\/\",\"url\":\"https:\\\/\\\/dg-psychologue.com\\\/wp-content\\\/uploads\\\/2022\\\/08\\\/\u041f\u0438\u043d-\u043e\u0442-\u043f\u043e\u043b\u044c\u0437\u043e\u0432\u0430\u0442\u0435\u043b\u044f-maddie-rae-\u043d\u0430-\u0434\u043e\u0441\u043a\u0435-tatsss-\u041c\u0438\u043b\u044b\u0435-\u0442\u0430\u0442\u0443\u0438\u0440\u043e\u0432\u043a\u0438-\u041c\u0430\u043b\u0435\u043d\u044c\u043a\u0438\u0435-\u0442\u0430\u0442\u0443\u0438\u0440\u043e\u0432\u043a\u0438-\u041b\u0438\u043d\u0435\u0439\u043d\u044b\u0435-\u0447\u0435\u0440\u0442\u0435\u0436\u0438.jpg\",\"contentUrl\":\"https:\\\/\\\/dg-psychologue.com\\\/wp-content\\\/uploads\\\/2022\\\/08\\\/\u041f\u0438\u043d-\u043e\u0442-\u043f\u043e\u043b\u044c\u0437\u043e\u0432\u0430\u0442\u0435\u043b\u044f-maddie-rae-\u043d\u0430-\u0434\u043e\u0441\u043a\u0435-tatsss-\u041c\u0438\u043b\u044b\u0435-\u0442\u0430\u0442\u0443\u0438\u0440\u043e\u0432\u043a\u0438-\u041c\u0430\u043b\u0435\u043d\u044c\u043a\u0438\u0435-\u0442\u0430\u0442\u0443\u0438\u0440\u043e\u0432\u043a\u0438-\u041b\u0438\u043d\u0435\u0439\u043d\u044b\u0435-\u0447\u0435\u0440\u0442\u0435\u0436\u0438.jpg\",\"width\":640,\"height\":640,\"caption\":\"Gaume Diphile - Psychologue clinicienne \\\/ Praticienne EMDR (Calvados, Caen)\"},\"image\":{\"@id\":\"https:\\\/\\\/dg-psychologue.com\\\/#\\\/schema\\\/logo\\\/image\\\/\"},\"sameAs\":[\"https:\\\/\\\/www.facebook.com\\\/Diphile-Gaume-Psychologue-Clinicienne-Praticienne-EMDR-101634289317271\\\/?ref=pages_you_manage\",\"https:\\\/\\\/www.linkedin.com\\\/in\\\/diphile-gaume-2a07a8a1\\\/\"]}]}<\/script>\n<!-- \/ Yoast SEO plugin. -->","yoast_head_json":{"title":"Psychologue Clinicienne, praticienne EMDR, Caen - Gaume Diphile - Psychologue clinicienne \/ Praticienne EMDR (Calvados, Caen)","description":"Psychologue Clinicienne, praticienne EMDR, alors cliquez ici pour d\u00e9couvrir mon site, la psychologie et l'EMDR.","robots":{"index":"index","follow":"follow","max-snippet":"max-snippet:-1","max-image-preview":"max-image-preview:large","max-video-preview":"max-video-preview:-1"},"canonical":"https:\/\/dg-psychologue.com\/index.php\/psychologue-clinicienne-praticienne-emdr-caen\/","og_locale":"fr_FR","og_type":"article","og_title":"Psychologue Clinicienne, praticienne EMDR, Caen - Gaume Diphile - Psychologue clinicienne \/ Praticienne EMDR (Calvados, Caen)","og_description":"Psychologue Clinicienne, praticienne EMDR, alors cliquez ici pour d\u00e9couvrir mon site, la psychologie et l'EMDR.","og_url":"https:\/\/dg-psychologue.com\/index.php\/psychologue-clinicienne-praticienne-emdr-caen\/","og_site_name":"Gaume Diphile - Psychologue clinicienne \/ Praticienne EMDR (Calvados, Caen)","article_publisher":"https:\/\/www.facebook.com\/Diphile-Gaume-Psychologue-Clinicienne-Praticienne-EMDR-101634289317271\/?ref=pages_you_manage","article_modified_time":"2023-01-05T18:50:09+00:00","og_image":[{"url":"http:\/\/dgpsycf.cluster030.hosting.ovh.net\/wp-content\/uploads\/2022\/08\/What-is-Trauma-Informed-Mental-Health-Care.jpg","type":"","width":"","height":""}],"twitter_card":"summary_large_image","twitter_misc":{"Dur\u00e9e de lecture estim\u00e9e":"2 minutes"},"schema":{"@context":"https:\/\/schema.org","@graph":[{"@type":"WebPage","@id":"https:\/\/dg-psychologue.com\/index.php\/psychologue-clinicienne-praticienne-emdr-caen\/","url":"https:\/\/dg-psychologue.com\/index.php\/psychologue-clinicienne-praticienne-emdr-caen\/","name":"Psychologue Clinicienne, praticienne EMDR, Caen - Gaume Diphile - Psychologue clinicienne \/ Praticienne EMDR (Calvados, Caen)","isPartOf":{"@id":"https:\/\/dg-psychologue.com\/#website"},"primaryImageOfPage":{"@id":"https:\/\/dg-psychologue.com\/index.php\/psychologue-clinicienne-praticienne-emdr-caen\/#primaryimage"},"image":{"@id":"https:\/\/dg-psychologue.com\/index.php\/psychologue-clinicienne-praticienne-emdr-caen\/#primaryimage"},"thumbnailUrl":"http:\/\/dgpsycf.cluster030.hosting.ovh.net\/wp-content\/uploads\/2022\/08\/What-is-Trauma-Informed-Mental-Health-Care.jpg","datePublished":"2022-08-01T15:36:29+00:00","dateModified":"2023-01-05T18:50:09+00:00","description":"Psychologue Clinicienne, praticienne EMDR, alors cliquez ici pour d\u00e9couvrir mon site, la psychologie et l'EMDR.","breadcrumb":{"@id":"https:\/\/dg-psychologue.com\/index.php\/psychologue-clinicienne-praticienne-emdr-caen\/#breadcrumb"},"inLanguage":"fr-FR","potentialAction":[{"@type":"ReadAction","target":["https:\/\/dg-psychologue.com\/index.php\/psychologue-clinicienne-praticienne-emdr-caen\/"]}]},{"@type":"ImageObject","inLanguage":"fr-FR","@id":"https:\/\/dg-psychologue.com\/index.php\/psychologue-clinicienne-praticienne-emdr-caen\/#primaryimage","url":"http:\/\/dgpsycf.cluster030.hosting.ovh.net\/wp-content\/uploads\/2022\/08\/What-is-Trauma-Informed-Mental-Health-Care.jpg","contentUrl":"http:\/\/dgpsycf.cluster030.hosting.ovh.net\/wp-content\/uploads\/2022\/08\/What-is-Trauma-Informed-Mental-Health-Care.jpg"},{"@type":"BreadcrumbList","@id":"https:\/\/dg-psychologue.com\/index.php\/psychologue-clinicienne-praticienne-emdr-caen\/#breadcrumb","itemListElement":[{"@type":"ListItem","position":1,"name":"Accueil","item":"https:\/\/dg-psychologue.com\/"},{"@type":"ListItem","position":2,"name":"Psychologue Clinicienne, praticienne EMDR, Caen"}]},{"@type":"WebSite","@id":"https:\/\/dg-psychologue.com\/#website","url":"https:\/\/dg-psychologue.com\/","name":"Gaume Diphile - Psychologue clinicienne \/ Praticienne EMDR (Calvados, Caen)","description":"Psychologue clinicienne, sp\u00e9cialis\u00e9e en Psycho-Criminologie et Victimologie. Je suis install\u00e9e en lib\u00e9ral sur Caen \u00e0 partir de Janvier 2023. Je re\u00e7ois les enfants, les adolescents et les adultes en consultation en cabinet, en visioconf\u00e9rence.","publisher":{"@id":"https:\/\/dg-psychologue.com\/#organization"},"potentialAction":[{"@type":"SearchAction","target":{"@type":"EntryPoint","urlTemplate":"https:\/\/dg-psychologue.com\/?s={search_term_string}"},"query-input":{"@type":"PropertyValueSpecification","valueRequired":true,"valueName":"search_term_string"}}],"inLanguage":"fr-FR"},{"@type":"Organization","@id":"https:\/\/dg-psychologue.com\/#organization","name":"Gaume Diphile - Psychologue clinicienne \/ Praticienne EMDR (Calvados, Caen)","url":"https:\/\/dg-psychologue.com\/","logo":{"@type":"ImageObject","inLanguage":"fr-FR","@id":"https:\/\/dg-psychologue.com\/#\/schema\/logo\/image\/","url":"https:\/\/dg-psychologue.com\/wp-content\/uploads\/2022\/08\/\u041f\u0438\u043d-\u043e\u0442-\u043f\u043e\u043b\u044c\u0437\u043e\u0432\u0430\u0442\u0435\u043b\u044f-maddie-rae-\u043d\u0430-\u0434\u043e\u0441\u043a\u0435-tatsss-\u041c\u0438\u043b\u044b\u0435-\u0442\u0430\u0442\u0443\u0438\u0440\u043e\u0432\u043a\u0438-\u041c\u0430\u043b\u0435\u043d\u044c\u043a\u0438\u0435-\u0442\u0430\u0442\u0443\u0438\u0440\u043e\u0432\u043a\u0438-\u041b\u0438\u043d\u0435\u0439\u043d\u044b\u0435-\u0447\u0435\u0440\u0442\u0435\u0436\u0438.jpg","contentUrl":"https:\/\/dg-psychologue.com\/wp-content\/uploads\/2022\/08\/\u041f\u0438\u043d-\u043e\u0442-\u043f\u043e\u043b\u044c\u0437\u043e\u0432\u0430\u0442\u0435\u043b\u044f-maddie-rae-\u043d\u0430-\u0434\u043e\u0441\u043a\u0435-tatsss-\u041c\u0438\u043b\u044b\u0435-\u0442\u0430\u0442\u0443\u0438\u0440\u043e\u0432\u043a\u0438-\u041c\u0430\u043b\u0435\u043d\u044c\u043a\u0438\u0435-\u0442\u0430\u0442\u0443\u0438\u0440\u043e\u0432\u043a\u0438-\u041b\u0438\u043d\u0435\u0439\u043d\u044b\u0435-\u0447\u0435\u0440\u0442\u0435\u0436\u0438.jpg","width":640,"height":640,"caption":"Gaume Diphile - Psychologue clinicienne \/ Praticienne EMDR (Calvados, Caen)"},"image":{"@id":"https:\/\/dg-psychologue.com\/#\/schema\/logo\/image\/"},"sameAs":["https:\/\/www.facebook.com\/Diphile-Gaume-Psychologue-Clinicienne-Praticienne-EMDR-101634289317271\/?ref=pages_you_manage","https:\/\/www.linkedin.com\/in\/diphile-gaume-2a07a8a1\/"]}]}},"_links":{"self":[{"href":"https:\/\/dg-psychologue.com\/index.php\/wp-json\/wp\/v2\/pages\/2","targetHints":{"allow":["GET"]}}],"collection":[{"href":"https:\/\/dg-psychologue.com\/index.php\/wp-json\/wp\/v2\/pages"}],"about":[{"href":"https:\/\/dg-psychologue.com\/index.php\/wp-json\/wp\/v2\/types\/page"}],"author":[{"embeddable":true,"href":"https:\/\/dg-psychologue.com\/index.php\/wp-json\/wp\/v2\/users\/1"}],"replies":[{"embeddable":true,"href":"https:\/\/dg-psychologue.com\/index.php\/wp-json\/wp\/v2\/comments?post=2"}],"version-history":[{"count":75,"href":"https:\/\/dg-psychologue.com\/index.php\/wp-json\/wp\/v2\/pages\/2\/revisions"}],"predecessor-version":[{"id":656,"href":"https:\/\/dg-psychologue.com\/index.php\/wp-json\/wp\/v2\/pages\/2\/revisions\/656"}],"wp:attachment":[{"href":"https:\/\/dg-psychologue.com\/index.php\/wp-json\/wp\/v2\/media?parent=2"}],"curies":[{"name":"wp","href":"https:\/\/api.w.org\/{rel}","templated":true}]}}