{"id":177,"date":"2022-08-09T14:16:08","date_gmt":"2022-08-09T12:16:08","guid":{"rendered":"http:\/\/dgpsycf.cluster030.hosting.ovh.net\/?page_id=177"},"modified":"2022-09-21T19:01:22","modified_gmt":"2022-09-21T17:01:22","slug":"psychologue","status":"publish","type":"page","link":"https:\/\/dg-psychologue.com\/index.php\/psychologue\/","title":{"rendered":"La sant\u00e9 mentale"},"content":{"rendered":"\t\t<div data-elementor-type=\"wp-page\" data-elementor-id=\"177\" class=\"elementor elementor-177\">\n\t\t\t\t\t\t<section class=\"elementor-section elementor-top-section elementor-element elementor-element-683360de elementor-section-boxed elementor-section-height-default elementor-section-height-default\" data-id=\"683360de\" data-element_type=\"section\" data-e-type=\"section\">\n\t\t\t\t\t\t<div class=\"elementor-container elementor-column-gap-default\">\n\t\t\t\t\t<div class=\"elementor-column elementor-col-100 elementor-top-column elementor-element elementor-element-3f58af14\" data-id=\"3f58af14\" data-element_type=\"column\" data-e-type=\"column\">\n\t\t\t<div class=\"elementor-widget-wrap elementor-element-populated\">\n\t\t\t\t\t\t<div class=\"elementor-element elementor-element-bdf37c3 elementor-widget elementor-widget-text-editor\" data-id=\"bdf37c3\" data-element_type=\"widget\" data-e-type=\"widget\" data-widget_type=\"text-editor.default\">\n\t\t\t\t<div class=\"elementor-widget-container\">\n\t\t\t\t\t\t\t\t\t<p><\/p>\n<p>En France,\u00a0<strong>seuls deux titres garantissent une formation solide et prot\u00e9g\u00e9e : le psychologue et le psychiatre<\/strong>. Chacun est libre par la suite d\u2019enrichir ses comp\u00e9tences par un outil et un r\u00e9f\u00e9rentiel de son choix.<\/p>\n<p><\/p>\n<p><\/p>\n<p>Les psychoth\u00e9rapeutes (hors cursus de psychologie ou de psychiatrie) doivent pourvoir justifier d\u2019une formation validant leur titre. Il existe aujourd\u2019hui plusieurs types d\u2019\u00e9coles formant \u00e0 la psychoth\u00e9rapie.<\/p>\n<p><\/p>\n<p><\/p>\n<p>Si vous avez un doute sur le professionnel qui vous accompagne,\u00a0<strong>demandez lui son num\u00e9ro ADELI<\/strong>. Celui-ci est fourni par la Direction D\u00e9partementale des Affaire Sanitaires et Sociales (la DDASS).<\/p>\n<p><\/p>\n<p><\/p>\n<p>Enfin,\u00a0il existe aujourd\u2019hui toutes sortes \u00ab\u00a0d\u2019outils th\u00e9rapeutiques\u00a0\u00bb pour vous soutenir dans vos difficult\u00e9s. Un sophrologue ou un hypnoth\u00e9rapeute&#8230; peut tr\u00e8s bien vous proposer un accompagnement s\u00e9rieux, sur des probl\u00e8mes pr\u00e9cis: stress, relaxation, troubles du sommeil, renforcement de la concentration, etc. Il ne peut cependant, sauf s\u2019il vous assure de sa formation, pr\u00e9tendre au titre de psychoth\u00e9rapeute.<\/p>\n<ul>\n<li>\n<h5>Le psychologue :<\/h5>\n<\/li>\n<\/ul>\n<p><\/p>\n<p><\/p>\n<p>Le\u00a0<a href=\"http:\/\/fr.wikipedia.org\/wiki\/Psychologue\" target=\"_blank\" rel=\"noreferrer noopener\">psychologue<\/a>\u00a0est dipl\u00f4m\u00e9 d\u2019un master II en psychologie (bac + 5 universitaire). Son titre est donc prot\u00e9g\u00e9 et reconnu.<\/p>\n<p><\/p>\n<p><\/p>\n<p>Le psychologue qui est sp\u00e9cialis\u00e9 dans un champ pr\u00e9cis, par exemple la psychologie dite \u00ab\u00a0clinique\u00a0\u00bb, est donc un professionnel du fonctionnement psychique et des psychopathologies.<\/p>\n<p><\/p>\n<p><\/p>\n<p>La\u00a0<a href=\"http:\/\/fr.wikipedia.org\/wiki\/Psychologie_clinique\">psychologie clinique<\/a>\u00a0est\u00a0la sp\u00e9cialit\u00e9 de la sant\u00e9 mentale et a donc\u00a0 re\u00e7u une solide formation aux troubles psychopathologiques.<\/p>\n<p><\/p>\n<p><\/p>\n<p>La diff\u00e9rence principale avec le psychiatre est qu\u2019il n\u2019est pas m\u00e9decin et donc non conventionn\u00e9 (non rembours\u00e9). Il ne d\u00e9livre pas d&rsquo;ordonnance \u00a0et est non rembours\u00e9 par la s\u00e9curit\u00e9 sociale.<\/p>\n<p><\/p>\n<p><\/p>\n<p>Chaque psychologue fait le choix ensuite de compl\u00e9ter sa formation universitaire par d\u2019autres approches th\u00e9rapeutiques. Il peut par exemple se former \u00e0 l\u2019hypnose, \u00e0 l\u2019EMDR, \u00e0 la sexologie&#8230;<\/p>\n<p><\/p>\n<p><\/p>\n<ul class=\"wp-block-list\">\n<li>\n<h5><strong>Le psychiatre :<\/strong><\/h5>\n<\/li>\n<\/ul>\n<p><\/p>\n<p><\/p>\n<p>Le\u00a0<a href=\"http:\/\/fr.wikipedia.org\/wiki\/Psychiatre\">psychiatre<\/a>\u00a0est un m\u00e9decin qui s\u2019est sp\u00e9cialis\u00e9 \u00e0 la fin de ses \u00e9tudes en psychiatrie, c\u2019est-\u00e0 dire l\u2019\u00e9tude des troubles mentaux. La diff\u00e9rence du psychiatre et du psychologue r\u00e9side dans le fait que le psychiatre peut apporter une r\u00e9ponse m\u00e9dicamenteuse.<\/p>\n<p><\/p>\n<p><\/p>\n<p>Le psychiatre diagnostique, traite et tente de pr\u00e9venir les maladies mentales et troubles psychiques. Il peut parfois accompagner ses patients dans le cadre d\u2019une psychoth\u00e9rapie mais ce n\u2019est pas tout le temps le cas. Renseignez-vous aupr\u00e8s de celui-ci auparavant.<\/p>\n<p><\/p>\n<p><\/p>\n<ul class=\"wp-block-list\">\n<li>\n<h5><strong>Le psychanalyste :<\/strong><\/h5>\n<\/li>\n<\/ul>\n<p><\/p>\n<p><\/p>\n<p>Le\u00a0<a href=\"http:\/\/fr.wikipedia.org\/wiki\/Psychanalyste\">psychanalyste<\/a>\u00a0est celui qui a \u00e9t\u00e9 lui-m\u00eame en cure analytique (la psychanalyse) et a \u00e9t\u00e9 form\u00e9 ensuite \u00e0 diriger lui m\u00eame une analyse.<\/p>\n<p><\/p>\n<p><\/p>\n<p><\/p>\n<p><\/p>\n<p>Le psychologue ou le psychiatre peut avoir fait lui-m\u00eame une analyse. Si ce professionnel est all\u00e9 jusqu\u2019au bout et a donc \u00e9t\u00e9 supervis\u00e9 pour diriger une cure analytique, alors il peut pr\u00e9tendre au titre de psychanalyste.<\/p>\n<p><\/p>\n<p><\/p>\n<p>Par contre, un psychanalyste n\u2019est pas forc\u00e9ment quelqu\u2019un qui a re\u00e7u une formation universitaire en psychologie ou en psychiatrie.<\/p>\n<p><\/p>\n<p><\/p>\n<ul class=\"wp-block-list\">\n<li>\n<h5><strong>Le psychoth\u00e9rapeute :\u00a0<\/strong><\/h5>\n<\/li>\n<\/ul>\n<p><\/p>\n<p><\/p>\n<p>Le\u00a0<a href=\"http:\/\/http\/\/www.aufeminin.com\/psy-psychologues\/psychotherapeute-f4280.html\">psychoth\u00e9rapeute<\/a>\u00a0s\u2019occupe de traiter les personnes \u00e9prouvant des difficult\u00e9s d\u2019ordres psychologiques, comportementales ou \u00e9motionnelles.<\/p>\n<p>Ainsi, depuis le 1er juillet 2010, la loi exige, pour les non-m\u00e9decins, la possession d&rsquo;une formation th\u00e9orique agr\u00e9\u00e9e en psychopathologie clinique, valid\u00e9e par un dipl\u00f4me de master en psychologie ou psychanalyse et compl\u00e9t\u00e9e par un stage pratique.<\/p>\n<p>La loi instaure aussi un registre national des psychoth\u00e9rapeutes au sein duquel sont enregistr\u00e9s les professionnels apr\u00e8s validation par les agences r\u00e9gionales de sant\u00e9. \u00a0<\/p>\n<p>La loi r\u00e8glemente l\u2019usage du <strong>titre de psychoth\u00e9rapeute<\/strong> et impose l\u2019inscription des professionnels au registre national des psychoth\u00e9rapeutes.\u00a0<span style=\"text-indent: 0em;\">Cette inscription est assujettie \u00e0 une formation en psychopathologie clinique obligatoire :\u00a0<\/span><\/p>\n<ul>\n<li>Dipl\u00f4me de niveau doctorat donnant le droit d\u2019exercer la m\u00e9decine en France<\/li>\n<li>Dipl\u00f4me de niveau master dont la sp\u00e9cialit\u00e9 ou la mention est la psychologie ou la psychanalyse.<\/li>\n<\/ul>\n<p><\/p>\t\t\t\t\t\t\t\t<\/div>\n\t\t\t\t<\/div>\n\t\t\t\t\t<\/div>\n\t\t<\/div>\n\t\t\t\t\t<\/div>\n\t\t<\/section>\n\t\t\t\t<section class=\"elementor-section elementor-top-section elementor-element elementor-element-fac621e elementor-section-boxed elementor-section-height-default elementor-section-height-default\" data-id=\"fac621e\" data-element_type=\"section\" data-e-type=\"section\">\n\t\t\t\t\t\t<div class=\"elementor-container elementor-column-gap-default\">\n\t\t\t\t\t<div class=\"elementor-column elementor-col-100 elementor-top-column elementor-element elementor-element-2fa876f\" data-id=\"2fa876f\" data-element_type=\"column\" data-e-type=\"column\">\n\t\t\t<div class=\"elementor-widget-wrap elementor-element-populated\">\n\t\t\t\t\t\t<div class=\"elementor-element elementor-element-f7cf4c3 elementor-widget elementor-widget-image\" data-id=\"f7cf4c3\" data-element_type=\"widget\" data-e-type=\"widget\" data-widget_type=\"image.default\">\n\t\t\t\t<div class=\"elementor-widget-container\">\n\t\t\t\t\t\t\t\t\t\t\t\t\t\t\t<img fetchpriority=\"high\" decoding=\"async\" width=\"700\" height=\"700\" src=\"https:\/\/dg-psychologue.com\/wp-content\/uploads\/2022\/08\/Caption-this-1-February-2020.jpg\" class=\"attachment-large size-large wp-image-299\" alt=\"\" srcset=\"https:\/\/dg-psychologue.com\/wp-content\/uploads\/2022\/08\/Caption-this-1-February-2020.jpg 700w, https:\/\/dg-psychologue.com\/wp-content\/uploads\/2022\/08\/Caption-this-1-February-2020-300x300.jpg 300w, https:\/\/dg-psychologue.com\/wp-content\/uploads\/2022\/08\/Caption-this-1-February-2020-150x150.jpg 150w\" sizes=\"(max-width: 700px) 100vw, 700px\" \/>\t\t\t\t\t\t\t\t\t\t\t\t\t\t\t<\/div>\n\t\t\t\t<\/div>\n\t\t\t\t\t<\/div>\n\t\t<\/div>\n\t\t\t\t\t<\/div>\n\t\t<\/section>\n\t\t\t\t<\/div>\n\t\t","protected":false},"excerpt":{"rendered":"<p>En France,\u00a0seuls deux titres garantissent une formation solide et prot\u00e9g\u00e9e : le psychologue et le psychiatre. Chacun est libre par la suite d\u2019enrichir ses comp\u00e9tences &hellip;<\/p>\n","protected":false},"author":1,"featured_media":0,"parent":0,"menu_order":0,"comment_status":"closed","ping_status":"closed","template":"","meta":{"footnotes":""},"class_list":["post-177","page","type-page","status-publish","hentry"],"yoast_head":"<!-- This site is optimized with the Yoast SEO plugin v27.4 - https:\/\/yoast.com\/product\/yoast-seo-wordpress\/ -->\n<title>La sant\u00e9 mentale - Gaume Diphile - Psychologue clinicienne \/ Praticienne EMDR (Calvados, Caen)<\/title>\n<meta name=\"robots\" content=\"index, follow, max-snippet:-1, max-image-preview:large, max-video-preview:-1\" \/>\n<link rel=\"canonical\" href=\"https:\/\/dg-psychologue.com\/index.php\/psychologue\/\" \/>\n<meta property=\"og:locale\" content=\"fr_FR\" \/>\n<meta property=\"og:type\" content=\"article\" \/>\n<meta property=\"og:title\" content=\"La sant\u00e9 mentale - Gaume Diphile - Psychologue clinicienne \/ Praticienne EMDR (Calvados, Caen)\" \/>\n<meta property=\"og:description\" content=\"En France,\u00a0seuls deux titres garantissent une formation solide et prot\u00e9g\u00e9e : le psychologue et le psychiatre. Chacun est libre par la suite d\u2019enrichir ses comp\u00e9tences &hellip;\" \/>\n<meta property=\"og:url\" content=\"https:\/\/dg-psychologue.com\/index.php\/psychologue\/\" \/>\n<meta property=\"og:site_name\" content=\"Gaume Diphile - Psychologue clinicienne \/ Praticienne EMDR (Calvados, Caen)\" \/>\n<meta property=\"article:publisher\" content=\"https:\/\/www.facebook.com\/Diphile-Gaume-Psychologue-Clinicienne-Praticienne-EMDR-101634289317271\/?ref=pages_you_manage\" \/>\n<meta property=\"article:modified_time\" content=\"2022-09-21T17:01:22+00:00\" \/>\n<meta property=\"og:image\" content=\"http:\/\/dgpsycf.cluster030.hosting.ovh.net\/wp-content\/uploads\/2022\/08\/Caption-this-1-February-2020.jpg\" \/>\n<meta name=\"twitter:card\" content=\"summary_large_image\" \/>\n<meta name=\"twitter:label1\" content=\"Dur\u00e9e de lecture estim\u00e9e\" \/>\n\t<meta name=\"twitter:data1\" content=\"4 minutes\" \/>\n<script type=\"application\/ld+json\" class=\"yoast-schema-graph\">{\"@context\":\"https:\\\/\\\/schema.org\",\"@graph\":[{\"@type\":\"WebPage\",\"@id\":\"https:\\\/\\\/dg-psychologue.com\\\/index.php\\\/psychologue\\\/\",\"url\":\"https:\\\/\\\/dg-psychologue.com\\\/index.php\\\/psychologue\\\/\",\"name\":\"La sant\u00e9 mentale - Gaume Diphile - Psychologue clinicienne \\\/ Praticienne EMDR (Calvados, Caen)\",\"isPartOf\":{\"@id\":\"https:\\\/\\\/dg-psychologue.com\\\/#website\"},\"primaryImageOfPage\":{\"@id\":\"https:\\\/\\\/dg-psychologue.com\\\/index.php\\\/psychologue\\\/#primaryimage\"},\"image\":{\"@id\":\"https:\\\/\\\/dg-psychologue.com\\\/index.php\\\/psychologue\\\/#primaryimage\"},\"thumbnailUrl\":\"http:\\\/\\\/dgpsycf.cluster030.hosting.ovh.net\\\/wp-content\\\/uploads\\\/2022\\\/08\\\/Caption-this-1-February-2020.jpg\",\"datePublished\":\"2022-08-09T12:16:08+00:00\",\"dateModified\":\"2022-09-21T17:01:22+00:00\",\"breadcrumb\":{\"@id\":\"https:\\\/\\\/dg-psychologue.com\\\/index.php\\\/psychologue\\\/#breadcrumb\"},\"inLanguage\":\"fr-FR\",\"potentialAction\":[{\"@type\":\"ReadAction\",\"target\":[\"https:\\\/\\\/dg-psychologue.com\\\/index.php\\\/psychologue\\\/\"]}]},{\"@type\":\"ImageObject\",\"inLanguage\":\"fr-FR\",\"@id\":\"https:\\\/\\\/dg-psychologue.com\\\/index.php\\\/psychologue\\\/#primaryimage\",\"url\":\"http:\\\/\\\/dgpsycf.cluster030.hosting.ovh.net\\\/wp-content\\\/uploads\\\/2022\\\/08\\\/Caption-this-1-February-2020.jpg\",\"contentUrl\":\"http:\\\/\\\/dgpsycf.cluster030.hosting.ovh.net\\\/wp-content\\\/uploads\\\/2022\\\/08\\\/Caption-this-1-February-2020.jpg\"},{\"@type\":\"BreadcrumbList\",\"@id\":\"https:\\\/\\\/dg-psychologue.com\\\/index.php\\\/psychologue\\\/#breadcrumb\",\"itemListElement\":[{\"@type\":\"ListItem\",\"position\":1,\"name\":\"Accueil\",\"item\":\"https:\\\/\\\/dg-psychologue.com\\\/\"},{\"@type\":\"ListItem\",\"position\":2,\"name\":\"La sant\u00e9 mentale\"}]},{\"@type\":\"WebSite\",\"@id\":\"https:\\\/\\\/dg-psychologue.com\\\/#website\",\"url\":\"https:\\\/\\\/dg-psychologue.com\\\/\",\"name\":\"Gaume Diphile - Psychologue clinicienne \\\/ Praticienne EMDR (Calvados, Caen)\",\"description\":\"Psychologue clinicienne, sp\u00e9cialis\u00e9e en Psycho-Criminologie et Victimologie. Je suis install\u00e9e en lib\u00e9ral sur Caen \u00e0 partir de Janvier 2023. Je re\u00e7ois les enfants, les adolescents et les adultes en consultation en cabinet, en visioconf\u00e9rence.\",\"publisher\":{\"@id\":\"https:\\\/\\\/dg-psychologue.com\\\/#organization\"},\"potentialAction\":[{\"@type\":\"SearchAction\",\"target\":{\"@type\":\"EntryPoint\",\"urlTemplate\":\"https:\\\/\\\/dg-psychologue.com\\\/?s={search_term_string}\"},\"query-input\":{\"@type\":\"PropertyValueSpecification\",\"valueRequired\":true,\"valueName\":\"search_term_string\"}}],\"inLanguage\":\"fr-FR\"},{\"@type\":\"Organization\",\"@id\":\"https:\\\/\\\/dg-psychologue.com\\\/#organization\",\"name\":\"Gaume Diphile - Psychologue clinicienne \\\/ Praticienne EMDR (Calvados, Caen)\",\"url\":\"https:\\\/\\\/dg-psychologue.com\\\/\",\"logo\":{\"@type\":\"ImageObject\",\"inLanguage\":\"fr-FR\",\"@id\":\"https:\\\/\\\/dg-psychologue.com\\\/#\\\/schema\\\/logo\\\/image\\\/\",\"url\":\"https:\\\/\\\/dg-psychologue.com\\\/wp-content\\\/uploads\\\/2022\\\/08\\\/\u041f\u0438\u043d-\u043e\u0442-\u043f\u043e\u043b\u044c\u0437\u043e\u0432\u0430\u0442\u0435\u043b\u044f-maddie-rae-\u043d\u0430-\u0434\u043e\u0441\u043a\u0435-tatsss-\u041c\u0438\u043b\u044b\u0435-\u0442\u0430\u0442\u0443\u0438\u0440\u043e\u0432\u043a\u0438-\u041c\u0430\u043b\u0435\u043d\u044c\u043a\u0438\u0435-\u0442\u0430\u0442\u0443\u0438\u0440\u043e\u0432\u043a\u0438-\u041b\u0438\u043d\u0435\u0439\u043d\u044b\u0435-\u0447\u0435\u0440\u0442\u0435\u0436\u0438.jpg\",\"contentUrl\":\"https:\\\/\\\/dg-psychologue.com\\\/wp-content\\\/uploads\\\/2022\\\/08\\\/\u041f\u0438\u043d-\u043e\u0442-\u043f\u043e\u043b\u044c\u0437\u043e\u0432\u0430\u0442\u0435\u043b\u044f-maddie-rae-\u043d\u0430-\u0434\u043e\u0441\u043a\u0435-tatsss-\u041c\u0438\u043b\u044b\u0435-\u0442\u0430\u0442\u0443\u0438\u0440\u043e\u0432\u043a\u0438-\u041c\u0430\u043b\u0435\u043d\u044c\u043a\u0438\u0435-\u0442\u0430\u0442\u0443\u0438\u0440\u043e\u0432\u043a\u0438-\u041b\u0438\u043d\u0435\u0439\u043d\u044b\u0435-\u0447\u0435\u0440\u0442\u0435\u0436\u0438.jpg\",\"width\":640,\"height\":640,\"caption\":\"Gaume Diphile - Psychologue clinicienne \\\/ Praticienne EMDR (Calvados, Caen)\"},\"image\":{\"@id\":\"https:\\\/\\\/dg-psychologue.com\\\/#\\\/schema\\\/logo\\\/image\\\/\"},\"sameAs\":[\"https:\\\/\\\/www.facebook.com\\\/Diphile-Gaume-Psychologue-Clinicienne-Praticienne-EMDR-101634289317271\\\/?ref=pages_you_manage\",\"https:\\\/\\\/www.linkedin.com\\\/in\\\/diphile-gaume-2a07a8a1\\\/\"]}]}<\/script>\n<!-- \/ Yoast SEO plugin. -->","yoast_head_json":{"title":"La sant\u00e9 mentale - Gaume Diphile - Psychologue clinicienne \/ Praticienne EMDR (Calvados, Caen)","robots":{"index":"index","follow":"follow","max-snippet":"max-snippet:-1","max-image-preview":"max-image-preview:large","max-video-preview":"max-video-preview:-1"},"canonical":"https:\/\/dg-psychologue.com\/index.php\/psychologue\/","og_locale":"fr_FR","og_type":"article","og_title":"La sant\u00e9 mentale - Gaume Diphile - Psychologue clinicienne \/ Praticienne EMDR (Calvados, Caen)","og_description":"En France,\u00a0seuls deux titres garantissent une formation solide et prot\u00e9g\u00e9e : le psychologue et le psychiatre. Chacun est libre par la suite d\u2019enrichir ses comp\u00e9tences &hellip;","og_url":"https:\/\/dg-psychologue.com\/index.php\/psychologue\/","og_site_name":"Gaume Diphile - Psychologue clinicienne \/ Praticienne EMDR (Calvados, Caen)","article_publisher":"https:\/\/www.facebook.com\/Diphile-Gaume-Psychologue-Clinicienne-Praticienne-EMDR-101634289317271\/?ref=pages_you_manage","article_modified_time":"2022-09-21T17:01:22+00:00","og_image":[{"url":"http:\/\/dgpsycf.cluster030.hosting.ovh.net\/wp-content\/uploads\/2022\/08\/Caption-this-1-February-2020.jpg","type":"","width":"","height":""}],"twitter_card":"summary_large_image","twitter_misc":{"Dur\u00e9e de lecture estim\u00e9e":"4 minutes"},"schema":{"@context":"https:\/\/schema.org","@graph":[{"@type":"WebPage","@id":"https:\/\/dg-psychologue.com\/index.php\/psychologue\/","url":"https:\/\/dg-psychologue.com\/index.php\/psychologue\/","name":"La sant\u00e9 mentale - Gaume Diphile - Psychologue clinicienne \/ Praticienne EMDR (Calvados, Caen)","isPartOf":{"@id":"https:\/\/dg-psychologue.com\/#website"},"primaryImageOfPage":{"@id":"https:\/\/dg-psychologue.com\/index.php\/psychologue\/#primaryimage"},"image":{"@id":"https:\/\/dg-psychologue.com\/index.php\/psychologue\/#primaryimage"},"thumbnailUrl":"http:\/\/dgpsycf.cluster030.hosting.ovh.net\/wp-content\/uploads\/2022\/08\/Caption-this-1-February-2020.jpg","datePublished":"2022-08-09T12:16:08+00:00","dateModified":"2022-09-21T17:01:22+00:00","breadcrumb":{"@id":"https:\/\/dg-psychologue.com\/index.php\/psychologue\/#breadcrumb"},"inLanguage":"fr-FR","potentialAction":[{"@type":"ReadAction","target":["https:\/\/dg-psychologue.com\/index.php\/psychologue\/"]}]},{"@type":"ImageObject","inLanguage":"fr-FR","@id":"https:\/\/dg-psychologue.com\/index.php\/psychologue\/#primaryimage","url":"http:\/\/dgpsycf.cluster030.hosting.ovh.net\/wp-content\/uploads\/2022\/08\/Caption-this-1-February-2020.jpg","contentUrl":"http:\/\/dgpsycf.cluster030.hosting.ovh.net\/wp-content\/uploads\/2022\/08\/Caption-this-1-February-2020.jpg"},{"@type":"BreadcrumbList","@id":"https:\/\/dg-psychologue.com\/index.php\/psychologue\/#breadcrumb","itemListElement":[{"@type":"ListItem","position":1,"name":"Accueil","item":"https:\/\/dg-psychologue.com\/"},{"@type":"ListItem","position":2,"name":"La sant\u00e9 mentale"}]},{"@type":"WebSite","@id":"https:\/\/dg-psychologue.com\/#website","url":"https:\/\/dg-psychologue.com\/","name":"Gaume Diphile - Psychologue clinicienne \/ Praticienne EMDR (Calvados, Caen)","description":"Psychologue clinicienne, sp\u00e9cialis\u00e9e en Psycho-Criminologie et Victimologie. Je suis install\u00e9e en lib\u00e9ral sur Caen \u00e0 partir de Janvier 2023. Je re\u00e7ois les enfants, les adolescents et les adultes en consultation en cabinet, en visioconf\u00e9rence.","publisher":{"@id":"https:\/\/dg-psychologue.com\/#organization"},"potentialAction":[{"@type":"SearchAction","target":{"@type":"EntryPoint","urlTemplate":"https:\/\/dg-psychologue.com\/?s={search_term_string}"},"query-input":{"@type":"PropertyValueSpecification","valueRequired":true,"valueName":"search_term_string"}}],"inLanguage":"fr-FR"},{"@type":"Organization","@id":"https:\/\/dg-psychologue.com\/#organization","name":"Gaume Diphile - Psychologue clinicienne \/ Praticienne EMDR (Calvados, Caen)","url":"https:\/\/dg-psychologue.com\/","logo":{"@type":"ImageObject","inLanguage":"fr-FR","@id":"https:\/\/dg-psychologue.com\/#\/schema\/logo\/image\/","url":"https:\/\/dg-psychologue.com\/wp-content\/uploads\/2022\/08\/\u041f\u0438\u043d-\u043e\u0442-\u043f\u043e\u043b\u044c\u0437\u043e\u0432\u0430\u0442\u0435\u043b\u044f-maddie-rae-\u043d\u0430-\u0434\u043e\u0441\u043a\u0435-tatsss-\u041c\u0438\u043b\u044b\u0435-\u0442\u0430\u0442\u0443\u0438\u0440\u043e\u0432\u043a\u0438-\u041c\u0430\u043b\u0435\u043d\u044c\u043a\u0438\u0435-\u0442\u0430\u0442\u0443\u0438\u0440\u043e\u0432\u043a\u0438-\u041b\u0438\u043d\u0435\u0439\u043d\u044b\u0435-\u0447\u0435\u0440\u0442\u0435\u0436\u0438.jpg","contentUrl":"https:\/\/dg-psychologue.com\/wp-content\/uploads\/2022\/08\/\u041f\u0438\u043d-\u043e\u0442-\u043f\u043e\u043b\u044c\u0437\u043e\u0432\u0430\u0442\u0435\u043b\u044f-maddie-rae-\u043d\u0430-\u0434\u043e\u0441\u043a\u0435-tatsss-\u041c\u0438\u043b\u044b\u0435-\u0442\u0430\u0442\u0443\u0438\u0440\u043e\u0432\u043a\u0438-\u041c\u0430\u043b\u0435\u043d\u044c\u043a\u0438\u0435-\u0442\u0430\u0442\u0443\u0438\u0440\u043e\u0432\u043a\u0438-\u041b\u0438\u043d\u0435\u0439\u043d\u044b\u0435-\u0447\u0435\u0440\u0442\u0435\u0436\u0438.jpg","width":640,"height":640,"caption":"Gaume Diphile - Psychologue clinicienne \/ Praticienne EMDR (Calvados, Caen)"},"image":{"@id":"https:\/\/dg-psychologue.com\/#\/schema\/logo\/image\/"},"sameAs":["https:\/\/www.facebook.com\/Diphile-Gaume-Psychologue-Clinicienne-Praticienne-EMDR-101634289317271\/?ref=pages_you_manage","https:\/\/www.linkedin.com\/in\/diphile-gaume-2a07a8a1\/"]}]}},"_links":{"self":[{"href":"https:\/\/dg-psychologue.com\/index.php\/wp-json\/wp\/v2\/pages\/177","targetHints":{"allow":["GET"]}}],"collection":[{"href":"https:\/\/dg-psychologue.com\/index.php\/wp-json\/wp\/v2\/pages"}],"about":[{"href":"https:\/\/dg-psychologue.com\/index.php\/wp-json\/wp\/v2\/types\/page"}],"author":[{"embeddable":true,"href":"https:\/\/dg-psychologue.com\/index.php\/wp-json\/wp\/v2\/users\/1"}],"replies":[{"embeddable":true,"href":"https:\/\/dg-psychologue.com\/index.php\/wp-json\/wp\/v2\/comments?post=177"}],"version-history":[{"count":19,"href":"https:\/\/dg-psychologue.com\/index.php\/wp-json\/wp\/v2\/pages\/177\/revisions"}],"predecessor-version":[{"id":538,"href":"https:\/\/dg-psychologue.com\/index.php\/wp-json\/wp\/v2\/pages\/177\/revisions\/538"}],"wp:attachment":[{"href":"https:\/\/dg-psychologue.com\/index.php\/wp-json\/wp\/v2\/media?parent=177"}],"curies":[{"name":"wp","href":"https:\/\/api.w.org\/{rel}","templated":true}]}}